{"id":1222,"date":"2020-05-13T16:56:50","date_gmt":"2020-05-13T19:56:50","guid":{"rendered":"http:\/\/camaraestrelavelha.rs.gov.br\/portal\/?page_id=1222"},"modified":"2020-05-13T16:57:51","modified_gmt":"2020-05-13T19:57:51","slug":"editais-2015","status":"publish","type":"page","link":"https:\/\/www.camaraestrelavelha.rs.gov.br\/portal\/editais-2015\/","title":{"rendered":"Editais 2015"},"content":{"rendered":"\t\t<div data-elementor-type=\"wp-page\" data-elementor-id=\"1222\" class=\"elementor elementor-1222\" data-elementor-settings=\"[]\">\n\t\t\t\t\t\t<div class=\"elementor-inner\">\n\t\t\t\t\t\t\t<div class=\"elementor-section-wrap\">\n\t\t\t\t\t\t\t<section class=\"elementor-section elementor-top-section elementor-element elementor-element-33891b2 elementor-section-boxed elementor-section-height-default elementor-section-height-default\" data-id=\"33891b2\" data-element_type=\"section\">\n\t\t\t\t\t\t<div class=\"elementor-container elementor-column-gap-default\">\n\t\t\t\t\t\t\t<div class=\"elementor-row\">\n\t\t\t\t\t<div class=\"elementor-column elementor-col-100 elementor-top-column elementor-element elementor-element-b6d28f2\" data-id=\"b6d28f2\" data-element_type=\"column\">\n\t\t\t<div class=\"elementor-column-wrap elementor-element-populated\">\n\t\t\t\t\t\t\t<div class=\"elementor-widget-wrap\">\n\t\t\t\t\t\t<div class=\"elementor-element elementor-element-d9ae5f8 elementor-widget elementor-widget-shortcode\" data-id=\"d9ae5f8\" data-element_type=\"widget\" data-widget_type=\"shortcode.default\">\n\t\t\t\t<div class=\"elementor-widget-container\">\n\t\t\t\t\t<div class=\"elementor-shortcode\"><div class=\"sdm_download_item \"><div class=\"sdm_download_item_top\"><div class=\"sdm_download_thumbnail\"><\/div><div class=\"sdm_download_title\">Edital 02\/2015 Convoca\u00e7\u00e3o Candidato<\/div><\/div><div style=\"clear:both;\"><\/div><div class=\"sdm_download_description\"><p>EDITAL N\u00ba 002\/2015 CONVOCA\u00c7\u00c3O DE CANDIDATO PROCESSO SELETIVO SIMPLIFICADO N\u00ba 001\/2015<\/p>\n<\/div><div class=\"sdm_download_link\"><span class=\"sdm_download_button\"><a href=\"https:\/\/www.camaraestrelavelha.rs.gov.br\/portal\/?smd_process_download=1&download_id=1275\" class=\"sdm_download grey\" title=\"Edital 02\/2015 Convoca\u00e7\u00e3o Candidato\" target=\"_self\">Baixar agora!<\/a><\/span><span class=\"sdm_download_item_count\"><span class=\"sdm_item_count_number\">341<\/span><span class=\"sdm_item_count_string\"> Downloads<\/span><\/span><\/div><\/div><div class=\"sdm_download_item \"><div class=\"sdm_download_item_top\"><div class=\"sdm_download_thumbnail\"><\/div><div class=\"sdm_download_title\">ORDEM DE CLASSIFICA\u00c7\u00c3O FINAL PROCESSO SELETIVO.<\/div><\/div><div style=\"clear:both;\"><\/div><div class=\"sdm_download_description\"><p>CLASSIFICA\u00c7\u00c3O FINAL DO PROCESSO SELETIVO SIMPLIFICADO N\u00ba 001\/2015.<\/p>\n<\/div><div class=\"sdm_download_link\"><span class=\"sdm_download_button\"><a href=\"https:\/\/www.camaraestrelavelha.rs.gov.br\/portal\/?smd_process_download=1&download_id=1273\" class=\"sdm_download grey\" title=\"ORDEM DE CLASSIFICA\u00c7\u00c3O FINAL PROCESSO SELETIVO.\" target=\"_self\">Baixar agora!<\/a><\/span><span class=\"sdm_download_item_count\"><span class=\"sdm_item_count_number\">335<\/span><span class=\"sdm_item_count_string\"> Downloads<\/span><\/span><\/div><\/div><div class=\"sdm_download_item \"><div class=\"sdm_download_item_top\"><div class=\"sdm_download_thumbnail\"><\/div><div class=\"sdm_download_title\">ORDEM DE CLASSIFICA\u00c7\u00c3O PRELIMINAR PROCESSO SELETIVO.<\/div><\/div><div style=\"clear:both;\"><\/div><div class=\"sdm_download_description\"><p>CLASSIFICA\u00c7\u00c3O PRELIMINAR DO PROCESSO SELETIVO SIMPLIFICADO N\u00ba 001\/2015.<\/p>\n<\/div><div class=\"sdm_download_link\"><span class=\"sdm_download_button\"><a href=\"https:\/\/www.camaraestrelavelha.rs.gov.br\/portal\/?smd_process_download=1&download_id=1271\" class=\"sdm_download grey\" title=\"ORDEM DE CLASSIFICA\u00c7\u00c3O PRELIMINAR PROCESSO SELETIVO.\" target=\"_self\">Baixar agora!<\/a><\/span><span class=\"sdm_download_item_count\"><span class=\"sdm_item_count_number\">338<\/span><span class=\"sdm_item_count_string\"> Downloads<\/span><\/span><\/div><\/div><div class=\"sdm_download_item \"><div class=\"sdm_download_item_top\"><div class=\"sdm_download_thumbnail\"><\/div><div class=\"sdm_download_title\">Rela\u00e7\u00e3o Final de Inscritos<\/div><\/div><div style=\"clear:both;\"><\/div><div class=\"sdm_download_description\"><p>RELA\u00c7\u00c3O FINAL DOS INSCRITOS PROCESSO SELETIVO SIMPLIFICADO 001\/2015.<\/p>\n<\/div><div class=\"sdm_download_link\"><span class=\"sdm_download_button\"><a href=\"https:\/\/www.camaraestrelavelha.rs.gov.br\/portal\/?smd_process_download=1&download_id=1269\" class=\"sdm_download grey\" title=\"Rela\u00e7\u00e3o Final de Inscritos\" target=\"_self\">Baixar agora!<\/a><\/span><span class=\"sdm_download_item_count\"><span class=\"sdm_item_count_number\">353<\/span><span class=\"sdm_item_count_string\"> Downloads<\/span><\/span><\/div><\/div><div class=\"sdm_download_item \"><div class=\"sdm_download_item_top\"><div class=\"sdm_download_thumbnail\"><\/div><div class=\"sdm_download_title\">Rela\u00e7\u00e3o de Inscritos<\/div><\/div><div style=\"clear:both;\"><\/div><div class=\"sdm_download_description\"><p>RELA\u00c7\u00c3O DOS INSCRITOS AO PROCESSO SELETIVO SIMPLIFICADO 001\/2015<\/p>\n<\/div><div class=\"sdm_download_link\"><span class=\"sdm_download_button\"><a href=\"https:\/\/www.camaraestrelavelha.rs.gov.br\/portal\/?smd_process_download=1&download_id=1267\" class=\"sdm_download grey\" title=\"Rela\u00e7\u00e3o de Inscritos\" target=\"_self\">Baixar agora!<\/a><\/span><span class=\"sdm_download_item_count\"><span class=\"sdm_item_count_number\">371<\/span><span class=\"sdm_item_count_string\"> Downloads<\/span><\/span><\/div><\/div><div class=\"sdm_download_item \"><div class=\"sdm_download_item_top\"><div class=\"sdm_download_thumbnail\"><\/div><div class=\"sdm_download_title\">Edital 01\/2015 Processo Seletivo Simplificado<\/div><\/div><div style=\"clear:both;\"><\/div><div class=\"sdm_download_description\"><p>PROCESSO SELETIVO SIMPLIFICADO N\u00ba 001, DE 11 DE SETEMBRO DE 2015. OBJETIVO: CONTRATA\u00c7\u00c3O DE PESSOAL POR PRAZO DETERMINADO &#8211; AUXILIAR DE SERVI\u00c7OS GERAIS<\/p>\n<\/div><div class=\"sdm_download_link\"><span class=\"sdm_download_button\"><a href=\"https:\/\/www.camaraestrelavelha.rs.gov.br\/portal\/?smd_process_download=1&download_id=1265\" class=\"sdm_download grey\" title=\"Edital 01\/2015 Processo Seletivo Simplificado\" target=\"_self\">Baixar agora!<\/a><\/span><span class=\"sdm_download_item_count\"><span class=\"sdm_item_count_number\">354<\/span><span class=\"sdm_item_count_string\"> Downloads<\/span><\/span><\/div><\/div><div class=\"sdm_clear_float\"><\/div><div class=\"sdm_pagination\"><\/div><\/div>\n\t\t\t\t<\/div>\n\t\t\t\t<\/div>\n\t\t\t\t\t\t<\/div>\n\t\t\t\t\t<\/div>\n\t\t<\/div>\n\t\t\t\t\t\t\t\t<\/div>\n\t\t\t\t\t<\/div>\n\t\t<\/section>\n\t\t\t\t\t\t<\/div>\n\t\t\t\t\t\t<\/div>\n\t\t\t\t\t<\/div>\n\t\t","protected":false},"excerpt":{"rendered":"","protected":false},"author":2,"featured_media":0,"parent":0,"menu_order":0,"comment_status":"closed","ping_status":"closed","template":"","meta":{"episode_type":"","audio_file":"","duration":"","filesize":"","date_recorded":"","explicit":"","block":"","filesize_raw":""},"_links":{"self":[{"href":"https:\/\/www.camaraestrelavelha.rs.gov.br\/portal\/wp-json\/wp\/v2\/pages\/1222"}],"collection":[{"href":"https:\/\/www.camaraestrelavelha.rs.gov.br\/portal\/wp-json\/wp\/v2\/pages"}],"about":[{"href":"https:\/\/www.camaraestrelavelha.rs.gov.br\/portal\/wp-json\/wp\/v2\/types\/page"}],"author":[{"embeddable":true,"href":"https:\/\/www.camaraestrelavelha.rs.gov.br\/portal\/wp-json\/wp\/v2\/users\/2"}],"replies":[{"embeddable":true,"href":"https:\/\/www.camaraestrelavelha.rs.gov.br\/portal\/wp-json\/wp\/v2\/comments?post=1222"}],"version-history":[{"count":2,"href":"https:\/\/www.camaraestrelavelha.rs.gov.br\/portal\/wp-json\/wp\/v2\/pages\/1222\/revisions"}],"predecessor-version":[{"id":1224,"href":"https:\/\/www.camaraestrelavelha.rs.gov.br\/portal\/wp-json\/wp\/v2\/pages\/1222\/revisions\/1224"}],"wp:attachment":[{"href":"https:\/\/www.camaraestrelavelha.rs.gov.br\/portal\/wp-json\/wp\/v2\/media?parent=1222"}],"curies":[{"name":"wp","href":"https:\/\/api.w.org\/{rel}","templated":true}]}}