{"id":1288,"date":"2020-05-18T16:01:03","date_gmt":"2020-05-18T19:01:03","guid":{"rendered":"http:\/\/camaraestrelavelha.rs.gov.br\/portal\/?page_id=1288"},"modified":"2020-05-18T16:01:31","modified_gmt":"2020-05-18T19:01:31","slug":"editais-2017","status":"publish","type":"page","link":"https:\/\/www.camaraestrelavelha.rs.gov.br\/portal\/editais-2017\/","title":{"rendered":"Editais 2017"},"content":{"rendered":"\t\t<div data-elementor-type=\"wp-page\" data-elementor-id=\"1288\" class=\"elementor elementor-1288\" data-elementor-settings=\"[]\">\n\t\t\t\t\t\t<div class=\"elementor-inner\">\n\t\t\t\t\t\t\t<div class=\"elementor-section-wrap\">\n\t\t\t\t\t\t\t<section class=\"elementor-section elementor-top-section elementor-element elementor-element-37713aa elementor-section-boxed elementor-section-height-default elementor-section-height-default\" data-id=\"37713aa\" data-element_type=\"section\">\n\t\t\t\t\t\t<div class=\"elementor-container elementor-column-gap-default\">\n\t\t\t\t\t\t\t<div class=\"elementor-row\">\n\t\t\t\t\t<div class=\"elementor-column elementor-col-100 elementor-top-column elementor-element elementor-element-f7e3a94\" data-id=\"f7e3a94\" data-element_type=\"column\">\n\t\t\t<div class=\"elementor-column-wrap elementor-element-populated\">\n\t\t\t\t\t\t\t<div class=\"elementor-widget-wrap\">\n\t\t\t\t\t\t<div class=\"elementor-element elementor-element-6fe1402 elementor-widget elementor-widget-shortcode\" data-id=\"6fe1402\" data-element_type=\"widget\" data-widget_type=\"shortcode.default\">\n\t\t\t\t<div class=\"elementor-widget-container\">\n\t\t\t\t\t<div class=\"elementor-shortcode\"><div class=\"sdm_download_item \"><div class=\"sdm_download_item_top\"><div class=\"sdm_download_thumbnail\"><\/div><div class=\"sdm_download_title\">EXTRATO DE DISPENSA DE LICITA\u00c7\u00c3O N\u00ba 03\/2017 &#8211; Contrata\u00e7\u00e3o de Empresa prestadora de Servi\u00e7os de comunica\u00e7\u00e3o multim\u00eddia com fornecimento de internet banda larga via fibra \u00f3ptica com velocidade de 5 mega.<\/div><\/div><div style=\"clear:both;\"><\/div><div class=\"sdm_download_description\"><\/div><div class=\"sdm_download_link\"><span class=\"sdm_download_button\"><a href=\"https:\/\/www.camaraestrelavelha.rs.gov.br\/portal\/?smd_process_download=1&download_id=1306\" class=\"sdm_download grey\" title=\"EXTRATO DE DISPENSA DE LICITA\u00c7\u00c3O N\u00ba 03\/2017 &#8211; Contrata\u00e7\u00e3o de Empresa prestadora de Servi\u00e7os de comunica\u00e7\u00e3o multim\u00eddia com fornecimento de internet banda larga via fibra \u00f3ptica com velocidade de 5 mega.\" target=\"_self\">Baixar agora!<\/a><\/span><span class=\"sdm_download_item_count\"><span class=\"sdm_item_count_number\">332<\/span><span class=\"sdm_item_count_string\"> Downloads<\/span><\/span><\/div><\/div><div class=\"sdm_download_item \"><div class=\"sdm_download_item_top\"><div class=\"sdm_download_thumbnail\"><\/div><div class=\"sdm_download_title\">Extrato &#8211;  Edital de Preg\u00e3o Presencial para contrata\u00e7\u00e3o de empresa para aquisi\u00e7\u00e3o de um ve\u00edculo novo para a C\u00e2mara Municipal de Vereadores de Estrela Velha \u2013 RS.<\/div><\/div><div style=\"clear:both;\"><\/div><div class=\"sdm_download_description\"><p>EXTRATO<\/p>\n<\/div><div class=\"sdm_download_link\"><span class=\"sdm_download_button\"><a href=\"https:\/\/www.camaraestrelavelha.rs.gov.br\/portal\/?smd_process_download=1&download_id=1304\" class=\"sdm_download grey\" title=\"Extrato &#8211;  Edital de Preg\u00e3o Presencial para contrata\u00e7\u00e3o de empresa para aquisi\u00e7\u00e3o de um ve\u00edculo novo para a C\u00e2mara Municipal de Vereadores de Estrela Velha \u2013 RS.\" target=\"_self\">Baixar agora!<\/a><\/span><span class=\"sdm_download_item_count\"><span class=\"sdm_item_count_number\">342<\/span><span class=\"sdm_item_count_string\"> Downloads<\/span><\/span><\/div><\/div><div class=\"sdm_download_item \"><div class=\"sdm_download_item_top\"><div class=\"sdm_download_thumbnail\"><\/div><div class=\"sdm_download_title\">Edital de Preg\u00e3o Presencial para contrata\u00e7\u00e3o de empresa para aquisi\u00e7\u00e3o de um ve\u00edculo novo para a C\u00e2mara Municipal de Vereadores de Estrela Velha \u2013 RS.<\/div><\/div><div style=\"clear:both;\"><\/div><div class=\"sdm_download_description\"><p>EDITAL<\/p>\n<\/div><div class=\"sdm_download_link\"><span class=\"sdm_download_button\"><a href=\"https:\/\/www.camaraestrelavelha.rs.gov.br\/portal\/?smd_process_download=1&download_id=1302\" class=\"sdm_download grey\" title=\"Edital de Preg\u00e3o Presencial para contrata\u00e7\u00e3o de empresa para aquisi\u00e7\u00e3o de um ve\u00edculo novo para a C\u00e2mara Municipal de Vereadores de Estrela Velha \u2013 RS.\" target=\"_self\">Baixar agora!<\/a><\/span><span class=\"sdm_download_item_count\"><span class=\"sdm_item_count_number\">332<\/span><span class=\"sdm_item_count_string\"> Downloads<\/span><\/span><\/div><\/div><div class=\"sdm_download_item \"><div class=\"sdm_download_item_top\"><div class=\"sdm_download_thumbnail\"><\/div><div class=\"sdm_download_title\">Extrato &#8211; EDITAL DE PREG\u00c3O PRESENCIAL N\u00ba 05\/2017 &#8211; Aquisi\u00e7\u00e3o Ve\u00edculo 0Km<\/div><\/div><div style=\"clear:both;\"><\/div><div class=\"sdm_download_description\"><p>EXTRATO<\/p>\n<\/div><div class=\"sdm_download_link\"><span class=\"sdm_download_button\"><a href=\"https:\/\/www.camaraestrelavelha.rs.gov.br\/portal\/?smd_process_download=1&download_id=1298\" class=\"sdm_download grey\" title=\"Extrato &#8211; EDITAL DE PREG\u00c3O PRESENCIAL N\u00ba 05\/2017 &#8211; Aquisi\u00e7\u00e3o Ve\u00edculo 0Km\" target=\"_self\">Baixar agora!<\/a><\/span><span class=\"sdm_download_item_count\"><span class=\"sdm_item_count_number\">359<\/span><span class=\"sdm_item_count_string\"> Downloads<\/span><\/span><\/div><\/div><div class=\"sdm_download_item \"><div class=\"sdm_download_item_top\"><div class=\"sdm_download_thumbnail\"><\/div><div class=\"sdm_download_title\">Edital &#8211; EDITAL DE PREG\u00c3O PRESENCIAL N\u00ba 05\/2017 &#8211; Aquisi\u00e7\u00e3o Ve\u00edculo 0Km<\/div><\/div><div style=\"clear:both;\"><\/div><div class=\"sdm_download_description\"><p>EDITAL<\/p>\n<\/div><div class=\"sdm_download_link\"><span class=\"sdm_download_button\"><a href=\"https:\/\/www.camaraestrelavelha.rs.gov.br\/portal\/?smd_process_download=1&download_id=1295\" class=\"sdm_download grey\" title=\"Edital &#8211; EDITAL DE PREG\u00c3O PRESENCIAL N\u00ba 05\/2017 &#8211; Aquisi\u00e7\u00e3o Ve\u00edculo 0Km\" target=\"_self\">Baixar agora!<\/a><\/span><span class=\"sdm_download_item_count\"><span class=\"sdm_item_count_number\">397<\/span><span class=\"sdm_item_count_string\"> Downloads<\/span><\/span><\/div><\/div><div class=\"sdm_download_item \"><div class=\"sdm_download_item_top\"><div class=\"sdm_download_thumbnail\"><\/div><div class=\"sdm_download_title\">EDITAL DE PREG\u00c3O PRESENCIAL N\u00ba 05\/2017 &#8211; Aquisi\u00e7\u00e3o Ve\u00edculo 0Km<\/div><\/div><div style=\"clear:both;\"><\/div><div class=\"sdm_download_description\"><p>RESULTADO<\/p>\n<\/div><div class=\"sdm_download_link\"><span class=\"sdm_download_button\"><a href=\"https:\/\/www.camaraestrelavelha.rs.gov.br\/portal\/?smd_process_download=1&download_id=1293\" class=\"sdm_download grey\" title=\"EDITAL DE PREG\u00c3O PRESENCIAL N\u00ba 05\/2017 &#8211; Aquisi\u00e7\u00e3o Ve\u00edculo 0Km\" target=\"_self\">Baixar agora!<\/a><\/span><span class=\"sdm_download_item_count\"><span class=\"sdm_item_count_number\">373<\/span><span class=\"sdm_item_count_string\"> Downloads<\/span><\/span><\/div><\/div><div class=\"sdm_clear_float\"><\/div><div class=\"sdm_pagination\"><\/div><\/div>\n\t\t\t\t<\/div>\n\t\t\t\t<\/div>\n\t\t\t\t\t\t<\/div>\n\t\t\t\t\t<\/div>\n\t\t<\/div>\n\t\t\t\t\t\t\t\t<\/div>\n\t\t\t\t\t<\/div>\n\t\t<\/section>\n\t\t\t\t\t\t<\/div>\n\t\t\t\t\t\t<\/div>\n\t\t\t\t\t<\/div>\n\t\t","protected":false},"excerpt":{"rendered":"","protected":false},"author":2,"featured_media":0,"parent":0,"menu_order":0,"comment_status":"closed","ping_status":"closed","template":"","meta":{"episode_type":"","audio_file":"","duration":"","filesize":"","date_recorded":"","explicit":"","block":"","filesize_raw":""},"_links":{"self":[{"href":"https:\/\/www.camaraestrelavelha.rs.gov.br\/portal\/wp-json\/wp\/v2\/pages\/1288"}],"collection":[{"href":"https:\/\/www.camaraestrelavelha.rs.gov.br\/portal\/wp-json\/wp\/v2\/pages"}],"about":[{"href":"https:\/\/www.camaraestrelavelha.rs.gov.br\/portal\/wp-json\/wp\/v2\/types\/page"}],"author":[{"embeddable":true,"href":"https:\/\/www.camaraestrelavelha.rs.gov.br\/portal\/wp-json\/wp\/v2\/users\/2"}],"replies":[{"embeddable":true,"href":"https:\/\/www.camaraestrelavelha.rs.gov.br\/portal\/wp-json\/wp\/v2\/comments?post=1288"}],"version-history":[{"count":2,"href":"https:\/\/www.camaraestrelavelha.rs.gov.br\/portal\/wp-json\/wp\/v2\/pages\/1288\/revisions"}],"predecessor-version":[{"id":1291,"href":"https:\/\/www.camaraestrelavelha.rs.gov.br\/portal\/wp-json\/wp\/v2\/pages\/1288\/revisions\/1291"}],"wp:attachment":[{"href":"https:\/\/www.camaraestrelavelha.rs.gov.br\/portal\/wp-json\/wp\/v2\/media?parent=1288"}],"curies":[{"name":"wp","href":"https:\/\/api.w.org\/{rel}","templated":true}]}}