{"id":1308,"date":"2020-05-18T16:14:29","date_gmt":"2020-05-18T19:14:29","guid":{"rendered":"http:\/\/camaraestrelavelha.rs.gov.br\/portal\/?page_id=1308"},"modified":"2020-05-18T16:14:59","modified_gmt":"2020-05-18T19:14:59","slug":"editais-2018","status":"publish","type":"page","link":"https:\/\/www.camaraestrelavelha.rs.gov.br\/portal\/editais-2018\/","title":{"rendered":"Editais 2018"},"content":{"rendered":"\t\t<div data-elementor-type=\"wp-page\" data-elementor-id=\"1308\" class=\"elementor elementor-1308\" data-elementor-settings=\"[]\">\n\t\t\t\t\t\t<div class=\"elementor-inner\">\n\t\t\t\t\t\t\t<div class=\"elementor-section-wrap\">\n\t\t\t\t\t\t\t<section class=\"elementor-section elementor-top-section elementor-element elementor-element-035dd07 elementor-section-boxed elementor-section-height-default elementor-section-height-default\" data-id=\"035dd07\" data-element_type=\"section\">\n\t\t\t\t\t\t<div class=\"elementor-container elementor-column-gap-default\">\n\t\t\t\t\t\t\t<div class=\"elementor-row\">\n\t\t\t\t\t<div class=\"elementor-column elementor-col-100 elementor-top-column elementor-element elementor-element-0dd73ad\" data-id=\"0dd73ad\" data-element_type=\"column\">\n\t\t\t<div class=\"elementor-column-wrap elementor-element-populated\">\n\t\t\t\t\t\t\t<div class=\"elementor-widget-wrap\">\n\t\t\t\t\t\t<div class=\"elementor-element elementor-element-d81756f elementor-widget elementor-widget-shortcode\" data-id=\"d81756f\" data-element_type=\"widget\" data-widget_type=\"shortcode.default\">\n\t\t\t\t<div class=\"elementor-widget-container\">\n\t\t\t\t\t<div class=\"elementor-shortcode\"><div class=\"sdm_download_item \"><div class=\"sdm_download_item_top\"><div class=\"sdm_download_thumbnail\"><\/div><div class=\"sdm_download_title\">Extrato &#8211; Edital de Carta Convite para a contrata\u00e7\u00e3o de empresa para amplia\u00e7\u00e3o da garagem, com pintura externa, cercamento frontal, constru\u00e7\u00e3o de passeio p\u00fablico e adequa\u00e7\u00e3o de banheiro PNE da C\u00e2mara Municipal de Vereadores, no Munic\u00edpio de Estrela Velha &#8211; RS.<\/div><\/div><div style=\"clear:both;\"><\/div><div class=\"sdm_download_description\"><\/div><div class=\"sdm_download_link\"><span class=\"sdm_download_button\"><a href=\"https:\/\/www.camaraestrelavelha.rs.gov.br\/portal\/?smd_process_download=1&download_id=1316\" class=\"sdm_download grey\" title=\"Extrato &#8211; Edital de Carta Convite para a contrata\u00e7\u00e3o de empresa para amplia\u00e7\u00e3o da garagem, com pintura externa, cercamento frontal, constru\u00e7\u00e3o de passeio p\u00fablico e adequa\u00e7\u00e3o de banheiro PNE da C\u00e2mara Municipal de Vereadores, no Munic\u00edpio de Estrela Velha &#8211; RS.\" target=\"_self\">Baixar agora!<\/a><\/span><span class=\"sdm_download_item_count\"><span class=\"sdm_item_count_number\">335<\/span><span class=\"sdm_item_count_string\"> Downloads<\/span><\/span><\/div><\/div><div class=\"sdm_download_item \"><div class=\"sdm_download_item_top\"><div class=\"sdm_download_thumbnail\"><\/div><div class=\"sdm_download_title\">Edital de Carta Convite para a contrata\u00e7\u00e3o de empresa para amplia\u00e7\u00e3o da garagem, com pintura externa, cercamento frontal, constru\u00e7\u00e3o de passeio p\u00fablico e adequa\u00e7\u00e3o de banheiro PNE da C\u00e2mara Municipal de Vereadores, no Munic\u00edpio de Estrela Velha &#8211; RS.<\/div><\/div><div style=\"clear:both;\"><\/div><div class=\"sdm_download_description\"><\/div><div class=\"sdm_download_link\"><span class=\"sdm_download_button\"><a href=\"https:\/\/www.camaraestrelavelha.rs.gov.br\/portal\/?smd_process_download=1&download_id=1314\" class=\"sdm_download grey\" title=\"Edital de Carta Convite para a contrata\u00e7\u00e3o de empresa para amplia\u00e7\u00e3o da garagem, com pintura externa, cercamento frontal, constru\u00e7\u00e3o de passeio p\u00fablico e adequa\u00e7\u00e3o de banheiro PNE da C\u00e2mara Municipal de Vereadores, no Munic\u00edpio de Estrela Velha &#8211; RS.\" target=\"_self\">Baixar agora!<\/a><\/span><span class=\"sdm_download_item_count\"><span class=\"sdm_item_count_number\">328<\/span><span class=\"sdm_item_count_string\"> Downloads<\/span><\/span><\/div><\/div><div class=\"sdm_download_item \"><div class=\"sdm_download_item_top\"><div class=\"sdm_download_thumbnail\"><\/div><div class=\"sdm_download_title\">Resultado &#8211; Edital de Carta Convite para a contrata\u00e7\u00e3o de empresa para amplia\u00e7\u00e3o da garagem, com pintura externa, cercamento frontal, constru\u00e7\u00e3o de passeio p\u00fablico e adequa\u00e7\u00e3o de banheiro PNE da C\u00e2mara Municipal de Vereadores, no Munic\u00edpio de Estrela Velha &#8211; RS.<\/div><\/div><div style=\"clear:both;\"><\/div><div class=\"sdm_download_description\"><\/div><div class=\"sdm_download_link\"><span class=\"sdm_download_button\"><a href=\"https:\/\/www.camaraestrelavelha.rs.gov.br\/portal\/?smd_process_download=1&download_id=1312\" class=\"sdm_download grey\" title=\"Resultado &#8211; Edital de Carta Convite para a contrata\u00e7\u00e3o de empresa para amplia\u00e7\u00e3o da garagem, com pintura externa, cercamento frontal, constru\u00e7\u00e3o de passeio p\u00fablico e adequa\u00e7\u00e3o de banheiro PNE da C\u00e2mara Municipal de Vereadores, no Munic\u00edpio de Estrela Velha &#8211; RS.\" target=\"_self\">Baixar agora!<\/a><\/span><span class=\"sdm_download_item_count\"><span class=\"sdm_item_count_number\">336<\/span><span class=\"sdm_item_count_string\"> Downloads<\/span><\/span><\/div><\/div><div class=\"sdm_clear_float\"><\/div><div class=\"sdm_pagination\"><\/div><\/div>\n\t\t\t\t<\/div>\n\t\t\t\t<\/div>\n\t\t\t\t\t\t<\/div>\n\t\t\t\t\t<\/div>\n\t\t<\/div>\n\t\t\t\t\t\t\t\t<\/div>\n\t\t\t\t\t<\/div>\n\t\t<\/section>\n\t\t\t\t\t\t<\/div>\n\t\t\t\t\t\t<\/div>\n\t\t\t\t\t<\/div>\n\t\t","protected":false},"excerpt":{"rendered":"","protected":false},"author":2,"featured_media":0,"parent":0,"menu_order":0,"comment_status":"closed","ping_status":"closed","template":"","meta":{"episode_type":"","audio_file":"","duration":"","filesize":"","date_recorded":"","explicit":"","block":"","filesize_raw":""},"_links":{"self":[{"href":"https:\/\/www.camaraestrelavelha.rs.gov.br\/portal\/wp-json\/wp\/v2\/pages\/1308"}],"collection":[{"href":"https:\/\/www.camaraestrelavelha.rs.gov.br\/portal\/wp-json\/wp\/v2\/pages"}],"about":[{"href":"https:\/\/www.camaraestrelavelha.rs.gov.br\/portal\/wp-json\/wp\/v2\/types\/page"}],"author":[{"embeddable":true,"href":"https:\/\/www.camaraestrelavelha.rs.gov.br\/portal\/wp-json\/wp\/v2\/users\/2"}],"replies":[{"embeddable":true,"href":"https:\/\/www.camaraestrelavelha.rs.gov.br\/portal\/wp-json\/wp\/v2\/comments?post=1308"}],"version-history":[{"count":2,"href":"https:\/\/www.camaraestrelavelha.rs.gov.br\/portal\/wp-json\/wp\/v2\/pages\/1308\/revisions"}],"predecessor-version":[{"id":1310,"href":"https:\/\/www.camaraestrelavelha.rs.gov.br\/portal\/wp-json\/wp\/v2\/pages\/1308\/revisions\/1310"}],"wp:attachment":[{"href":"https:\/\/www.camaraestrelavelha.rs.gov.br\/portal\/wp-json\/wp\/v2\/media?parent=1308"}],"curies":[{"name":"wp","href":"https:\/\/api.w.org\/{rel}","templated":true}]}}