{"id":1952,"date":"2020-06-30T16:45:35","date_gmt":"2020-06-30T19:45:35","guid":{"rendered":"http:\/\/camaraestrelavelha.rs.gov.br\/portal\/?page_id=1952"},"modified":"2020-06-30T16:54:30","modified_gmt":"2020-06-30T19:54:30","slug":"joao-victor-dalcin-steffanello","status":"publish","type":"page","link":"https:\/\/www.camaraestrelavelha.rs.gov.br\/portal\/joao-victor-dalcin-steffanello\/","title":{"rendered":"Jo\u00e3o Victor Dalcin Steffanello"},"content":{"rendered":"\t\t<div data-elementor-type=\"wp-page\" data-elementor-id=\"1952\" class=\"elementor elementor-1952\" data-elementor-settings=\"[]\">\n\t\t\t\t\t\t<div class=\"elementor-inner\">\n\t\t\t\t\t\t\t<div class=\"elementor-section-wrap\">\n\t\t\t\t\t\t\t<section class=\"elementor-section elementor-top-section elementor-element elementor-element-0d8b4de elementor-section-boxed elementor-section-height-default elementor-section-height-default\" data-id=\"0d8b4de\" data-element_type=\"section\">\n\t\t\t\t\t\t<div class=\"elementor-container elementor-column-gap-default\">\n\t\t\t\t\t\t\t<div class=\"elementor-row\">\n\t\t\t\t\t<div class=\"elementor-column elementor-col-100 elementor-top-column elementor-element elementor-element-a2c1791\" data-id=\"a2c1791\" data-element_type=\"column\">\n\t\t\t<div class=\"elementor-column-wrap elementor-element-populated\">\n\t\t\t\t\t\t\t<div class=\"elementor-widget-wrap\">\n\t\t\t\t\t\t<div class=\"elementor-element elementor-element-8b2451d elementor-widget elementor-widget-text-editor\" data-id=\"8b2451d\" data-element_type=\"widget\" data-widget_type=\"text-editor.default\">\n\t\t\t\t<div class=\"elementor-widget-container\">\n\t\t\t\t\t<div class=\"elementor-text-editor elementor-clearfix\"><h1>\u00a0Jo\u00e3o V\u00edctor Dalcin Steffanello<\/h1><p>\u00a0<\/p><h1><img loading=\"lazy\" class=\"alignnone size-medium wp-image-1954\" src=\"http:\/\/camaraestrelavelha.rs.gov.br\/portal\/wp-content\/uploads\/2020\/06\/Joao-200x300.jpg\" alt=\"\" width=\"200\" height=\"300\" srcset=\"https:\/\/www.camaraestrelavelha.rs.gov.br\/portal\/wp-content\/uploads\/2020\/06\/Joao-200x300.jpg 200w, https:\/\/www.camaraestrelavelha.rs.gov.br\/portal\/wp-content\/uploads\/2020\/06\/Joao.jpg 480w\" sizes=\"(max-width: 200px) 100vw, 200px\" \/><\/h1><p>PARTIDO: MDB<\/p><p>EMAIL:\u00a0<a href=\"mailto:joaodalcin97@gmail.com\">joaodalcin97@gmail.com<\/a><br \/>TELEFONE: <span style=\"color: #545454; font-family: Arial, sans-serif; font-size: 21.3333px;\">(51) 3616-7311<\/span><\/p><p style=\"text-align: justify;\"><span style=\"font-size: 12.0pt; line-height: 115%; font-family: 'Arial','sans-serif';\">DESCRI\u00c7\u00c3O:<\/span><\/p><p style=\"text-align: justify;\"><span style=\"font-size: 12.0pt; line-height: 115%; font-family: 'Arial','sans-serif';\"><span style=\"font-family: Arial, sans-serif; font-size: 12pt; text-align: justify;\">Brasileiro, nasceu em 23\/06\/1997 no munic\u00edpio de Estrela Velha. Solteiro, filho de Gilmar Steffanello e Ros\u00e2ngela Dalcin Steffanello ambos professores com carreira pol\u00edtica. Estudou o Ensino Fundamental na Escola Estadual de Ita\u00faba e o Ensino M\u00e9dio na Escola Estadual de Estrela Velha. Acad\u00eamico de Direito na institui\u00e7\u00e3o UNISC; Empres\u00e1rio e gerente administrativo da empresa Com\u00e9rcio de Combust\u00edveis de Ita\u00faba. Vereador eleito pelo PMDB totalizando 14,22% dos votos. <br \/><\/span><\/span><\/p><p style=\"text-align: justify;\"><span style=\"font-family: Arial, sans-serif; font-size: 12pt; text-align: justify;\">\u00a0<\/span><\/p><div><h1>\u00a0<\/h1><h1>ATIVIDADES DO ANO DE 2018<\/h1><\/div><div>\u00a0<\/div><h2>Emendas<\/h2><\/div>\n\t\t\t\t<\/div>\n\t\t\t\t<\/div>\n\t\t\t\t<div class=\"elementor-element elementor-element-ae273f0 elementor-widget elementor-widget-text-editor\" data-id=\"ae273f0\" data-element_type=\"widget\" data-widget_type=\"text-editor.default\">\n\t\t\t\t<div class=\"elementor-widget-container\">\n\t\t\t\t\t<div class=\"elementor-text-editor elementor-clearfix\"><h2>Mo\u00e7\u00f5es<\/h2><\/div>\n\t\t\t\t<\/div>\n\t\t\t\t<\/div>\n\t\t\t\t<div class=\"elementor-element elementor-element-fc2b3f0 elementor-widget elementor-widget-text-editor\" data-id=\"fc2b3f0\" data-element_type=\"widget\" data-widget_type=\"text-editor.default\">\n\t\t\t\t<div class=\"elementor-widget-container\">\n\t\t\t\t\t<div class=\"elementor-text-editor elementor-clearfix\"><h2>Pedido de Informa\u00e7\u00f5es<\/h2><\/div>\n\t\t\t\t<\/div>\n\t\t\t\t<\/div>\n\t\t\t\t<div class=\"elementor-element elementor-element-4be35ac elementor-widget elementor-widget-text-editor\" data-id=\"4be35ac\" data-element_type=\"widget\" data-widget_type=\"text-editor.default\">\n\t\t\t\t<div class=\"elementor-widget-container\">\n\t\t\t\t\t<div class=\"elementor-text-editor elementor-clearfix\"><h2>Pedido de Provid\u00eancia<br><\/h2><\/div>\n\t\t\t\t<\/div>\n\t\t\t\t<\/div>\n\t\t\t\t<div class=\"elementor-element elementor-element-a1739b3 elementor-widget elementor-widget-text-editor\" data-id=\"a1739b3\" data-element_type=\"widget\" data-widget_type=\"text-editor.default\">\n\t\t\t\t<div class=\"elementor-widget-container\">\n\t\t\t\t\t<div class=\"elementor-text-editor elementor-clearfix\"><h2>Proposi\u00e7\u00e3o de Indica\u00e7\u00e3o<\/h2><\/div>\n\t\t\t\t<\/div>\n\t\t\t\t<\/div>\n\t\t\t\t<div class=\"elementor-element elementor-element-e74783c elementor-widget elementor-widget-text-editor\" data-id=\"e74783c\" data-element_type=\"widget\" data-widget_type=\"text-editor.default\">\n\t\t\t\t<div class=\"elementor-widget-container\">\n\t\t\t\t\t<div class=\"elementor-text-editor elementor-clearfix\"><div class=\"sdm_download_item \"><div class=\"sdm_download_item_top\"><div class=\"sdm_download_thumbnail\"><\/div><div class=\"sdm_download_title\">Indica\u00e7\u00e3o n\u00ba 01, de 05 de fevereiro de 2018<\/div><\/div><div style=\"clear:both\"><\/div><div class=\"sdm_download_description\"><p>Prop\u00f5e ao Executivo Municipal, atrav\u00e9s da Secretaria de Obras, Servi\u00e7os P\u00fablicos e Tr\u00e2nsito, a constru\u00e7\u00e3o da ponte que liga as localidades de Linha Vassouras e Col\u00f4nia Juven\u00edlia. De autoria dos Vereadores Lenise Maria Schonfeldt Rodrigues, Jorce Schneider Nogueira e Jo\u00e3o V\u00edctor Dalcin Steffanello. ENCAMINHADA AO EXECUTIVO.<\/p>\n<\/div><div class=\"sdm_download_link\"><span class=\"sdm_download_button\"><a href=\"https:\/\/www.camaraestrelavelha.rs.gov.br\/portal\/?smd_process_download=1&amp;download_id=1965\" class=\"sdm_download grey\" title=\"Indica\u00e7\u00e3o n\u00ba 01, de 05 de fevereiro de 2018\" target=\"_self\">Baixar agora!<\/a><\/span><span class=\"sdm_download_item_count\"><span class=\"sdm_item_count_number\">332<\/span><span class=\"sdm_item_count_string\"> Downloads<\/span><\/span><\/div><\/div><div class=\"sdm_clear_float\"><\/div><div class=\"sdm_pagination\"><\/div><\/div>\n\t\t\t\t<\/div>\n\t\t\t\t<\/div>\n\t\t\t\t<div class=\"elementor-element elementor-element-38da32a elementor-widget elementor-widget-text-editor\" data-id=\"38da32a\" data-element_type=\"widget\" data-widget_type=\"text-editor.default\">\n\t\t\t\t<div class=\"elementor-widget-container\">\n\t\t\t\t\t<div class=\"elementor-text-editor elementor-clearfix\"><h2>Requerimentos<\/h2><\/div>\n\t\t\t\t<\/div>\n\t\t\t\t<\/div>\n\t\t\t\t<div class=\"elementor-element elementor-element-b9d8f07 elementor-widget elementor-widget-text-editor\" data-id=\"b9d8f07\" data-element_type=\"widget\" data-widget_type=\"text-editor.default\">\n\t\t\t\t<div class=\"elementor-widget-container\">\n\t\t\t\t\t<div class=\"elementor-text-editor elementor-clearfix\"><h1>ATIVIDADES DO ANO DE 2017<\/h1><div>\u00a0<\/div><h2>Emendas<\/h2><\/div>\n\t\t\t\t<\/div>\n\t\t\t\t<\/div>\n\t\t\t\t<div class=\"elementor-element elementor-element-5a15d25 elementor-widget elementor-widget-text-editor\" data-id=\"5a15d25\" data-element_type=\"widget\" data-widget_type=\"text-editor.default\">\n\t\t\t\t<div class=\"elementor-widget-container\">\n\t\t\t\t\t<div class=\"elementor-text-editor elementor-clearfix\"><div class=\"sdm_download_item \"><div class=\"sdm_download_item_top\"><div class=\"sdm_download_thumbnail\"><\/div><div class=\"sdm_download_title\">Emenda Supressiva n\u00ba 01\/2017, de 20 de outubro de 2017.<\/div><\/div><div style=\"clear:both\"><\/div><div class=\"sdm_download_description\"><p>Emenda Supressiva n\u00ba 01\/2017 de autoria do Poder Legislativo, onde &#8220;Suprime dispositivos no Projeto de 1.237, de 31 de agosto de 2017, que Disp\u00f5e sobre as diretrizes or\u00e7ament\u00e1rias para o exerc\u00edcio financeiro de 2018&#8221;. APROVADA POR UNANIMIDADE.<\/p>\n<\/div><div class=\"sdm_download_link\"><span class=\"sdm_download_button\"><a href=\"https:\/\/www.camaraestrelavelha.rs.gov.br\/portal\/?smd_process_download=1&amp;download_id=1975\" class=\"sdm_download grey\" title=\"Emenda Supressiva n\u00ba 01\/2017, de 20 de outubro de 2017.\" target=\"_self\">Baixar agora!<\/a><\/span><span class=\"sdm_download_item_count\"><span class=\"sdm_item_count_number\">393<\/span><span class=\"sdm_item_count_string\"> Downloads<\/span><\/span><\/div><\/div><div class=\"sdm_download_item \"><div class=\"sdm_download_item_top\"><div class=\"sdm_download_thumbnail\"><\/div><div class=\"sdm_download_title\">Emenda Modificativa n\u00ba 03\/2017, de 20 de outubro de 2017.<\/div><\/div><div style=\"clear:both\"><\/div><div class=\"sdm_download_description\"><p>Emenda Modificativa n\u00ba 03\/2017 de autoria do Poder Legislativo, onde &#8220;Modifica dispositivos no Projeto de 1.237, de 31 de agosto de 2017, que Disp\u00f5e sobre as diretrizes or\u00e7ament\u00e1rias para o exerc\u00edcio financeiro de 2018&#8221;. APROVADA POR UNANIMIDADE.<\/p>\n<\/div><div class=\"sdm_download_link\"><span class=\"sdm_download_button\"><a href=\"https:\/\/www.camaraestrelavelha.rs.gov.br\/portal\/?smd_process_download=1&amp;download_id=1973\" class=\"sdm_download grey\" title=\"Emenda Modificativa n\u00ba 03\/2017, de 20 de outubro de 2017.\" target=\"_self\">Baixar agora!<\/a><\/span><span class=\"sdm_download_item_count\"><span class=\"sdm_item_count_number\">329<\/span><span class=\"sdm_item_count_string\"> Downloads<\/span><\/span><\/div><\/div><div class=\"sdm_download_item \"><div class=\"sdm_download_item_top\"><div class=\"sdm_download_thumbnail\"><\/div><div class=\"sdm_download_title\">Emenda Aditiva n\u00ba 12, de 20 de outubro de 2017.<\/div><\/div><div style=\"clear:both\"><\/div><div class=\"sdm_download_description\"><p>Emendas Aditivas, de autoria do Poder Legislativo, onde &#8220;Adiciona dispositivos no Projeto de 1.237, de 31 de agosto de 2017, que Disp\u00f5e sobre as diretrizes or\u00e7ament\u00e1rias para o exerc\u00edcio financeiro de 2018&#8221;. APROVADA POR UNANIMIDADE.<\/p>\n<\/div><div class=\"sdm_download_link\"><span class=\"sdm_download_button\"><a href=\"https:\/\/www.camaraestrelavelha.rs.gov.br\/portal\/?smd_process_download=1&amp;download_id=1971\" class=\"sdm_download grey\" title=\"Emenda Aditiva n\u00ba 12, de 20 de outubro de 2017.\" target=\"_self\">Baixar agora!<\/a><\/span><span class=\"sdm_download_item_count\"><span class=\"sdm_item_count_number\">344<\/span><span class=\"sdm_item_count_string\"> Downloads<\/span><\/span><\/div><\/div><div class=\"sdm_download_item \"><div class=\"sdm_download_item_top\"><div class=\"sdm_download_thumbnail\"><\/div><div class=\"sdm_download_title\">Emenda Aditiva n\u00ba 11, de 20 de outubro de 2017.<\/div><\/div><div style=\"clear:both\"><\/div><div class=\"sdm_download_description\"><p>Emendas Aditivas, de autoria do Poder Legislativo, onde &#8220;Adiciona dispositivos no Projeto de 1.237, de 31 de agosto de 2017, que Disp\u00f5e sobre as diretrizes or\u00e7ament\u00e1rias para o exerc\u00edcio financeiro de 2018&#8221;. APROVADA POR UNANIMIDADE.<\/p>\n<\/div><div class=\"sdm_download_link\"><span class=\"sdm_download_button\"><a href=\"https:\/\/www.camaraestrelavelha.rs.gov.br\/portal\/?smd_process_download=1&amp;download_id=1969\" class=\"sdm_download grey\" title=\"Emenda Aditiva n\u00ba 11, de 20 de outubro de 2017.\" target=\"_self\">Baixar agora!<\/a><\/span><span class=\"sdm_download_item_count\"><span class=\"sdm_item_count_number\">336<\/span><span class=\"sdm_item_count_string\"> Downloads<\/span><\/span><\/div><\/div><div class=\"sdm_download_item \"><div class=\"sdm_download_item_top\"><div class=\"sdm_download_thumbnail\"><\/div><div class=\"sdm_download_title\">Emenda Aditiva n\u00ba 10, de 20 de outubro de 2017.<\/div><\/div><div style=\"clear:both\"><\/div><div class=\"sdm_download_description\"><p>Emendas Aditivas, de autoria do Poder Legislativo, onde &#8220;Adiciona dispositivos no Projeto de 1.237, de 31 de agosto de 2017, que Disp\u00f5e sobre as diretrizes or\u00e7ament\u00e1rias para o exerc\u00edcio financeiro de 2018&#8221;. APROVADA POR UNANIMIDADE.<\/p>\n<\/div><div class=\"sdm_download_link\"><span class=\"sdm_download_button\"><a href=\"https:\/\/www.camaraestrelavelha.rs.gov.br\/portal\/?smd_process_download=1&amp;download_id=1967\" class=\"sdm_download grey\" title=\"Emenda Aditiva n\u00ba 10, de 20 de outubro de 2017.\" target=\"_self\">Baixar agora!<\/a><\/span><span class=\"sdm_download_item_count\"><span class=\"sdm_item_count_number\">354<\/span><span class=\"sdm_item_count_string\"> Downloads<\/span><\/span><\/div><\/div><div class=\"sdm_clear_float\"><\/div><div class=\"sdm_pagination\"><\/div><\/div>\n\t\t\t\t<\/div>\n\t\t\t\t<\/div>\n\t\t\t\t<div class=\"elementor-element elementor-element-e0ca875 elementor-widget elementor-widget-text-editor\" data-id=\"e0ca875\" data-element_type=\"widget\" data-widget_type=\"text-editor.default\">\n\t\t\t\t<div class=\"elementor-widget-container\">\n\t\t\t\t\t<div class=\"elementor-text-editor elementor-clearfix\"><div>\u00a0<\/div><h2>Mo\u00e7\u00f5es<\/h2><\/div>\n\t\t\t\t<\/div>\n\t\t\t\t<\/div>\n\t\t\t\t<div class=\"elementor-element elementor-element-59568fe elementor-widget elementor-widget-text-editor\" data-id=\"59568fe\" data-element_type=\"widget\" data-widget_type=\"text-editor.default\">\n\t\t\t\t<div class=\"elementor-widget-container\">\n\t\t\t\t\t<div class=\"elementor-text-editor elementor-clearfix\"><div class=\"sdm_download_item \"><div class=\"sdm_download_item_top\"><div class=\"sdm_download_thumbnail\"><\/div><div class=\"sdm_download_title\">Mo\u00e7\u00e3o Rep\u00fadio n\u00ba 01 de 04\/01\/17.APROVADA.<\/div><\/div><div style=\"clear:both\"><\/div><div class=\"sdm_download_description\"><p>Mo\u00e7\u00e3o de Rep\u00fadio n\u00ba 01, de 04 de janeiro de 2017, de autoria da Vereadora Lenise Maria Schonfeldt Rodrigues, manifestando rep\u00fadio \u00e0 Proposta de Emenda Constitucional n\u00ba 287, que \u201cAltera os arts. 37, 40, 42, 149, 167, 195, 201 e 203 da Constitui\u00e7\u00e3o, para dispor sobre a seguridade social, estabelece regras de transi\u00e7\u00e3o e d\u00e1 outras provid\u00eancias\u201d.<\/p>\n<\/div><div class=\"sdm_download_link\"><span class=\"sdm_download_button\"><a href=\"https:\/\/www.camaraestrelavelha.rs.gov.br\/portal\/?smd_process_download=1&amp;download_id=1977\" class=\"sdm_download grey\" title=\"Mo\u00e7\u00e3o Rep\u00fadio n\u00ba 01 de 04\/01\/17.APROVADA.\" target=\"_self\">Baixar agora!<\/a><\/span><span class=\"sdm_download_item_count\"><span class=\"sdm_item_count_number\">320<\/span><span class=\"sdm_item_count_string\"> Downloads<\/span><\/span><\/div><\/div><div class=\"sdm_clear_float\"><\/div><div class=\"sdm_pagination\"><\/div><\/div>\n\t\t\t\t<\/div>\n\t\t\t\t<\/div>\n\t\t\t\t<div class=\"elementor-element elementor-element-c518194 elementor-widget elementor-widget-text-editor\" data-id=\"c518194\" data-element_type=\"widget\" data-widget_type=\"text-editor.default\">\n\t\t\t\t<div class=\"elementor-widget-container\">\n\t\t\t\t\t<div class=\"elementor-text-editor elementor-clearfix\"><h2>Pedido de Informa\u00e7\u00f5es<\/h2><\/div>\n\t\t\t\t<\/div>\n\t\t\t\t<\/div>\n\t\t\t\t<div class=\"elementor-element elementor-element-4e04ff8 elementor-widget elementor-widget-text-editor\" data-id=\"4e04ff8\" data-element_type=\"widget\" data-widget_type=\"text-editor.default\">\n\t\t\t\t<div class=\"elementor-widget-container\">\n\t\t\t\t\t<div class=\"elementor-text-editor elementor-clearfix\"><h2>Pedido de Provid\u00eancia<\/h2><\/div>\n\t\t\t\t<\/div>\n\t\t\t\t<\/div>\n\t\t\t\t<div class=\"elementor-element elementor-element-4b18fee elementor-widget elementor-widget-text-editor\" data-id=\"4b18fee\" data-element_type=\"widget\" data-widget_type=\"text-editor.default\">\n\t\t\t\t<div class=\"elementor-widget-container\">\n\t\t\t\t\t<div class=\"elementor-text-editor elementor-clearfix\"><div class=\"sdm_download_item \"><div class=\"sdm_download_item_top\"><div class=\"sdm_download_thumbnail\"><\/div><div class=\"sdm_download_title\">Pedido de Provid\u00eancia n\u00ba 13, de 10 de fevereiro de 2017.<\/div><\/div><div style=\"clear:both\"><\/div><div class=\"sdm_download_description\"><p>Solicita PROVID\u00caNCIAS ao Executivo Municipal, juntamente com a Secretaria de Obras, para a constru\u00e7\u00e3o de dois pontilh\u00f5es no acesso \u00e0 casa do Sr. Eraldo Friedrich.<\/p>\n<\/div><div class=\"sdm_download_link\"><span class=\"sdm_download_button\"><a href=\"https:\/\/www.camaraestrelavelha.rs.gov.br\/portal\/?smd_process_download=1&amp;download_id=1981\" class=\"sdm_download grey\" title=\"Pedido de Provid\u00eancia n\u00ba 13, de 10 de fevereiro de 2017.\" target=\"_self\">Baixar agora!<\/a><\/span><span class=\"sdm_download_item_count\"><span class=\"sdm_item_count_number\">356<\/span><span class=\"sdm_item_count_string\"> Downloads<\/span><\/span><\/div><\/div><div class=\"sdm_download_item \"><div class=\"sdm_download_item_top\"><div class=\"sdm_download_thumbnail\"><\/div><div class=\"sdm_download_title\">Pedido de Provid\u00eancia n\u00ba 09, de 02 de fevereiro de 2017.<\/div><\/div><div style=\"clear:both\"><\/div><div class=\"sdm_download_description\"><p>Solicita PROVID\u00caNCIAS ao Executivo Municipal, atrav\u00e9s da Secretaria de Educa\u00e7\u00e3o, que viabilize a inclus\u00e3o dos funcion\u00e1rios que trabalham em educand\u00e1rios no uso do transporte escolar gratuito j\u00e1 oferecido aos alunos, desde que existam assentos vagos e que n\u00e3o haja altera\u00e7\u00e3o da rota.<\/p>\n<\/div><div class=\"sdm_download_link\"><span class=\"sdm_download_button\"><a href=\"https:\/\/www.camaraestrelavelha.rs.gov.br\/portal\/?smd_process_download=1&amp;download_id=1979\" class=\"sdm_download grey\" title=\"Pedido de Provid\u00eancia n\u00ba 09, de 02 de fevereiro de 2017.\" target=\"_self\">Baixar agora!<\/a><\/span><span class=\"sdm_download_item_count\"><span class=\"sdm_item_count_number\">372<\/span><span class=\"sdm_item_count_string\"> Downloads<\/span><\/span><\/div><\/div><div class=\"sdm_clear_float\"><\/div><div class=\"sdm_pagination\"><\/div><\/div>\n\t\t\t\t<\/div>\n\t\t\t\t<\/div>\n\t\t\t\t<div class=\"elementor-element elementor-element-c96e646 elementor-widget elementor-widget-text-editor\" data-id=\"c96e646\" data-element_type=\"widget\" data-widget_type=\"text-editor.default\">\n\t\t\t\t<div class=\"elementor-widget-container\">\n\t\t\t\t\t<div class=\"elementor-text-editor elementor-clearfix\"><h2>Proposi\u00e7\u00f5es de Indica\u00e7\u00e3o<\/h2><\/div>\n\t\t\t\t<\/div>\n\t\t\t\t<\/div>\n\t\t\t\t<div class=\"elementor-element elementor-element-fc97d24 elementor-widget elementor-widget-text-editor\" data-id=\"fc97d24\" data-element_type=\"widget\" data-widget_type=\"text-editor.default\">\n\t\t\t\t<div class=\"elementor-widget-container\">\n\t\t\t\t\t<div class=\"elementor-text-editor elementor-clearfix\">\n<div class=\"sdm_download_item \"><div class=\"sdm_download_item_top\"><div class=\"sdm_download_thumbnail\"><\/div><div class=\"sdm_download_title\">Indica\u00e7\u00e3o n\u00ba 24, de 11 de agosto de 2017.<\/div><\/div><div style=\"clear:both\"><\/div><div class=\"sdm_download_description\"><p>PROP\u00d5E ao Executivo Municipal que estude a possibilidade de firmar conv\u00eanio para repasse mensal de recursos financeiros \u00e0 Casa de Amparo Navegantes de Salto do Jacu\u00ed.<\/p>\n<\/div><div class=\"sdm_download_link\"><span class=\"sdm_download_button\"><a href=\"https:\/\/www.camaraestrelavelha.rs.gov.br\/portal\/?smd_process_download=1&amp;download_id=1989\" class=\"sdm_download grey\" title=\"Indica\u00e7\u00e3o n\u00ba 24, de 11 de agosto de 2017.\" target=\"_self\">Baixar agora!<\/a><\/span><span class=\"sdm_download_item_count\"><span class=\"sdm_item_count_number\">378<\/span><span class=\"sdm_item_count_string\"> Downloads<\/span><\/span><\/div><\/div><div class=\"sdm_download_item \"><div class=\"sdm_download_item_top\"><div class=\"sdm_download_thumbnail\"><\/div><div class=\"sdm_download_title\">Indica\u00e7\u00e3o n\u00ba 21, de 08 de maio de 2017.<\/div><\/div><div style=\"clear:both\"><\/div><div class=\"sdm_download_description\"><p>PROP\u00d5E ao Executivo Municipal que tome iniciativa, quanto \u00e0 implanta\u00e7\u00e3o de placas de sinaliza\u00e7\u00e3o, apontando a rota at\u00e9 a aldeia ind\u00edgena Flor da Mata existente em nosso munic\u00edpio.<\/p>\n<\/div><div class=\"sdm_download_link\"><span class=\"sdm_download_button\"><a href=\"https:\/\/www.camaraestrelavelha.rs.gov.br\/portal\/?smd_process_download=1&amp;download_id=1987\" class=\"sdm_download grey\" title=\"Indica\u00e7\u00e3o n\u00ba 21, de 08 de maio de 2017.\" target=\"_self\">Baixar agora!<\/a><\/span><span class=\"sdm_download_item_count\"><span class=\"sdm_item_count_number\">371<\/span><span class=\"sdm_item_count_string\"> Downloads<\/span><\/span><\/div><\/div><div class=\"sdm_download_item \"><div class=\"sdm_download_item_top\"><div class=\"sdm_download_thumbnail\"><\/div><div class=\"sdm_download_title\">Indica\u00e7\u00e3o n\u00ba 15, de 13 de mar\u00e7o de 2017.<\/div><\/div><div style=\"clear:both\"><\/div><div class=\"sdm_download_description\"><p>PROP\u00d5E ao Executivo Municipal que consulte a viabilidade de concluir a pavimenta\u00e7\u00e3o do distrito de Ita\u00faba, na parte alta denominada Serro Seco.<\/p>\n<\/div><div class=\"sdm_download_link\"><span class=\"sdm_download_button\"><a href=\"https:\/\/www.camaraestrelavelha.rs.gov.br\/portal\/?smd_process_download=1&amp;download_id=1985\" class=\"sdm_download grey\" title=\"Indica\u00e7\u00e3o n\u00ba 15, de 13 de mar\u00e7o de 2017.\" target=\"_self\">Baixar agora!<\/a><\/span><span class=\"sdm_download_item_count\"><span class=\"sdm_item_count_number\">362<\/span><span class=\"sdm_item_count_string\"> Downloads<\/span><\/span><\/div><\/div><div class=\"sdm_download_item \"><div class=\"sdm_download_item_top\"><div class=\"sdm_download_thumbnail\"><\/div><div class=\"sdm_download_title\">Indica\u00e7\u00e3o n\u00ba 07, de 23 de janeiro de 2017.<\/div><\/div><div style=\"clear:both\"><\/div><div class=\"sdm_download_description\"><p>Onde prop\u00f5e ao Executivo atrav\u00e9s da Secretaria da Educa\u00e7\u00e3o, que torne efetiva a EMENDA ADITIVA N\u00ba 7 DE 02 DE OUTUBRO DE 2013 ao projeto de lei n\u00ba 1060, de 18 de julho de 2013, que disp\u00f5e sobre o PPA para o quadri\u00eanio 2014-2017. A Emenda aditiva \u00e9 relacionada ao programa de implanta\u00e7\u00e3o de cursos de l\u00ednguas estrangeiras.<\/p>\n<\/div><div class=\"sdm_download_link\"><span class=\"sdm_download_button\"><a href=\"https:\/\/www.camaraestrelavelha.rs.gov.br\/portal\/?smd_process_download=1&amp;download_id=1983\" class=\"sdm_download grey\" title=\"Indica\u00e7\u00e3o n\u00ba 07, de 23 de janeiro de 2017.\" target=\"_self\">Baixar agora!<\/a><\/span><span class=\"sdm_download_item_count\"><span class=\"sdm_item_count_number\">341<\/span><span class=\"sdm_item_count_string\"> Downloads<\/span><\/span><\/div><\/div><div class=\"sdm_clear_float\"><\/div><div class=\"sdm_pagination\"><\/div><\/div>\n\t\t\t\t<\/div>\n\t\t\t\t<\/div>\n\t\t\t\t<div class=\"elementor-element elementor-element-e7e6ace elementor-widget elementor-widget-text-editor\" data-id=\"e7e6ace\" data-element_type=\"widget\" data-widget_type=\"text-editor.default\">\n\t\t\t\t<div class=\"elementor-widget-container\">\n\t\t\t\t\t<div class=\"elementor-text-editor elementor-clearfix\"><h2>Requerimentos<\/h2><\/div>\n\t\t\t\t<\/div>\n\t\t\t\t<\/div>\n\t\t\t\t\t\t<\/div>\n\t\t\t\t\t<\/div>\n\t\t<\/div>\n\t\t\t\t\t\t\t\t<\/div>\n\t\t\t\t\t<\/div>\n\t\t<\/section>\n\t\t\t\t\t\t<\/div>\n\t\t\t\t\t\t<\/div>\n\t\t\t\t\t<\/div>\n\t\t","protected":false},"excerpt":{"rendered":"<p>\u00a0Jo\u00e3o V\u00edctor Dalcin Steffanello \u00a0 PARTIDO: MDB EMAIL:\u00a0joaodalcin97@gmail.comTELEFONE: (51) 3616-7311 DESCRI\u00c7\u00c3O: Brasileiro, nasceu em 23\/06\/1997 no munic\u00edpio de Estrela Velha. Solteiro, filho de Gilmar Steffanello e Ros\u00e2ngela Dalcin Steffanello ambos professores com carreira pol\u00edtica. Estudou o Ensino Fundamental na Escola Estadual de Ita\u00faba e o Ensino M\u00e9dio na Escola Estadual de Estrela Velha. Acad\u00eamico de [&hellip;]<\/p>\n","protected":false},"author":2,"featured_media":0,"parent":0,"menu_order":0,"comment_status":"closed","ping_status":"closed","template":"","meta":{"episode_type":"","audio_file":"","duration":"","filesize":"","date_recorded":"","explicit":"","block":"","filesize_raw":""},"_links":{"self":[{"href":"https:\/\/www.camaraestrelavelha.rs.gov.br\/portal\/wp-json\/wp\/v2\/pages\/1952"}],"collection":[{"href":"https:\/\/www.camaraestrelavelha.rs.gov.br\/portal\/wp-json\/wp\/v2\/pages"}],"about":[{"href":"https:\/\/www.camaraestrelavelha.rs.gov.br\/portal\/wp-json\/wp\/v2\/types\/page"}],"author":[{"embeddable":true,"href":"https:\/\/www.camaraestrelavelha.rs.gov.br\/portal\/wp-json\/wp\/v2\/users\/2"}],"replies":[{"embeddable":true,"href":"https:\/\/www.camaraestrelavelha.rs.gov.br\/portal\/wp-json\/wp\/v2\/comments?post=1952"}],"version-history":[{"count":10,"href":"https:\/\/www.camaraestrelavelha.rs.gov.br\/portal\/wp-json\/wp\/v2\/pages\/1952\/revisions"}],"predecessor-version":[{"id":1963,"href":"https:\/\/www.camaraestrelavelha.rs.gov.br\/portal\/wp-json\/wp\/v2\/pages\/1952\/revisions\/1963"}],"wp:attachment":[{"href":"https:\/\/www.camaraestrelavelha.rs.gov.br\/portal\/wp-json\/wp\/v2\/media?parent=1952"}],"curies":[{"name":"wp","href":"https:\/\/api.w.org\/{rel}","templated":true}]}}