{"id":1991,"date":"2020-06-30T17:21:15","date_gmt":"2020-06-30T20:21:15","guid":{"rendered":"http:\/\/camaraestrelavelha.rs.gov.br\/portal\/?page_id=1991"},"modified":"2020-06-30T17:24:02","modified_gmt":"2020-06-30T20:24:02","slug":"leonel-luiz-somavilla","status":"publish","type":"page","link":"https:\/\/www.camaraestrelavelha.rs.gov.br\/portal\/leonel-luiz-somavilla\/","title":{"rendered":"Leonel Luiz Somavilla"},"content":{"rendered":"\t\t<div data-elementor-type=\"wp-page\" data-elementor-id=\"1991\" class=\"elementor elementor-1991\" data-elementor-settings=\"[]\">\n\t\t\t\t\t\t<div class=\"elementor-inner\">\n\t\t\t\t\t\t\t<div class=\"elementor-section-wrap\">\n\t\t\t\t\t\t\t<section class=\"elementor-section elementor-top-section elementor-element elementor-element-d958dac elementor-section-boxed elementor-section-height-default elementor-section-height-default\" data-id=\"d958dac\" data-element_type=\"section\">\n\t\t\t\t\t\t<div class=\"elementor-container elementor-column-gap-default\">\n\t\t\t\t\t\t\t<div class=\"elementor-row\">\n\t\t\t\t\t<div class=\"elementor-column elementor-col-100 elementor-top-column elementor-element elementor-element-dffc977\" data-id=\"dffc977\" data-element_type=\"column\">\n\t\t\t<div class=\"elementor-column-wrap elementor-element-populated\">\n\t\t\t\t\t\t\t<div class=\"elementor-widget-wrap\">\n\t\t\t\t\t\t<div class=\"elementor-element elementor-element-62e5377 elementor-widget elementor-widget-text-editor\" data-id=\"62e5377\" data-element_type=\"widget\" data-widget_type=\"text-editor.default\">\n\t\t\t\t<div class=\"elementor-widget-container\">\n\t\t\t\t\t<div class=\"elementor-text-editor elementor-clearfix\"><h1>Leonel Luiz Somavilla <\/h1><p><img loading=\"lazy\" class=\"alignnone size-medium wp-image-1993\" src=\"http:\/\/camaraestrelavelha.rs.gov.br\/portal\/wp-content\/uploads\/2020\/06\/Leonel-200x300.jpg\" alt=\"\" width=\"200\" height=\"300\" srcset=\"https:\/\/www.camaraestrelavelha.rs.gov.br\/portal\/wp-content\/uploads\/2020\/06\/Leonel-200x300.jpg 200w, https:\/\/www.camaraestrelavelha.rs.gov.br\/portal\/wp-content\/uploads\/2020\/06\/Leonel.jpg 480w\" sizes=\"(max-width: 200px) 100vw, 200px\" \/><\/p><h1>\u00a0<\/h1><p>PARTIDO: PSB<br \/>TELEFONE: <span style=\"color: #545454; font-family: Arial, sans-serif; font-size: 21.3333px;\">(51) 3616 &#8211; 7313\u00a0<\/span><\/p><p style=\"text-align: justify;\"><span style=\"font-size: 12.0pt; line-height: 115%; font-family: 'Arial','sans-serif';\">DESCRI\u00c7\u00c3O:<\/span><\/p><p style=\"text-align: justify;\"><span style=\"font-size: 12.0pt; line-height: 115%; font-family: 'Arial','sans-serif';\"><span style=\"font-family: Arial, sans-serif; font-size: 12pt; text-align: justify;\">Nasceu no dia 1\u00ba de maio de 1958, em Arroio do Tigre. Casado com Silvia Spanevello Somavilla e pai de dois filhos: Alexandre e Emanuela. Iniciou sua vida profissional ainda jovem, quando trabalhava como motorista aut\u00f4nomo e ajudava no com\u00e9rcio de sua fam\u00edlia na localidade de Vila Ita\u00faba, interior do Munic\u00edpio, onde reside at\u00e9 hoje e exerce as mesmas profiss\u00f5es. Ainda por esta localidade, foi Presidente e membro por v\u00e1rias vezes de Conselhos Diretivos da Comunidade S\u00e3o Jo\u00e3o Batista. Sua primeira passagem no Poder Legislativo como Vereador foi durante o mandato de 2000\/2004. Nos anos seguintes ainda trabalhou como Secret\u00e1rio da Agricultura e Diretor da Secretaria Municipal da Agricultura. Em outubro de 2016 foi eleito Vereador pelo Partido Socialista Brasileiro &#8211; PSB<\/span><\/span><\/p><p style=\"text-align: justify;\"><span style=\"font-family: Arial, sans-serif; font-size: 12pt; text-align: justify;\">\u00a0<\/span><\/p><div><h1>\u00a0<\/h1><h1>ATIVIDADES DO ANO DE 2018<\/h1><\/div><div>\u00a0<\/div><h2>Emendas<\/h2><\/div>\n\t\t\t\t<\/div>\n\t\t\t\t<\/div>\n\t\t\t\t<div class=\"elementor-element elementor-element-9c9889d elementor-widget elementor-widget-text-editor\" data-id=\"9c9889d\" data-element_type=\"widget\" data-widget_type=\"text-editor.default\">\n\t\t\t\t<div class=\"elementor-widget-container\">\n\t\t\t\t\t<div class=\"elementor-text-editor elementor-clearfix\"><h2>Mo\u00e7\u00f5es<\/h2><\/div>\n\t\t\t\t<\/div>\n\t\t\t\t<\/div>\n\t\t\t\t<div class=\"elementor-element elementor-element-72e6a57 elementor-widget elementor-widget-text-editor\" data-id=\"72e6a57\" data-element_type=\"widget\" data-widget_type=\"text-editor.default\">\n\t\t\t\t<div class=\"elementor-widget-container\">\n\t\t\t\t\t<div class=\"elementor-text-editor elementor-clearfix\"><h2>Pedido de Informa\u00e7\u00f5es<\/h2><\/div>\n\t\t\t\t<\/div>\n\t\t\t\t<\/div>\n\t\t\t\t<div class=\"elementor-element elementor-element-e489127 elementor-widget elementor-widget-text-editor\" data-id=\"e489127\" data-element_type=\"widget\" data-widget_type=\"text-editor.default\">\n\t\t\t\t<div class=\"elementor-widget-container\">\n\t\t\t\t\t<div class=\"elementor-text-editor elementor-clearfix\"><h2>Pedido de Provid\u00eancia<br><\/h2><\/div>\n\t\t\t\t<\/div>\n\t\t\t\t<\/div>\n\t\t\t\t<div class=\"elementor-element elementor-element-3b5f00a elementor-widget elementor-widget-text-editor\" data-id=\"3b5f00a\" data-element_type=\"widget\" data-widget_type=\"text-editor.default\">\n\t\t\t\t<div class=\"elementor-widget-container\">\n\t\t\t\t\t<div class=\"elementor-text-editor elementor-clearfix\"><h2>Proposi\u00e7\u00f5es de Indica\u00e7\u00e3o<\/h2><\/div>\n\t\t\t\t<\/div>\n\t\t\t\t<\/div>\n\t\t\t\t<div class=\"elementor-element elementor-element-9fae159 elementor-widget elementor-widget-text-editor\" data-id=\"9fae159\" data-element_type=\"widget\" data-widget_type=\"text-editor.default\">\n\t\t\t\t<div class=\"elementor-widget-container\">\n\t\t\t\t\t<div class=\"elementor-text-editor elementor-clearfix\"><div class=\"sdm_download_item \"><div class=\"sdm_download_item_top\"><div class=\"sdm_download_thumbnail\"><\/div><div class=\"sdm_download_title\">Indica\u00e7\u00e3o N\u00ba 06, de 30 de outubro de 2018.<\/div><\/div><div style=\"clear:both\"><\/div><div class=\"sdm_download_description\"><p>PROP\u00d5E ao Executivo Municipal que inclua no Calend\u00e1rio de Eventos Oficiais do Munic\u00edpio, o \u201cDia do Produtor de Tabaco\u201d, a comemorar-se no dia 28 de outubro. ENCAMINHADA AO EXECUTIVO.<\/p>\n<\/div><div class=\"sdm_download_link\"><span class=\"sdm_download_button\"><a href=\"https:\/\/www.camaraestrelavelha.rs.gov.br\/portal\/?smd_process_download=1&amp;download_id=2008\" class=\"sdm_download grey\" title=\"Indica\u00e7\u00e3o N\u00ba 06, de 30 de outubro de 2018.\" target=\"_self\">Baixar agora!<\/a><\/span><span class=\"sdm_download_item_count\"><span class=\"sdm_item_count_number\">367<\/span><span class=\"sdm_item_count_string\"> Downloads<\/span><\/span><\/div><\/div><div class=\"sdm_clear_float\"><\/div><div class=\"sdm_pagination\"><\/div><\/div>\n\t\t\t\t<\/div>\n\t\t\t\t<\/div>\n\t\t\t\t<div class=\"elementor-element elementor-element-cca2410 elementor-widget elementor-widget-text-editor\" data-id=\"cca2410\" data-element_type=\"widget\" data-widget_type=\"text-editor.default\">\n\t\t\t\t<div class=\"elementor-widget-container\">\n\t\t\t\t\t<div class=\"elementor-text-editor elementor-clearfix\"><h2>Requerimentos<\/h2><\/div>\n\t\t\t\t<\/div>\n\t\t\t\t<\/div>\n\t\t\t\t<div class=\"elementor-element elementor-element-41c3c70 elementor-widget elementor-widget-text-editor\" data-id=\"41c3c70\" data-element_type=\"widget\" data-widget_type=\"text-editor.default\">\n\t\t\t\t<div class=\"elementor-widget-container\">\n\t\t\t\t\t<div class=\"elementor-text-editor elementor-clearfix\"><h1>ATIVIDADES DO ANO DE 2017<\/h1><div>\u00a0<\/div><h2>Emendas<\/h2><\/div>\n\t\t\t\t<\/div>\n\t\t\t\t<\/div>\n\t\t\t\t<div class=\"elementor-element elementor-element-5d0e104 elementor-widget elementor-widget-text-editor\" data-id=\"5d0e104\" data-element_type=\"widget\" data-widget_type=\"text-editor.default\">\n\t\t\t\t<div class=\"elementor-widget-container\">\n\t\t\t\t\t<div class=\"elementor-text-editor elementor-clearfix\"><div class=\"sdm_download_item \"><div class=\"sdm_download_item_top\"><div class=\"sdm_download_thumbnail\"><\/div><div class=\"sdm_download_title\">Emenda Aditiva n\u00ba 10, de 20 de outubro de 2017.<\/div><\/div><div style=\"clear:both\"><\/div><div class=\"sdm_download_description\"><p>Emendas Aditivas, de autoria do Poder Legislativo, onde &#8220;Adiciona dispositivos no Projeto de 1.237, de 31 de agosto de 2017, que Disp\u00f5e sobre as diretrizes or\u00e7ament\u00e1rias para o exerc\u00edcio financeiro de 2018&#8221;. APROVADA POR UNANIMIDADE.<\/p>\n<\/div><div class=\"sdm_download_link\"><span class=\"sdm_download_button\"><a href=\"https:\/\/www.camaraestrelavelha.rs.gov.br\/portal\/?smd_process_download=1&amp;download_id=2018\" class=\"sdm_download grey\" title=\"Emenda Aditiva n\u00ba 10, de 20 de outubro de 2017.\" target=\"_self\">Baixar agora!<\/a><\/span><span class=\"sdm_download_item_count\"><span class=\"sdm_item_count_number\">375<\/span><span class=\"sdm_item_count_string\"> Downloads<\/span><\/span><\/div><\/div><div class=\"sdm_download_item \"><div class=\"sdm_download_item_top\"><div class=\"sdm_download_thumbnail\"><\/div><div class=\"sdm_download_title\">Emenda Aditiva n\u00ba 11, de 20 de outubro de 2017.<\/div><\/div><div style=\"clear:both\"><\/div><div class=\"sdm_download_description\"><p>Emendas Aditivas, de autoria do Poder Legislativo, onde &#8220;Adiciona dispositivos no Projeto de 1.237, de 31 de agosto de 2017, que Disp\u00f5e sobre as diretrizes or\u00e7ament\u00e1rias para o exerc\u00edcio financeiro de 2018&#8221;. APROVADA POR UNANIMIDADE.<\/p>\n<\/div><div class=\"sdm_download_link\"><span class=\"sdm_download_button\"><a href=\"https:\/\/www.camaraestrelavelha.rs.gov.br\/portal\/?smd_process_download=1&amp;download_id=2016\" class=\"sdm_download grey\" title=\"Emenda Aditiva n\u00ba 11, de 20 de outubro de 2017.\" target=\"_self\">Baixar agora!<\/a><\/span><span class=\"sdm_download_item_count\"><span class=\"sdm_item_count_number\">314<\/span><span class=\"sdm_item_count_string\"> Downloads<\/span><\/span><\/div><\/div><div class=\"sdm_download_item \"><div class=\"sdm_download_item_top\"><div class=\"sdm_download_thumbnail\"><\/div><div class=\"sdm_download_title\">Emenda Aditiva n\u00ba 12, de 20 de outubro de 2017.<\/div><\/div><div style=\"clear:both\"><\/div><div class=\"sdm_download_description\"><p>Emendas Aditivas, de autoria do Poder Legislativo, onde &#8220;Adiciona dispositivos no Projeto de 1.237, de 31 de agosto de 2017, que Disp\u00f5e sobre as diretrizes or\u00e7ament\u00e1rias para o exerc\u00edcio financeiro de 2018&#8221;. APROVADA POR UNANIMIDADE.<\/p>\n<\/div><div class=\"sdm_download_link\"><span class=\"sdm_download_button\"><a href=\"https:\/\/www.camaraestrelavelha.rs.gov.br\/portal\/?smd_process_download=1&amp;download_id=2014\" class=\"sdm_download grey\" title=\"Emenda Aditiva n\u00ba 12, de 20 de outubro de 2017.\" target=\"_self\">Baixar agora!<\/a><\/span><span class=\"sdm_download_item_count\"><span class=\"sdm_item_count_number\">322<\/span><span class=\"sdm_item_count_string\"> Downloads<\/span><\/span><\/div><\/div><div class=\"sdm_download_item \"><div class=\"sdm_download_item_top\"><div class=\"sdm_download_thumbnail\"><\/div><div class=\"sdm_download_title\">Emenda Modificativa n\u00ba 03\/2017, de 20 de outubro de 2017.<\/div><\/div><div style=\"clear:both\"><\/div><div class=\"sdm_download_description\"><p>Emenda Modificativa n\u00ba 03\/2017 de autoria do Poder Legislativo, onde &#8220;Modifica dispositivos no Projeto de 1.237, de 31 de agosto de 2017, que Disp\u00f5e sobre as diretrizes or\u00e7ament\u00e1rias para o exerc\u00edcio financeiro de 2018&#8221;. APROVADA POR UNANIMIDADE.<\/p>\n<\/div><div class=\"sdm_download_link\"><span class=\"sdm_download_button\"><a href=\"https:\/\/www.camaraestrelavelha.rs.gov.br\/portal\/?smd_process_download=1&amp;download_id=2012\" class=\"sdm_download grey\" title=\"Emenda Modificativa n\u00ba 03\/2017, de 20 de outubro de 2017.\" target=\"_self\">Baixar agora!<\/a><\/span><span class=\"sdm_download_item_count\"><span class=\"sdm_item_count_number\">314<\/span><span class=\"sdm_item_count_string\"> Downloads<\/span><\/span><\/div><\/div><div class=\"sdm_download_item \"><div class=\"sdm_download_item_top\"><div class=\"sdm_download_thumbnail\"><\/div><div class=\"sdm_download_title\">Emenda Supressiva n\u00ba 01\/2017, de 20 de outubro de 2017.<\/div><\/div><div style=\"clear:both\"><\/div><div class=\"sdm_download_description\"><p>Emenda Supressiva n\u00ba 01\/2017 de autoria do Poder Legislativo, onde &#8220;Suprime dispositivos no Projeto de 1.237, de 31 de agosto de 2017, que Disp\u00f5e sobre as diretrizes or\u00e7ament\u00e1rias para o exerc\u00edcio financeiro de 2018&#8221;. APROVADA POR UNANIMIDADE.<\/p>\n<\/div><div class=\"sdm_download_link\"><span class=\"sdm_download_button\"><a href=\"https:\/\/www.camaraestrelavelha.rs.gov.br\/portal\/?smd_process_download=1&amp;download_id=2010\" class=\"sdm_download grey\" title=\"Emenda Supressiva n\u00ba 01\/2017, de 20 de outubro de 2017.\" target=\"_self\">Baixar agora!<\/a><\/span><span class=\"sdm_download_item_count\"><span class=\"sdm_item_count_number\">330<\/span><span class=\"sdm_item_count_string\"> Downloads<\/span><\/span><\/div><\/div><div class=\"sdm_clear_float\"><\/div><div class=\"sdm_pagination\"><\/div><\/div>\n\t\t\t\t<\/div>\n\t\t\t\t<\/div>\n\t\t\t\t<div class=\"elementor-element elementor-element-d15db01 elementor-widget elementor-widget-text-editor\" data-id=\"d15db01\" data-element_type=\"widget\" data-widget_type=\"text-editor.default\">\n\t\t\t\t<div class=\"elementor-widget-container\">\n\t\t\t\t\t<div class=\"elementor-text-editor elementor-clearfix\"><div>\u00a0<\/div><h2>Mo\u00e7\u00f5es<\/h2><\/div>\n\t\t\t\t<\/div>\n\t\t\t\t<\/div>\n\t\t\t\t<div class=\"elementor-element elementor-element-aad542d elementor-widget elementor-widget-text-editor\" data-id=\"aad542d\" data-element_type=\"widget\" data-widget_type=\"text-editor.default\">\n\t\t\t\t<div class=\"elementor-widget-container\">\n\t\t\t\t\t<div class=\"elementor-text-editor elementor-clearfix\"><div class=\"sdm_download_item \"><div class=\"sdm_download_item_top\"><div class=\"sdm_download_thumbnail\"><\/div><div class=\"sdm_download_title\">Mo\u00e7\u00e3o Rep\u00fadio n\u00ba 01 de 04\/01\/17.APROVADA.<\/div><\/div><div style=\"clear:both\"><\/div><div class=\"sdm_download_description\"><p>Mo\u00e7\u00e3o de Rep\u00fadio n\u00ba 01, de 04 de janeiro de 2017, de autoria da Vereadora Lenise Maria Schonfeldt Rodrigues, manifestando rep\u00fadio \u00e0 Proposta de Emenda Constitucional n\u00ba 287, que \u201cAltera os arts. 37, 40, 42, 149, 167, 195, 201 e 203 da Constitui\u00e7\u00e3o, para dispor sobre a seguridade social, estabelece regras de transi\u00e7\u00e3o e d\u00e1 outras provid\u00eancias\u201d.<\/p>\n<\/div><div class=\"sdm_download_link\"><span class=\"sdm_download_button\"><a href=\"https:\/\/www.camaraestrelavelha.rs.gov.br\/portal\/?smd_process_download=1&amp;download_id=2020\" class=\"sdm_download grey\" title=\"Mo\u00e7\u00e3o Rep\u00fadio n\u00ba 01 de 04\/01\/17.APROVADA.\" target=\"_self\">Baixar agora!<\/a><\/span><span class=\"sdm_download_item_count\"><span class=\"sdm_item_count_number\">310<\/span><span class=\"sdm_item_count_string\"> Downloads<\/span><\/span><\/div><\/div><div class=\"sdm_clear_float\"><\/div><div class=\"sdm_pagination\"><\/div><\/div>\n\t\t\t\t<\/div>\n\t\t\t\t<\/div>\n\t\t\t\t<div class=\"elementor-element elementor-element-07bf5c0 elementor-widget elementor-widget-text-editor\" data-id=\"07bf5c0\" data-element_type=\"widget\" data-widget_type=\"text-editor.default\">\n\t\t\t\t<div class=\"elementor-widget-container\">\n\t\t\t\t\t<div class=\"elementor-text-editor elementor-clearfix\"><h2>Pedido de Informa\u00e7\u00f5es<\/h2><\/div>\n\t\t\t\t<\/div>\n\t\t\t\t<\/div>\n\t\t\t\t<div class=\"elementor-element elementor-element-02e8196 elementor-widget elementor-widget-text-editor\" data-id=\"02e8196\" data-element_type=\"widget\" data-widget_type=\"text-editor.default\">\n\t\t\t\t<div class=\"elementor-widget-container\">\n\t\t\t\t\t<div class=\"elementor-text-editor elementor-clearfix\"><h2>Pedido de Provid\u00eancia<\/h2><\/div>\n\t\t\t\t<\/div>\n\t\t\t\t<\/div>\n\t\t\t\t<div class=\"elementor-element elementor-element-d4d4aca elementor-widget elementor-widget-text-editor\" data-id=\"d4d4aca\" data-element_type=\"widget\" data-widget_type=\"text-editor.default\">\n\t\t\t\t<div class=\"elementor-widget-container\">\n\t\t\t\t\t<div class=\"elementor-text-editor elementor-clearfix\"><div class=\"sdm_download_item \"><div class=\"sdm_download_item_top\"><div class=\"sdm_download_thumbnail\"><\/div><div class=\"sdm_download_title\">Pedido de Provid\u00eancia n\u00ba 16, de 03 de abril de 2017.<\/div><\/div><div style=\"clear:both\"><\/div><div class=\"sdm_download_description\"><p>Solicita provid\u00eancias ao Executivo Municipal, atrav\u00e9s da Secretaria de Obras, que fa\u00e7a a demarca\u00e7\u00e3o de faixas de seguran\u00e7a, uma em frente ao Posto de Sa\u00fade e a outra em frente ao banheiro p\u00fablico de Vila Ita\u00faba. APROVADO.<\/p>\n<\/div><div class=\"sdm_download_link\"><span class=\"sdm_download_button\"><a href=\"https:\/\/www.camaraestrelavelha.rs.gov.br\/portal\/?smd_process_download=1&amp;download_id=2024\" class=\"sdm_download grey\" title=\"Pedido de Provid\u00eancia n\u00ba 16, de 03 de abril de 2017.\" target=\"_self\">Baixar agora!<\/a><\/span><span class=\"sdm_download_item_count\"><span class=\"sdm_item_count_number\">363<\/span><span class=\"sdm_item_count_string\"> Downloads<\/span><\/span><\/div><\/div><div class=\"sdm_download_item \"><div class=\"sdm_download_item_top\"><div class=\"sdm_download_thumbnail\"><\/div><div class=\"sdm_download_title\">Pedido de Provid\u00eancia n\u00ba 10 de 06 de fevereiro de 2017. APROVADO.<\/div><\/div><div style=\"clear:both\"><\/div><div class=\"sdm_download_description\"><p>Solicita PROVID\u00caNCIAS ao Executivo Municipal, atrav\u00e9s da Secretaria de Educa\u00e7\u00e3o, que viabilize a contrata\u00e7\u00e3o de guarda noturno e a instala\u00e7\u00e3o de c\u00e2meras de seguran\u00e7a na Escola 25 de Julho de Linha S\u00e3o Marcos.<\/p>\n<\/div><div class=\"sdm_download_link\"><span class=\"sdm_download_button\"><a href=\"https:\/\/www.camaraestrelavelha.rs.gov.br\/portal\/?smd_process_download=1&amp;download_id=2022\" class=\"sdm_download grey\" title=\"Pedido de Provid\u00eancia n\u00ba 10 de 06 de fevereiro de 2017. APROVADO.\" target=\"_self\">Baixar agora!<\/a><\/span><span class=\"sdm_download_item_count\"><span class=\"sdm_item_count_number\">343<\/span><span class=\"sdm_item_count_string\"> Downloads<\/span><\/span><\/div><\/div><div class=\"sdm_clear_float\"><\/div><div class=\"sdm_pagination\"><\/div><\/div>\n\t\t\t\t<\/div>\n\t\t\t\t<\/div>\n\t\t\t\t<div class=\"elementor-element elementor-element-0f8bf04 elementor-widget elementor-widget-text-editor\" data-id=\"0f8bf04\" data-element_type=\"widget\" data-widget_type=\"text-editor.default\">\n\t\t\t\t<div class=\"elementor-widget-container\">\n\t\t\t\t\t<div class=\"elementor-text-editor elementor-clearfix\"><h2>Proposi\u00e7\u00f5es de Indica\u00e7\u00e3o<\/h2><\/div>\n\t\t\t\t<\/div>\n\t\t\t\t<\/div>\n\t\t\t\t<div class=\"elementor-element elementor-element-8a92ac2 elementor-widget elementor-widget-text-editor\" data-id=\"8a92ac2\" data-element_type=\"widget\" data-widget_type=\"text-editor.default\">\n\t\t\t\t<div class=\"elementor-widget-container\">\n\t\t\t\t\t<div class=\"elementor-text-editor elementor-clearfix\">\n<div class=\"sdm_download_item \"><div class=\"sdm_download_item_top\"><div class=\"sdm_download_thumbnail\"><\/div><div class=\"sdm_download_title\">Indica\u00e7\u00e3o n\u00ba 26. ENCAMINHADO AO EXECUTIVO.<\/div><\/div><div style=\"clear:both\"><\/div><div class=\"sdm_download_description\"><p>Indica\u00e7\u00e3o n\u00ba 26, de autoria do Vereador Leonel Luis Somavilla, onde PROP\u00d5E ao Executivo Municipal que disponibilize os profissionais da sa\u00fade necess\u00e1rios para coleta de materiais para exames no Posto de Sa\u00fade de Ita\u00faba. ENCAMINHADO AO EXECUTIVO.<\/p>\n<\/div><div class=\"sdm_download_link\"><span class=\"sdm_download_button\"><a href=\"https:\/\/www.camaraestrelavelha.rs.gov.br\/portal\/?smd_process_download=1&amp;download_id=2034\" class=\"sdm_download grey\" title=\"Indica\u00e7\u00e3o n\u00ba 26. ENCAMINHADO AO EXECUTIVO.\" target=\"_self\">Baixar agora!<\/a><\/span><span class=\"sdm_download_item_count\"><span class=\"sdm_item_count_number\">331<\/span><span class=\"sdm_item_count_string\"> Downloads<\/span><\/span><\/div><\/div><div class=\"sdm_download_item \"><div class=\"sdm_download_item_top\"><div class=\"sdm_download_thumbnail\"><\/div><div class=\"sdm_download_title\">Indica\u00e7\u00e3o n\u00ba 24, de 11 de agosto de 2017.<\/div><\/div><div style=\"clear:both\"><\/div><div class=\"sdm_download_description\"><p>PROP\u00d5E ao Executivo Municipal que estude a possibilidade de firmar conv\u00eanio para repasse mensal de recursos financeiros \u00e0 Casa de Amparo Navegantes de Salto do Jacu\u00ed.<\/p>\n<\/div><div class=\"sdm_download_link\"><span class=\"sdm_download_button\"><a href=\"https:\/\/www.camaraestrelavelha.rs.gov.br\/portal\/?smd_process_download=1&amp;download_id=2032\" class=\"sdm_download grey\" title=\"Indica\u00e7\u00e3o n\u00ba 24, de 11 de agosto de 2017.\" target=\"_self\">Baixar agora!<\/a><\/span><span class=\"sdm_download_item_count\"><span class=\"sdm_item_count_number\">350<\/span><span class=\"sdm_item_count_string\"> Downloads<\/span><\/span><\/div><\/div><div class=\"sdm_download_item \"><div class=\"sdm_download_item_top\"><div class=\"sdm_download_thumbnail\"><\/div><div class=\"sdm_download_title\">Indica\u00e7\u00e3o n\u00ba 22, de 19 de maio de 2017. ENCAMINHADA AO EXECUTIVO.<\/div><\/div><div style=\"clear:both\"><\/div><div class=\"sdm_download_description\"><p>Indica\u00e7\u00e3o de autoria dos Vereadores Lenise Maria Schonfeldt Rodrigues e Leonel Luiz Somavilla que prop\u00f5e ao Executivo Municipal que entre em contato com o Departamento Aut\u00f4nomo de Estradas de Rodagem \u2013 DAER, reivindicando a reformula\u00e7\u00e3o de um dos trevos de acesso ao Munic\u00edpio de Estrela Velha e solicitando tamb\u00e9m a ilumina\u00e7\u00e3o dos dois trevos.<\/p>\n<\/div><div class=\"sdm_download_link\"><span class=\"sdm_download_button\"><a href=\"https:\/\/www.camaraestrelavelha.rs.gov.br\/portal\/?smd_process_download=1&amp;download_id=2030\" class=\"sdm_download grey\" title=\"Indica\u00e7\u00e3o n\u00ba 22, de 19 de maio de 2017. ENCAMINHADA AO EXECUTIVO.\" target=\"_self\">Baixar agora!<\/a><\/span><span class=\"sdm_download_item_count\"><span class=\"sdm_item_count_number\">362<\/span><span class=\"sdm_item_count_string\"> Downloads<\/span><\/span><\/div><\/div><div class=\"sdm_download_item \"><div class=\"sdm_download_item_top\"><div class=\"sdm_download_thumbnail\"><\/div><div class=\"sdm_download_title\">Indica\u00e7\u00e3o n\u00ba 19, de 27 de mar\u00e7o de 2017.<\/div><\/div><div style=\"clear:both\"><\/div><div class=\"sdm_download_description\"><p>Prop\u00f5e ao Executivo Municipal que providencie placas de sinaliza\u00e7\u00e3o e demarca\u00e7\u00f5es em frente ao Cemit\u00e9rio e a Casa Mortu\u00e1ria. ENCAMINHADA AO EXECUTIVO.<\/p>\n<\/div><div class=\"sdm_download_link\"><span class=\"sdm_download_button\"><a href=\"https:\/\/www.camaraestrelavelha.rs.gov.br\/portal\/?smd_process_download=1&amp;download_id=2028\" class=\"sdm_download grey\" title=\"Indica\u00e7\u00e3o n\u00ba 19, de 27 de mar\u00e7o de 2017.\" target=\"_self\">Baixar agora!<\/a><\/span><span class=\"sdm_download_item_count\"><span class=\"sdm_item_count_number\">342<\/span><span class=\"sdm_item_count_string\"> Downloads<\/span><\/span><\/div><\/div><div class=\"sdm_download_item \"><div class=\"sdm_download_item_top\"><div class=\"sdm_download_thumbnail\"><\/div><div class=\"sdm_download_title\">Indica\u00e7\u00e3o n\u00ba 09, de 31 de janeiro de 2017.<\/div><\/div><div style=\"clear:both\"><\/div><div class=\"sdm_download_description\"><p>Prop\u00f5e ao Executivo Municipal que providencie a pavimenta\u00e7\u00e3o e constru\u00e7\u00e3o de um abrigo escolar em frente \u00e0 Escola Estadual de Ensino Fundamental Ita\u00faba. ENCAMINHADA AO EXECUTIVO.<\/p>\n<\/div><div class=\"sdm_download_link\"><span class=\"sdm_download_button\"><a href=\"https:\/\/www.camaraestrelavelha.rs.gov.br\/portal\/?smd_process_download=1&amp;download_id=2026\" class=\"sdm_download grey\" title=\"Indica\u00e7\u00e3o n\u00ba 09, de 31 de janeiro de 2017.\" target=\"_self\">Baixar agora!<\/a><\/span><span class=\"sdm_download_item_count\"><span class=\"sdm_item_count_number\">331<\/span><span class=\"sdm_item_count_string\"> Downloads<\/span><\/span><\/div><\/div><div class=\"sdm_clear_float\"><\/div><div class=\"sdm_pagination\"><\/div><\/div>\n\t\t\t\t<\/div>\n\t\t\t\t<\/div>\n\t\t\t\t<div class=\"elementor-element elementor-element-9fc7896 elementor-widget elementor-widget-text-editor\" data-id=\"9fc7896\" data-element_type=\"widget\" data-widget_type=\"text-editor.default\">\n\t\t\t\t<div class=\"elementor-widget-container\">\n\t\t\t\t\t<div class=\"elementor-text-editor elementor-clearfix\"><h2>Requerimentos<\/h2><\/div>\n\t\t\t\t<\/div>\n\t\t\t\t<\/div>\n\t\t\t\t\t\t<\/div>\n\t\t\t\t\t<\/div>\n\t\t<\/div>\n\t\t\t\t\t\t\t\t<\/div>\n\t\t\t\t\t<\/div>\n\t\t<\/section>\n\t\t\t\t\t\t<\/div>\n\t\t\t\t\t\t<\/div>\n\t\t\t\t\t<\/div>\n\t\t","protected":false},"excerpt":{"rendered":"<p>Leonel Luiz Somavilla \u00a0 PARTIDO: PSBTELEFONE: (51) 3616 &#8211; 7313\u00a0 DESCRI\u00c7\u00c3O: Nasceu no dia 1\u00ba de maio de 1958, em Arroio do Tigre. Casado com Silvia Spanevello Somavilla e pai de dois filhos: Alexandre e Emanuela. Iniciou sua vida profissional ainda jovem, quando trabalhava como motorista aut\u00f4nomo e ajudava no com\u00e9rcio de sua fam\u00edlia na [&hellip;]<\/p>\n","protected":false},"author":2,"featured_media":0,"parent":0,"menu_order":0,"comment_status":"closed","ping_status":"closed","template":"","meta":{"episode_type":"","audio_file":"","duration":"","filesize":"","date_recorded":"","explicit":"","block":"","filesize_raw":""},"_links":{"self":[{"href":"https:\/\/www.camaraestrelavelha.rs.gov.br\/portal\/wp-json\/wp\/v2\/pages\/1991"}],"collection":[{"href":"https:\/\/www.camaraestrelavelha.rs.gov.br\/portal\/wp-json\/wp\/v2\/pages"}],"about":[{"href":"https:\/\/www.camaraestrelavelha.rs.gov.br\/portal\/wp-json\/wp\/v2\/types\/page"}],"author":[{"embeddable":true,"href":"https:\/\/www.camaraestrelavelha.rs.gov.br\/portal\/wp-json\/wp\/v2\/users\/2"}],"replies":[{"embeddable":true,"href":"https:\/\/www.camaraestrelavelha.rs.gov.br\/portal\/wp-json\/wp\/v2\/comments?post=1991"}],"version-history":[{"count":7,"href":"https:\/\/www.camaraestrelavelha.rs.gov.br\/portal\/wp-json\/wp\/v2\/pages\/1991\/revisions"}],"predecessor-version":[{"id":1999,"href":"https:\/\/www.camaraestrelavelha.rs.gov.br\/portal\/wp-json\/wp\/v2\/pages\/1991\/revisions\/1999"}],"wp:attachment":[{"href":"https:\/\/www.camaraestrelavelha.rs.gov.br\/portal\/wp-json\/wp\/v2\/media?parent=1991"}],"curies":[{"name":"wp","href":"https:\/\/api.w.org\/{rel}","templated":true}]}}