{"id":289,"date":"2020-04-28T15:34:39","date_gmt":"2020-04-28T18:34:39","guid":{"rendered":"http:\/\/camaraestrelavelha.rs.gov.br\/portal\/?page_id=289"},"modified":"2025-09-26T10:32:19","modified_gmt":"2025-09-26T13:32:19","slug":"quadro-de-pessoal","status":"publish","type":"page","link":"https:\/\/www.camaraestrelavelha.rs.gov.br\/portal\/quadro-de-pessoal\/","title":{"rendered":"Quadro de Servidores"},"content":{"rendered":"\t\t<div data-elementor-type=\"wp-page\" data-elementor-id=\"289\" class=\"elementor elementor-289\" data-elementor-settings=\"[]\">\n\t\t\t\t\t\t<div class=\"elementor-inner\">\n\t\t\t\t\t\t\t<div class=\"elementor-section-wrap\">\n\t\t\t\t\t\t\t<section class=\"elementor-section elementor-top-section elementor-element elementor-element-8206be5 elementor-section-boxed elementor-section-height-default elementor-section-height-default\" data-id=\"8206be5\" data-element_type=\"section\">\n\t\t\t\t\t\t<div class=\"elementor-container elementor-column-gap-default\">\n\t\t\t\t\t\t\t<div class=\"elementor-row\">\n\t\t\t\t\t<div class=\"elementor-column elementor-col-100 elementor-top-column elementor-element elementor-element-59f6903\" data-id=\"59f6903\" data-element_type=\"column\">\n\t\t\t<div class=\"elementor-column-wrap elementor-element-populated\">\n\t\t\t\t\t\t\t<div class=\"elementor-widget-wrap\">\n\t\t\t\t\t\t<div class=\"elementor-element elementor-element-f6e15ec elementor-widget elementor-widget-text-editor\" data-id=\"f6e15ec\" data-element_type=\"widget\" data-widget_type=\"text-editor.default\">\n\t\t\t\t<div class=\"elementor-widget-container\">\n\t\t\t\t\t<div class=\"elementor-text-editor elementor-clearfix\"><h1>Quadro de Servidores<\/h1><p><strong>Cristiana Soder<br \/><\/strong><em>Agente Administrativo T\u00e9cnico<br \/>email: <a href=\"mailto:administrativo@camaraestrelavelha.rs.gov.br\">administrativo@camaraestrelavelha.rs.gov.<\/a><\/em><\/p><p><em><b>Tacieli dos Santos<\/b><br \/><\/em><i>Diretor Geral<\/i><br \/><em>email:<span style=\"color: #808080;\">\u00a0<\/span><\/em><span style=\"color: #0000ee;\"><i><span style=\"color: #808080;\">diretor-geral@camararstrelavelha.rs.gov.br<\/span>\u00a0<\/i><\/span><\/p><p><span style=\"color: #808080;\"><i><em><b>Elisangela da Silva<\/b><br \/><\/em>Assessora Legislativa<br \/><em>email:\u00a0<\/em>assessorialeg@camararstrelavelha.rs.gov.br\u00a0<\/i><\/span><\/p><p><strong>Mari\u00e2ngela Ravanello<br \/><\/strong><em>T\u00e9cnico em Contabilidade<br \/>email: <a href=\"mailto:contabilidade@camaraestrelavelha.rs.gov.br\">contabilidade@camaraestrelavelha.rs.gov.br<\/a><\/em><\/p><p><em><b>Carla Corr\u00eaa Ravanello<\/b><\/em><em><br \/><\/em>Assessora Jur\u00eddica<\/p><p><strong><em>Suzana Castilhos<br \/><\/em><\/strong><em>Auxiliar de Servi\u00e7os Gerais<\/em><\/p><\/div>\n\t\t\t\t<\/div>\n\t\t\t\t<\/div>\n\t\t\t\t\t\t<\/div>\n\t\t\t\t\t<\/div>\n\t\t<\/div>\n\t\t\t\t\t\t\t\t<\/div>\n\t\t\t\t\t<\/div>\n\t\t<\/section>\n\t\t\t\t\t\t<\/div>\n\t\t\t\t\t\t<\/div>\n\t\t\t\t\t<\/div>\n\t\t","protected":false},"excerpt":{"rendered":"<p>Quadro de Servidores Cristiana SoderAgente Administrativo T\u00e9cnicoemail: administrativo@camaraestrelavelha.rs.gov. Tacieli dos SantosDiretor Geralemail:\u00a0diretor-geral@camararstrelavelha.rs.gov.br\u00a0 Elisangela da SilvaAssessora Legislativaemail:\u00a0assessorialeg@camararstrelavelha.rs.gov.br\u00a0 Mari\u00e2ngela RavanelloT\u00e9cnico em Contabilidadeemail: contabilidade@camaraestrelavelha.rs.gov.br Carla Corr\u00eaa RavanelloAssessora Jur\u00eddica Suzana CastilhosAuxiliar de Servi\u00e7os Gerais<\/p>\n","protected":false},"author":2,"featured_media":0,"parent":0,"menu_order":0,"comment_status":"closed","ping_status":"closed","template":"","meta":{"episode_type":"","audio_file":"","duration":"","filesize":"","date_recorded":"","explicit":"","block":"","filesize_raw":""},"_links":{"self":[{"href":"https:\/\/www.camaraestrelavelha.rs.gov.br\/portal\/wp-json\/wp\/v2\/pages\/289"}],"collection":[{"href":"https:\/\/www.camaraestrelavelha.rs.gov.br\/portal\/wp-json\/wp\/v2\/pages"}],"about":[{"href":"https:\/\/www.camaraestrelavelha.rs.gov.br\/portal\/wp-json\/wp\/v2\/types\/page"}],"author":[{"embeddable":true,"href":"https:\/\/www.camaraestrelavelha.rs.gov.br\/portal\/wp-json\/wp\/v2\/users\/2"}],"replies":[{"embeddable":true,"href":"https:\/\/www.camaraestrelavelha.rs.gov.br\/portal\/wp-json\/wp\/v2\/comments?post=289"}],"version-history":[{"count":30,"href":"https:\/\/www.camaraestrelavelha.rs.gov.br\/portal\/wp-json\/wp\/v2\/pages\/289\/revisions"}],"predecessor-version":[{"id":10422,"href":"https:\/\/www.camaraestrelavelha.rs.gov.br\/portal\/wp-json\/wp\/v2\/pages\/289\/revisions\/10422"}],"wp:attachment":[{"href":"https:\/\/www.camaraestrelavelha.rs.gov.br\/portal\/wp-json\/wp\/v2\/media?parent=289"}],"curies":[{"name":"wp","href":"https:\/\/api.w.org\/{rel}","templated":true}]}}