{"id":293,"date":"2020-04-28T15:37:47","date_gmt":"2020-04-28T18:37:47","guid":{"rendered":"http:\/\/camaraestrelavelha.rs.gov.br\/portal\/?page_id=293"},"modified":"2026-03-06T09:30:09","modified_gmt":"2026-03-06T12:30:09","slug":"historico","status":"publish","type":"page","link":"https:\/\/www.camaraestrelavelha.rs.gov.br\/portal\/historico\/","title":{"rendered":"Hist\u00f3rico"},"content":{"rendered":"<h1>Hist\u00f3rico<\/h1>\n<p><img loading=\"lazy\" src=\"http:\/\/camaraestrelavelha.rs.gov.br\/portal\/wp-content\/uploads\/2020\/04\/Hist\u00f3rico-213x300.png\" alt=\"\" width=\"213\" height=\"300\" \/>A C\u00e2mara Municipal de Vereadores de Estrela Velha iniciou suas atividades em 1\u00ba de janeiro de 1997. Desde ent\u00e3o vem funcionando regular e ininterruptamente, com um colegiado eleito pelo voto popular, exercendo o Poder Legislativo, com atribui\u00e7\u00f5es de autoadministrar-se, legislar, fiscalizar e julgar os atos do Poder Executivo.<\/p>\n<p>\u00c9 uma institui\u00e7\u00e3o legitimada pelos princ\u00edpios consignados na Constitui\u00e7\u00e3o Federal de 1988. Composta de 09 Vereadores e servidores, a C\u00e2mara de Estrela Velha vem valorizando a qualifica\u00e7\u00e3o de seu quadro de servidores e o aparelhamento do ambiente administrativo, buscando proporcionar um assessoramento adequado aos Vereadores no exerc\u00edcio do mandato popular, bem como para a popula\u00e7\u00e3o que busca o conhecimento das atividades desenvolvidas por estes.<\/p>\n<p>O Poder Legislativo de Estrela Velha, no curso de sua hist\u00f3ria, tem perseguido constantemente a transpar\u00eancia e a excel\u00eancia em seus servi\u00e7os. Neste sentido, o ambiente cameral \u00e9 conhecido como &#8220;Casa do Povo&#8221;, para caracterizar a condi\u00e7\u00e3o de um local onde os representantes populares discutem os assuntos relacionados diretamente com o interesse de seus mun\u00edcipes.<\/p>\n<p>A C\u00e2mara teve inicialmente sua sede de reuni\u00f5es no antigo pr\u00e9dio da Escola Municipal de Ensino Fundamental \u00c1lvaro Rodrigues Leit\u00e3o. J\u00e1 no ano de 2008, com inaugura\u00e7\u00e3o da nova sede da Prefeitura Municipal de Estrela Velha, a C\u00e2mara passou a ter como sede a mesma que a Prefeitura, funcionando assim juntamente a Secretaria da C\u00e2mara adjunta da Sala de Reuni\u00f5es. Atualmente a C\u00e2mara de Vereadores tem seu pr\u00e9dio pr\u00f3prio\u00a0 \u00a0 localizado na\u00a0 <strong>\u00a0<\/strong>Avenida Lauro Billig de Castilhos, N\u00ba 410, Centro de Estrela Velha \u2013 RS.<\/p>\n","protected":false},"excerpt":{"rendered":"<p>Hist\u00f3rico A C\u00e2mara Municipal de Vereadores de Estrela Velha iniciou suas atividades em 1\u00ba de janeiro de 1997. Desde ent\u00e3o vem funcionando regular e ininterruptamente, com um colegiado eleito pelo voto popular, exercendo o Poder Legislativo, com atribui\u00e7\u00f5es de autoadministrar-se, legislar, fiscalizar e julgar os atos do Poder Executivo. \u00c9 uma institui\u00e7\u00e3o legitimada pelos princ\u00edpios [&hellip;]<\/p>\n","protected":false},"author":2,"featured_media":0,"parent":0,"menu_order":0,"comment_status":"closed","ping_status":"closed","template":"","meta":{"episode_type":"","audio_file":"","duration":"","filesize":"","date_recorded":"","explicit":"","block":"","filesize_raw":""},"_links":{"self":[{"href":"https:\/\/www.camaraestrelavelha.rs.gov.br\/portal\/wp-json\/wp\/v2\/pages\/293"}],"collection":[{"href":"https:\/\/www.camaraestrelavelha.rs.gov.br\/portal\/wp-json\/wp\/v2\/pages"}],"about":[{"href":"https:\/\/www.camaraestrelavelha.rs.gov.br\/portal\/wp-json\/wp\/v2\/types\/page"}],"author":[{"embeddable":true,"href":"https:\/\/www.camaraestrelavelha.rs.gov.br\/portal\/wp-json\/wp\/v2\/users\/2"}],"replies":[{"embeddable":true,"href":"https:\/\/www.camaraestrelavelha.rs.gov.br\/portal\/wp-json\/wp\/v2\/comments?post=293"}],"version-history":[{"count":6,"href":"https:\/\/www.camaraestrelavelha.rs.gov.br\/portal\/wp-json\/wp\/v2\/pages\/293\/revisions"}],"predecessor-version":[{"id":10892,"href":"https:\/\/www.camaraestrelavelha.rs.gov.br\/portal\/wp-json\/wp\/v2\/pages\/293\/revisions\/10892"}],"wp:attachment":[{"href":"https:\/\/www.camaraestrelavelha.rs.gov.br\/portal\/wp-json\/wp\/v2\/media?parent=293"}],"curies":[{"name":"wp","href":"https:\/\/api.w.org\/{rel}","templated":true}]}}