{"id":310,"date":"2020-04-28T15:55:46","date_gmt":"2020-04-28T18:55:46","guid":{"rendered":"http:\/\/camaraestrelavelha.rs.gov.br\/portal\/?page_id=310"},"modified":"2020-04-28T15:56:30","modified_gmt":"2020-04-28T18:56:30","slug":"reuniao","status":"publish","type":"page","link":"https:\/\/www.camaraestrelavelha.rs.gov.br\/portal\/reuniao\/","title":{"rendered":"Reuni\u00e3o"},"content":{"rendered":"\t\t<div data-elementor-type=\"wp-page\" data-elementor-id=\"310\" class=\"elementor elementor-310\" data-elementor-settings=\"[]\">\n\t\t\t\t\t\t<div class=\"elementor-inner\">\n\t\t\t\t\t\t\t<div class=\"elementor-section-wrap\">\n\t\t\t\t\t\t\t<section class=\"elementor-section elementor-top-section elementor-element elementor-element-9dd5816 elementor-section-boxed elementor-section-height-default elementor-section-height-default\" data-id=\"9dd5816\" data-element_type=\"section\">\n\t\t\t\t\t\t<div class=\"elementor-container elementor-column-gap-default\">\n\t\t\t\t\t\t\t<div class=\"elementor-row\">\n\t\t\t\t\t<div class=\"elementor-column elementor-col-100 elementor-top-column elementor-element elementor-element-658d0b3\" data-id=\"658d0b3\" data-element_type=\"column\">\n\t\t\t<div class=\"elementor-column-wrap elementor-element-populated\">\n\t\t\t\t\t\t\t<div class=\"elementor-widget-wrap\">\n\t\t\t\t\t\t<div class=\"elementor-element elementor-element-a1885e6 elementor-widget elementor-widget-text-editor\" data-id=\"a1885e6\" data-element_type=\"widget\" data-widget_type=\"text-editor.default\">\n\t\t\t\t<div class=\"elementor-widget-container\">\n\t\t\t\t\t<div class=\"elementor-text-editor elementor-clearfix\"><h1>Reuni\u00e3o<\/h1><p><br \/>As reuni\u00f5es das C\u00e2maras Municipais denominadas sess\u00f5es s\u00e3o classificadas em ordin\u00e1rias, extraordin\u00e1rias, solenes, especiais e de elei\u00e7\u00e3o e instala\u00e7\u00e3o de legislatura.<\/p><p>Sess\u00e3o Ordin\u00e1ria<br \/>S\u00e3o as que se realizam nos dias e horas predeterminada pelo regime interno da C\u00e2mara, independente de convoca\u00e7\u00e3o.<\/p><p>Sess\u00e3o Extraordin\u00e1ria<br \/>S\u00e3o as que se realizam nos dias e horas diversos dos previstos para as sess\u00f5es ordin\u00e1rias. Dependem de convoca\u00e7\u00e3o. Nelas s\u00f3 se pode apreciar a mat\u00e9ria em raz\u00e3o da qual foram convocadas. N\u00e3o s\u00e3o remuneradas.<\/p><p>Sess\u00e3o Solene<br \/>Destina-se \u00e0 comemora\u00e7\u00e3o ou homenagem e nela s\u00f3 poder\u00e3o fazer uso da palavra os Vereadores previamente indicados pelo Presidente de comum acordo com as lideran\u00e7as, o Prefeito, quando presente, e os homenageados.<\/p><p>Sess\u00e3o Secreta<br \/>Para tratar de assuntos de sua economia interna, quando seja o sigilo necess\u00e1rio a preserva\u00e7\u00e3o do decoro parlamentar.<\/p><\/div>\n\t\t\t\t<\/div>\n\t\t\t\t<\/div>\n\t\t\t\t\t\t<\/div>\n\t\t\t\t\t<\/div>\n\t\t<\/div>\n\t\t\t\t\t\t\t\t<\/div>\n\t\t\t\t\t<\/div>\n\t\t<\/section>\n\t\t\t\t\t\t<\/div>\n\t\t\t\t\t\t<\/div>\n\t\t\t\t\t<\/div>\n\t\t","protected":false},"excerpt":{"rendered":"<p>Reuni\u00e3o As reuni\u00f5es das C\u00e2maras Municipais denominadas sess\u00f5es s\u00e3o classificadas em ordin\u00e1rias, extraordin\u00e1rias, solenes, especiais e de elei\u00e7\u00e3o e instala\u00e7\u00e3o de legislatura. Sess\u00e3o Ordin\u00e1riaS\u00e3o as que se realizam nos dias e horas predeterminada pelo regime interno da C\u00e2mara, independente de convoca\u00e7\u00e3o. Sess\u00e3o Extraordin\u00e1riaS\u00e3o as que se realizam nos dias e horas diversos dos previstos para [&hellip;]<\/p>\n","protected":false},"author":2,"featured_media":0,"parent":0,"menu_order":0,"comment_status":"closed","ping_status":"closed","template":"","meta":{"episode_type":"","audio_file":"","duration":"","filesize":"","date_recorded":"","explicit":"","block":"","filesize_raw":""},"_links":{"self":[{"href":"https:\/\/www.camaraestrelavelha.rs.gov.br\/portal\/wp-json\/wp\/v2\/pages\/310"}],"collection":[{"href":"https:\/\/www.camaraestrelavelha.rs.gov.br\/portal\/wp-json\/wp\/v2\/pages"}],"about":[{"href":"https:\/\/www.camaraestrelavelha.rs.gov.br\/portal\/wp-json\/wp\/v2\/types\/page"}],"author":[{"embeddable":true,"href":"https:\/\/www.camaraestrelavelha.rs.gov.br\/portal\/wp-json\/wp\/v2\/users\/2"}],"replies":[{"embeddable":true,"href":"https:\/\/www.camaraestrelavelha.rs.gov.br\/portal\/wp-json\/wp\/v2\/comments?post=310"}],"version-history":[{"count":2,"href":"https:\/\/www.camaraestrelavelha.rs.gov.br\/portal\/wp-json\/wp\/v2\/pages\/310\/revisions"}],"predecessor-version":[{"id":312,"href":"https:\/\/www.camaraestrelavelha.rs.gov.br\/portal\/wp-json\/wp\/v2\/pages\/310\/revisions\/312"}],"wp:attachment":[{"href":"https:\/\/www.camaraestrelavelha.rs.gov.br\/portal\/wp-json\/wp\/v2\/media?parent=310"}],"curies":[{"name":"wp","href":"https:\/\/api.w.org\/{rel}","templated":true}]}}