{"id":321,"date":"2020-04-28T16:01:17","date_gmt":"2020-04-28T19:01:17","guid":{"rendered":"http:\/\/camaraestrelavelha.rs.gov.br\/portal\/?page_id=321"},"modified":"2026-02-03T14:57:18","modified_gmt":"2026-02-03T17:57:18","slug":"comissoes","status":"publish","type":"page","link":"https:\/\/www.camaraestrelavelha.rs.gov.br\/portal\/comissoes\/","title":{"rendered":"Comiss\u00f5es"},"content":{"rendered":"<p><strong><u>COMISS\u00c3O CONSTITUI\u00c7\u00c3O, JUSTI\u00c7A E REDA\u00c7\u00c3O<\/u><\/strong><strong>:<\/strong><\/p>\n<p><strong>PRESIDENTE<\/strong>: Vanusa da Silva Ceolin<\/p>\n<p><strong>VICE:<\/strong> Valdir Freese<\/p>\n<p><strong>SECRET\u00c1RIO<\/strong>: Eraldo Preuss<\/p>\n<p><strong>2\u00ba SECRET\u00c1RIO<\/strong>: Leston Manske<\/p>\n<p><strong><u>COMISS\u00c3O OR\u00c7AMENTO, FINAN\u00c7AS E TRIBUTA\u00c7\u00c3O<\/u><\/strong><strong>:<\/strong><\/p>\n<p><strong>PRESIDENTE<\/strong>: Jackson Rafael Ravanello<\/p>\n<p><strong>VICE<\/strong>: Jos\u00e9 Aldair da Silva<\/p>\n<p><strong>SECRET\u00c1RIO<\/strong>: Neusa Maria Ravanello Billig<\/p>\n<p><strong>2\u00ba SECRET\u00c1RIO<\/strong>: Ezequiel Somavilla<\/p>\n<p><strong><u>COMISS\u00c3O REPRESENTATIVA<\/u><\/strong><strong>:<\/strong><\/p>\n<p><strong>PRESIDENTE<\/strong>: Carlos Jos\u00e9 Somavilla<\/p>\n<p><strong>VICE-PRESIDENTE:<\/strong> Vanusa da Silva Ceolin<\/p>\n<p><strong>SECRET\u00c1RIO<\/strong>: Jackson Rafael Ravanello<\/p>\n<p><strong><u>COMISS\u00c3O DE \u00c9TICA E DECORO PARLAMENTAR<\/u><\/strong><strong>:<\/strong><\/p>\n<p><strong>PRESIDENTE:<\/strong> Jackson Rafael Ravanello<\/p>\n<p><strong>VICE<\/strong>: Valdir Freese<\/p>\n<p><strong>SECRET\u00c1RIO:<\/strong> Neusa Maria Ravanello Billig<\/p>\n<p><strong>2\u00ba SECRET\u00c1RIO:<\/strong> Vanusa da Silva Ceolin<\/p>\n","protected":false},"excerpt":{"rendered":"<p>COMISS\u00c3O CONSTITUI\u00c7\u00c3O, JUSTI\u00c7A E REDA\u00c7\u00c3O: PRESIDENTE: Vanusa da Silva Ceolin VICE: Valdir Freese SECRET\u00c1RIO: Eraldo Preuss 2\u00ba SECRET\u00c1RIO: Leston Manske COMISS\u00c3O OR\u00c7AMENTO, FINAN\u00c7AS E TRIBUTA\u00c7\u00c3O: PRESIDENTE: Jackson Rafael Ravanello VICE: Jos\u00e9 Aldair da Silva SECRET\u00c1RIO: Neusa Maria Ravanello Billig 2\u00ba SECRET\u00c1RIO: Ezequiel Somavilla COMISS\u00c3O REPRESENTATIVA: PRESIDENTE: Carlos Jos\u00e9 Somavilla VICE-PRESIDENTE: Vanusa da Silva Ceolin SECRET\u00c1RIO: [&hellip;]<\/p>\n","protected":false},"author":2,"featured_media":0,"parent":0,"menu_order":0,"comment_status":"closed","ping_status":"closed","template":"","meta":{"episode_type":"","audio_file":"","duration":"","filesize":"","date_recorded":"","explicit":"","block":"","filesize_raw":""},"_links":{"self":[{"href":"https:\/\/www.camaraestrelavelha.rs.gov.br\/portal\/wp-json\/wp\/v2\/pages\/321"}],"collection":[{"href":"https:\/\/www.camaraestrelavelha.rs.gov.br\/portal\/wp-json\/wp\/v2\/pages"}],"about":[{"href":"https:\/\/www.camaraestrelavelha.rs.gov.br\/portal\/wp-json\/wp\/v2\/types\/page"}],"author":[{"embeddable":true,"href":"https:\/\/www.camaraestrelavelha.rs.gov.br\/portal\/wp-json\/wp\/v2\/users\/2"}],"replies":[{"embeddable":true,"href":"https:\/\/www.camaraestrelavelha.rs.gov.br\/portal\/wp-json\/wp\/v2\/comments?post=321"}],"version-history":[{"count":18,"href":"https:\/\/www.camaraestrelavelha.rs.gov.br\/portal\/wp-json\/wp\/v2\/pages\/321\/revisions"}],"predecessor-version":[{"id":10718,"href":"https:\/\/www.camaraestrelavelha.rs.gov.br\/portal\/wp-json\/wp\/v2\/pages\/321\/revisions\/10718"}],"wp:attachment":[{"href":"https:\/\/www.camaraestrelavelha.rs.gov.br\/portal\/wp-json\/wp\/v2\/media?parent=321"}],"curies":[{"name":"wp","href":"https:\/\/api.w.org\/{rel}","templated":true}]}}