{"id":325,"date":"2020-04-28T16:04:06","date_gmt":"2020-04-28T19:04:06","guid":{"rendered":"http:\/\/camaraestrelavelha.rs.gov.br\/portal\/?page_id=325"},"modified":"2025-12-17T15:05:16","modified_gmt":"2025-12-17T18:05:16","slug":"mesa-diretora","status":"publish","type":"page","link":"https:\/\/www.camaraestrelavelha.rs.gov.br\/portal\/mesa-diretora\/","title":{"rendered":"Mesa Diretora"},"content":{"rendered":"<p>A C\u00e2mara Municipal \u00e9 o Poder Legislativo do Munic\u00edpio e se comp\u00f5e de Vereadores eleitos nas condi\u00e7\u00f5es e nos termos da Legisla\u00e7\u00e3o vigente. Tem fun\u00e7\u00e3o precipuamente legislativa, exercendo atribui\u00e7\u00f5es de fiscaliza\u00e7\u00e3o, controle, julgamento e assessoramento dos atos do Executivo e, no que lhe compete, pratica atos de administra\u00e7\u00e3o interna.<\/p>\n<p style=\"font-weight: 400; text-align: center;\"><strong style=\"font-style: inherit; font-weight: 600;\">\u00a0 LIDERAN\u00c7AS DE 2026<\/strong><\/p>\n<p style=\"font-weight: 400; text-align: center;\"><strong style=\"font-style: inherit; font-weight: 600;\">\u00a0 \u00a0 \u00a0 \u00a0 \u00a0 \u00a0 \u00a0 \u00a0 \u00a0 \u00a0 \u00a0 \u00a0 \u00a0 \u00a0 \u00a0 \u00a0 MESA DIRETORA\u00a0 \u00a0 \u00a0 \u00a0 \u00a0 \u00a0 \u00a0 \u00a0 \u00a0 \u00a0 \u00a0 \u00a0 \u00a0 \u00a0\u00a0<\/strong><\/p>\n<p style=\"font-weight: 400; text-align: center;\"><strong style=\"font-style: inherit; font-weight: 600;\">PRESIDENTE:\u00a0<\/strong> Carlos\u00a0 Jos\u00e9 Somavilla(MDB)<\/p>\n<p style=\"font-weight: 400; text-align: center;\"><strong style=\"font-style: inherit; font-weight: 600;\">VICE-PRESIDENTE:<\/strong> Leston Manske (MDB)<\/p>\n<p style=\"font-weight: 400; text-align: center;\"><strong style=\"font-style: inherit; font-weight: 600;\">SECRET\u00c1RIO:<\/strong> Ezequiel Somavilla (MDB)<\/p>\n<p style=\"font-weight: 400; text-align: center;\"><strong style=\"font-style: inherit; font-weight: 600;\">2\u00ba SECRET\u00c1RIO: <\/strong>Jackson Rafael Ravanello \u00a0(MDB)<\/p>\n<p style=\"font-weight: 400;\"><strong style=\"font-style: inherit; font-weight: 600;\">L\u00edder do Governo:<\/strong> Jos\u00e9 Aldair da Silva (MDB)<\/p>\n<p style=\"font-weight: 400;\"><strong style=\"font-style: inherit; font-weight: 600;\">Vice-L\u00edder:<\/strong> Jackson Rafael Ravanello \u00a0(MDB)<\/p>\n<p style=\"font-weight: 400;\"><strong>Bancada do Progressistas:<\/strong><\/p>\n<p style=\"font-weight: 400;\">L\u00edder: Vanusa da Silva Ceolin<\/p>\n<p style=\"font-weight: 400;\">Vice-L\u00edder: Eraldo Preuss<\/p>\n<p style=\"font-weight: 400;\"><strong>Bancada do MDB:<\/strong><\/p>\n<p style=\"font-weight: 400;\">L\u00edder: Leston Manske<\/p>\n<p style=\"font-weight: 400;\">Vice-L\u00edder: Neusa Maria Ravanello Billig<\/p>\n<p style=\"font-weight: 400;\">\n<p style=\"font-weight: 400;\"><strong>COMISS\u00c3O CONSTITUI\u00c7\u00c3O, JUSTI\u00c7A E REDA\u00c7\u00c3O:<\/strong><\/p>\n<p style=\"font-weight: 400;\"><strong>PRESIDENTE:<\/strong> Vanusa da Silva Ceolin<\/p>\n<p style=\"font-weight: 400;\"><strong>VICE:\u00a0<\/strong>Valdir Freese<\/p>\n<p style=\"font-weight: 400;\"><strong>SECRET\u00c1RIO:<\/strong> Eraldo Preuss<\/p>\n<p style=\"font-weight: 400;\"><strong>2\u00ba SECRET\u00c1RIO:<\/strong> Leston Manske<\/p>\n<p style=\"font-weight: 400;\">\n<p style=\"font-weight: 400;\"><strong>COMISS\u00c3O DE OR\u00c7AMENTO, FINAN\u00c7AS E TRIBUTA\u00c7\u00c3O<\/strong><\/p>\n<p style=\"font-weight: 400;\"><strong>PRESIDENTE:<\/strong> Jackson Rafael Ravanello<\/p>\n<p style=\"font-weight: 400;\"><strong>VICE:<\/strong> Jos\u00e9 Aldair da Silva<\/p>\n<p style=\"font-weight: 400;\"><strong>SECRET\u00c1RIO:<\/strong> Neusa Maria Ravanello Billig<\/p>\n<p style=\"font-weight: 400;\"><strong>2\u00ba SECRET\u00c1RIO:<\/strong> Ezequiel Somavilla<\/p>\n<p style=\"font-weight: 400;\">\n<p style=\"font-weight: 400;\"><strong>COMISS\u00c3O REPRESENTATIVA:<\/strong><\/p>\n<p style=\"font-weight: 400;\"><strong>PRESIDENTE:<\/strong> Carlos Jos\u00e9 Somavilla<\/p>\n<p style=\"font-weight: 400;\"><strong>VICE: <\/strong>Vanusa da Silva Ceolin<\/p>\n<p style=\"font-weight: 400;\"><strong>SECRET\u00c1RIO: <\/strong>Jackson Rafael Ravanello<\/p>\n<p style=\"font-weight: 400;\">\n<p style=\"font-weight: 400;\"><strong>COMISS\u00c3O DE \u00c9TICA E DECORO PARLAMENTAR:<\/strong><\/p>\n<p style=\"font-weight: 400;\"><strong>PRESIDENTE:<\/strong> Jackson Rafael Ravanello<\/p>\n<p style=\"font-weight: 400;\"><strong>VICE:<\/strong> Valdir Freese<\/p>\n<p style=\"font-weight: 400;\"><strong>SECRET\u00c1RIO: <\/strong>Neusa Maria Ravanello Billig<\/p>\n<p style=\"font-weight: 400;\"><strong>2\u00ba SECRET\u00c1RIO:<\/strong> Vanusa da Silva Ceolin<\/p>\n","protected":false},"excerpt":{"rendered":"<p>A C\u00e2mara Municipal \u00e9 o Poder Legislativo do Munic\u00edpio e se comp\u00f5e de Vereadores eleitos nas condi\u00e7\u00f5es e nos termos da Legisla\u00e7\u00e3o vigente. Tem fun\u00e7\u00e3o precipuamente legislativa, exercendo atribui\u00e7\u00f5es de fiscaliza\u00e7\u00e3o, controle, julgamento e assessoramento dos atos do Executivo e, no que lhe compete, pratica atos de administra\u00e7\u00e3o interna. \u00a0 LIDERAN\u00c7AS DE 2026 \u00a0 \u00a0 [&hellip;]<\/p>\n","protected":false},"author":2,"featured_media":0,"parent":0,"menu_order":0,"comment_status":"closed","ping_status":"closed","template":"","meta":{"episode_type":"","audio_file":"","duration":"","filesize":"","date_recorded":"","explicit":"","block":"","filesize_raw":""},"_links":{"self":[{"href":"https:\/\/www.camaraestrelavelha.rs.gov.br\/portal\/wp-json\/wp\/v2\/pages\/325"}],"collection":[{"href":"https:\/\/www.camaraestrelavelha.rs.gov.br\/portal\/wp-json\/wp\/v2\/pages"}],"about":[{"href":"https:\/\/www.camaraestrelavelha.rs.gov.br\/portal\/wp-json\/wp\/v2\/types\/page"}],"author":[{"embeddable":true,"href":"https:\/\/www.camaraestrelavelha.rs.gov.br\/portal\/wp-json\/wp\/v2\/users\/2"}],"replies":[{"embeddable":true,"href":"https:\/\/www.camaraestrelavelha.rs.gov.br\/portal\/wp-json\/wp\/v2\/comments?post=325"}],"version-history":[{"count":42,"href":"https:\/\/www.camaraestrelavelha.rs.gov.br\/portal\/wp-json\/wp\/v2\/pages\/325\/revisions"}],"predecessor-version":[{"id":10574,"href":"https:\/\/www.camaraestrelavelha.rs.gov.br\/portal\/wp-json\/wp\/v2\/pages\/325\/revisions\/10574"}],"wp:attachment":[{"href":"https:\/\/www.camaraestrelavelha.rs.gov.br\/portal\/wp-json\/wp\/v2\/media?parent=325"}],"curies":[{"name":"wp","href":"https:\/\/api.w.org\/{rel}","templated":true}]}}