{"id":3250,"date":"2021-01-28T16:04:09","date_gmt":"2021-01-28T19:04:09","guid":{"rendered":"http:\/\/camaraestrelavelha.rs.gov.br\/portal\/?page_id=3250"},"modified":"2021-12-27T09:50:22","modified_gmt":"2021-12-27T12:50:22","slug":"audio-das-sessoes-2021","status":"publish","type":"page","link":"https:\/\/www.camaraestrelavelha.rs.gov.br\/portal\/audio-das-sessoes-2021\/","title":{"rendered":"\u00c1udio das Sess\u00f5es &#8211; 2021"},"content":{"rendered":"\n<p><a href=\"https:\/\/drive.google.com\/file\/d\/1kGBGubMjEuzNmj1YwX_kAEg9UbG1_6KK\/view?usp=sharing\" data-type=\"URL\" data-id=\"https:\/\/drive.google.com\/file\/d\/1kGBGubMjEuzNmj1YwX_kAEg9UbG1_6KK\/view?usp=sharing\" target=\"_blank\" rel=\"noreferrer noopener\">\u00c1udio da 1\u00aa Sess\u00e3o Ordin\u00e1ria<\/a><\/p>\n\n\n\n<p><a href=\"https:\/\/drive.google.com\/file\/d\/1USKv96xI7YcD8ix1rQaez3SF368nuHGe\/view?usp=sharing\" data-type=\"URL\" data-id=\"https:\/\/drive.google.com\/file\/d\/1USKv96xI7YcD8ix1rQaez3SF368nuHGe\/view?usp=sharing\" target=\"_blank\" rel=\"noreferrer noopener\">\u00c1udio da 2\u00aa Sess\u00e3o Ordin\u00e1ria<\/a><\/p>\n\n\n\n<p><a href=\"https:\/\/drive.google.com\/file\/d\/1vOPqR1qDBB84y0bYZxJYwK9l4mRHmbRx\/view?usp=sharing\" data-type=\"URL\" data-id=\"https:\/\/drive.google.com\/file\/d\/1vOPqR1qDBB84y0bYZxJYwK9l4mRHmbRx\/view?usp=sharing\" target=\"_blank\" rel=\"noreferrer noopener\">\u00c1udio da 3\u00aa Sess\u00e3o Ordin\u00e1ria<\/a><\/p>\n\n\n\n<p><a href=\"https:\/\/drive.google.com\/file\/d\/1q2sEjXJqQLPt5459x3IhctxAcurBAxlx\/view?usp=sharing\" data-type=\"URL\" data-id=\"https:\/\/drive.google.com\/file\/d\/1q2sEjXJqQLPt5459x3IhctxAcurBAxlx\/view?usp=sharing\" target=\"_blank\" rel=\"noreferrer noopener\">\u00c1udio da 4\u00aa Sess\u00e3o Ordin\u00e1ria<\/a><\/p>\n\n\n\n<p><a href=\"https:\/\/drive.google.com\/file\/d\/1XHNZhAL4wF7LtowNQY-GAjPPiRoDDPkV\/view?usp=sharing\" data-type=\"URL\" data-id=\"https:\/\/drive.google.com\/file\/d\/1XHNZhAL4wF7LtowNQY-GAjPPiRoDDPkV\/view?usp=sharing\" target=\"_blank\" rel=\"noreferrer noopener\">\u00c1udio da 5\u00aa Sess\u00e3o Ordin\u00e1ria<\/a><\/p>\n\n\n\n<p><a href=\"https:\/\/drive.google.com\/file\/d\/13NpUJbP_91AQOiY4dqiS0eyb8_j15w9f\/view?usp=sharing\" data-type=\"URL\" data-id=\"https:\/\/drive.google.com\/file\/d\/13NpUJbP_91AQOiY4dqiS0eyb8_j15w9f\/view?usp=sharing\" target=\"_blank\" rel=\"noreferrer noopener\">\u00c1udio da 6\u00aa Sess\u00e3o Ordin\u00e1ria<\/a><\/p>\n\n\n\n<p><a rel=\"noreferrer noopener\" href=\"https:\/\/drive.google.com\/file\/d\/1CJ-297_0qyXpZtfMu741BldqCXbHduDs\/view?usp=sharing\" data-type=\"URL\" data-id=\"https:\/\/drive.google.com\/file\/d\/1CJ-297_0qyXpZtfMu741BldqCXbHduDs\/view?usp=sharing\" target=\"_blank\">\u00c1udio da 7\u00aa Sess\u00e3o Ordin\u00e1ria<\/a><\/p>\n\n\n\n<p><a href=\"https:\/\/drive.google.com\/file\/d\/1kYsgvN6eBHB2nfhEisIH8DeL3SDK2fs9\/view?usp=sharing\" target=\"_blank\" rel=\"noreferrer noopener\">\u00c1udio da 8\u00aa Sess\u00e3o Ordin\u00e1ria<\/a><\/p>\n\n\n\n<p><a href=\"https:\/\/drive.google.com\/file\/d\/16sX9LTTP2GSXXtXRTI3Vavb2GDRwa1rn\/view?usp=sharing\">\u00c1udio da 9\u00aa Sess\u00e3o Ordin\u00e1ria<\/a><\/p>\n\n\n\n<p><a href=\"https:\/\/drive.google.com\/file\/d\/1R8uWoM5Y38JKE1yMoJP-dWOTxVSi4BVJ\/view?usp=sharing\">\u00c1udio da 10\u00aa Sess\u00e3o Ordin\u00e1ria<\/a><\/p>\n\n\n\n<p><a href=\"https:\/\/drive.google.com\/file\/d\/1dNs4npZRgLhcFCaz_inY6XfsSuvvPJxg\/view?usp=sharing\">\u00c1udio da 11\u00aa Sess\u00e3o Ordin\u00e1ria<\/a><\/p>\n\n\n\n<p><a href=\"https:\/\/drive.google.com\/file\/d\/1BnVKh-PHl13HF-tO_rI36p-ftx2Pmtlw\/view?usp=sharing\">\u00c1udio da 12\u00aa Sess\u00e3o Ordin\u00e1ria<\/a><\/p>\n\n\n\n<p><a href=\"https:\/\/drive.google.com\/file\/d\/1FqASUTX_o63GqB6eq8RNhB06X0yokXAz\/view?usp=sharing\">\u00c1udio da 13\u00aa Sess\u00e3o Ordin\u00e1ria<\/a><\/p>\n\n\n\n<p><a href=\"https:\/\/drive.google.com\/file\/d\/1gvb9gnewtlSswnazuvLs9MeGwKylItEO\/view?usp=sharing\">\u00c1udio da 14\u00aa Sess\u00e3o Ordin\u00e1ria<\/a><\/p>\n\n\n\n<p><a href=\"https:\/\/drive.google.com\/file\/d\/1xIPQL1QpcwrmZDcSOWZazp_djxDOKqxH\/view?usp=sharing\">\u00c1udio da 15\u00aa Sess\u00e3o Ordin\u00e1ria<\/a><\/p>\n\n\n\n<p><a href=\"https:\/\/drive.google.com\/file\/d\/1f_hq-8khrsI7_t7Dqa_RHJLbYm5j2WFz\/view?usp=sharing\">\u00c1udio da 16\u00aa Sess\u00e3o Ordin\u00e1ria<\/a><\/p>\n\n\n\n<p><a href=\"https:\/\/drive.google.com\/file\/d\/1W8x4qxgvX7wWcy8DdW_EprWRVOuAxCHI\/view?usp=sharing\">\u00c1udio da 17\u00aa Sess\u00e3o Ordin\u00e1ria<\/a><\/p>\n\n\n\n<p><a href=\"https:\/\/drive.google.com\/file\/d\/1r9TCrO0OKawQLxIN1F2-bEvoAkES01Xs\/view?usp=sharing\">\u00c1udio da 18\u00aa Sess\u00e3o Ordin\u00e1ria<\/a><\/p>\n\n\n\n<p><a href=\"https:\/\/drive.google.com\/file\/d\/1a1Ap5CZx_8ObcG3RqjQltkPy3l4N64iJ\/view?usp=sharing\">\u00c1udio da 19\u00aa Sess\u00e3o Ordin\u00e1ria<\/a><\/p>\n\n\n\n<p><a href=\"https:\/\/drive.google.com\/file\/d\/1B54RDNrQW5fEN8TBFtGg3QzvUSPvVfuM\/view?usp=sharing\">\u00c1udio da 20\u00aa Sess\u00e3o Ordin\u00e1ria<\/a><\/p>\n\n\n\n<p><a href=\"https:\/\/drive.google.com\/file\/d\/19FOsXqQPIflIm36Zqbz4QX0w8DjhS8n-\/view?usp=sharing\">\u00c1udio da 21\u00aa Sess\u00e3o Ordin\u00e1ria<\/a><\/p>\n\n\n\n<p><a href=\"https:\/\/drive.google.com\/file\/d\/1CuLslR1_YVuBAWRejxURSXBKNNBnlgla\/view?usp=sharing\">\u00c1udio da 22\u00aa Sess\u00e3o Ordin\u00e1ria<\/a><\/p>\n\n\n\n<p><a href=\"https:\/\/drive.google.com\/file\/d\/13Fq3aXNZJy_-jxswI9alld7CUqTWs5OI\/view?usp=sharing\">\u00c1udio da 23\u00aa Sess\u00e3o Ordin\u00e1ria<\/a><\/p>\n\n\n\n<p><a href=\"https:\/\/drive.google.com\/file\/d\/1S82Fxb_H-ZzgNybUBvzIJXx9oyG21OhF\/view?usp=sharing\">\u00c1udio da 24\u00aa Sess\u00e3o Ordin\u00e1ria<\/a><\/p>\n\n\n\n<p><a href=\"https:\/\/drive.google.com\/file\/d\/1po7eiEA5PMfrw7vMNxtiP6tO3g213C04\/view?usp=sharing\">\u00c1udio da 25\u00aa Sess\u00e3o Ordin\u00e1ria<\/a><\/p>\n\n\n\n<p><a href=\"https:\/\/drive.google.com\/file\/d\/1aUMzT6p2rjnq1kLzn93Se1Sc6_jxyieT\/view?usp=sharing\">\u00c1udio da 26\u00aa Sess\u00e3o Ordin\u00e1ria<\/a><\/p>\n\n\n\n<p><a href=\"https:\/\/drive.google.com\/file\/d\/151sc5tzppxo6DiRYLpY_QoW23ondv9C6\/view?usp=sharing\">\u00c1udio da 27\u00aa Sess\u00e3o Ordin\u00e1ria<\/a><\/p>\n\n\n\n<p><a href=\"https:\/\/drive.google.com\/file\/d\/13jzq2sEE84HE7upPOjmvL_ZlGnGrFq3h\/view?usp=sharing\">\u00c1udio da 28\u00aa Sess\u00e3o Ordin\u00e1ria<\/a><\/p>\n\n\n\n<p><a href=\"https:\/\/drive.google.com\/file\/d\/1haGunrQuVBSnAEdSIHdRzq5fKxx0XfaY\/view?usp=sharing\">\u00c1udio da 29\u00aa Sess\u00e3o Ordin\u00e1ria<\/a><\/p>\n\n\n\n<p><a href=\"https:\/\/drive.google.com\/file\/d\/19DphpOhQ0Ju6G2sH97ElSyYffJ0yxjDf\/view?usp=sharing\">\u00c1udio da 31\u00aa Sess\u00e3o Ordin\u00e1ria<\/a><\/p>\n\n\n\n<p><a href=\"https:\/\/drive.google.com\/file\/d\/1qigYznxkDwPbPnsVnKTvx6Oi-f9sg8Gr\/view?usp=sharing\">\u00c1udio da 32\u00aa Sess\u00e3o Ordin\u00e1ria<\/a><\/p>\n\n\n\n<p><a href=\"https:\/\/drive.google.com\/file\/d\/1rrcLzeeSUqdofk3xolwWD0I6M7ld1fy6\/view?usp=sharing\">\u00c1udio da 33\u00aa Sess\u00e3o Ordin\u00e1ria<\/a><\/p>\n\n\n\n<p><\/p>\n\n\n\n<p><a rel=\"noreferrer noopener\" href=\"https:\/\/drive.google.com\/file\/d\/1bflxdvi1jea2mc4I8JuzTvDVQ8K_a4ED\/view?usp=sharing\" target=\"_blank\">\u00c1udio da  1\u00aa Sess\u00e3o Extraordin\u00e1ria<\/a><\/p>\n\n\n\n<p><a rel=\"noreferrer noopener\" href=\"https:\/\/drive.google.com\/file\/d\/1YLVdTZpd9EwckJRBpAfkhqbxeod1Ns0t\/view?usp=sharing\" target=\"_blank\">\u00c1udio da 2\u00aa Sess\u00e3o Extraordin\u00e1ria<\/a><\/p>\n\n\n\n<p><a rel=\"noreferrer noopener\" href=\"https:\/\/drive.google.com\/file\/d\/1BuhDVwrfR6Cp1702QB2h3QHNr6MYXCHZ\/view?usp=sharing\" target=\"_blank\">\u00c1udio da 3\u00aa Sess\u00e3o Extraordin\u00e1ria<\/a><\/p>\n\n\n\n<p><a href=\"https:\/\/drive.google.com\/file\/d\/1zVSV_xnIl-VQ4vO4I897czLV3H0kdELB\/view?usp=sharing\" target=\"_blank\" rel=\"noreferrer noopener\">\u00c1udio da 4\u00aa Sess\u00e3o Extraordin\u00e1ria<\/a><\/p>\n","protected":false},"excerpt":{"rendered":"<p>\u00c1udio da 1\u00aa Sess\u00e3o Ordin\u00e1ria \u00c1udio da 2\u00aa Sess\u00e3o Ordin\u00e1ria \u00c1udio da 3\u00aa Sess\u00e3o Ordin\u00e1ria \u00c1udio da 4\u00aa Sess\u00e3o Ordin\u00e1ria \u00c1udio da 5\u00aa Sess\u00e3o Ordin\u00e1ria \u00c1udio da 6\u00aa Sess\u00e3o Ordin\u00e1ria \u00c1udio da 7\u00aa Sess\u00e3o Ordin\u00e1ria \u00c1udio da 8\u00aa Sess\u00e3o Ordin\u00e1ria \u00c1udio da 9\u00aa Sess\u00e3o Ordin\u00e1ria \u00c1udio da 10\u00aa Sess\u00e3o Ordin\u00e1ria \u00c1udio da 11\u00aa Sess\u00e3o Ordin\u00e1ria [&hellip;]<\/p>\n","protected":false},"author":2,"featured_media":0,"parent":0,"menu_order":0,"comment_status":"closed","ping_status":"closed","template":"","meta":{"episode_type":"","audio_file":"","duration":"","filesize":"","date_recorded":"","explicit":"","block":"","filesize_raw":""},"_links":{"self":[{"href":"https:\/\/www.camaraestrelavelha.rs.gov.br\/portal\/wp-json\/wp\/v2\/pages\/3250"}],"collection":[{"href":"https:\/\/www.camaraestrelavelha.rs.gov.br\/portal\/wp-json\/wp\/v2\/pages"}],"about":[{"href":"https:\/\/www.camaraestrelavelha.rs.gov.br\/portal\/wp-json\/wp\/v2\/types\/page"}],"author":[{"embeddable":true,"href":"https:\/\/www.camaraestrelavelha.rs.gov.br\/portal\/wp-json\/wp\/v2\/users\/2"}],"replies":[{"embeddable":true,"href":"https:\/\/www.camaraestrelavelha.rs.gov.br\/portal\/wp-json\/wp\/v2\/comments?post=3250"}],"version-history":[{"count":59,"href":"https:\/\/www.camaraestrelavelha.rs.gov.br\/portal\/wp-json\/wp\/v2\/pages\/3250\/revisions"}],"predecessor-version":[{"id":4789,"href":"https:\/\/www.camaraestrelavelha.rs.gov.br\/portal\/wp-json\/wp\/v2\/pages\/3250\/revisions\/4789"}],"wp:attachment":[{"href":"https:\/\/www.camaraestrelavelha.rs.gov.br\/portal\/wp-json\/wp\/v2\/media?parent=3250"}],"curies":[{"name":"wp","href":"https:\/\/api.w.org\/{rel}","templated":true}]}}