{"id":386,"date":"2020-04-29T15:01:19","date_gmt":"2020-04-29T18:01:19","guid":{"rendered":"http:\/\/camaraestrelavelha.rs.gov.br\/portal\/?page_id=386"},"modified":"2020-05-08T14:57:41","modified_gmt":"2020-05-08T17:57:41","slug":"pauta-das-sessoes","status":"publish","type":"page","link":"https:\/\/www.camaraestrelavelha.rs.gov.br\/portal\/pauta-das-sessoes\/","title":{"rendered":"Pauta das Sess\u00f5es"},"content":{"rendered":"\t\t<div data-elementor-type=\"wp-page\" data-elementor-id=\"386\" class=\"elementor elementor-386\" data-elementor-settings=\"[]\">\n\t\t\t\t\t\t<div class=\"elementor-inner\">\n\t\t\t\t\t\t\t<div class=\"elementor-section-wrap\">\n\t\t\t\t\t\t\t<section class=\"elementor-section elementor-top-section elementor-element elementor-element-9816478 elementor-section-boxed elementor-section-height-default elementor-section-height-default\" data-id=\"9816478\" data-element_type=\"section\">\n\t\t\t\t\t\t<div class=\"elementor-container elementor-column-gap-default\">\n\t\t\t\t\t\t\t<div class=\"elementor-row\">\n\t\t\t\t\t<div class=\"elementor-column elementor-col-100 elementor-top-column elementor-element elementor-element-c3c8aa5\" data-id=\"c3c8aa5\" data-element_type=\"column\">\n\t\t\t<div class=\"elementor-column-wrap elementor-element-populated\">\n\t\t\t\t\t\t\t<div class=\"elementor-widget-wrap\">\n\t\t\t\t\t\t<div class=\"elementor-element elementor-element-65b9814 elementor-widget elementor-widget-heading\" data-id=\"65b9814\" data-element_type=\"widget\" data-widget_type=\"heading.default\">\n\t\t\t\t<div class=\"elementor-widget-container\">\n\t\t\t<h3 class=\"elementor-heading-title elementor-size-default\">Pauta das Sess\u00f5es<\/h3>\t\t<\/div>\n\t\t\t\t<\/div>\n\t\t\t\t<div class=\"elementor-element elementor-element-fe06b2c elementor-grid-1 elementor-posts--thumbnail-none elementor-grid-tablet-2 elementor-grid-mobile-1 elementor-widget elementor-widget-posts\" data-id=\"fe06b2c\" data-element_type=\"widget\" data-settings=\"{&quot;classic_columns&quot;:&quot;1&quot;,&quot;classic_columns_tablet&quot;:&quot;2&quot;,&quot;classic_columns_mobile&quot;:&quot;1&quot;,&quot;classic_row_gap&quot;:{&quot;unit&quot;:&quot;px&quot;,&quot;size&quot;:35,&quot;sizes&quot;:[]}}\" data-widget_type=\"posts.classic\">\n\t\t\t\t<div class=\"elementor-widget-container\">\n\t\t\t\t\t<div class=\"elementor-posts-container elementor-posts elementor-posts--skin-classic elementor-grid\">\n\t\t\t\t<article class=\"elementor-post elementor-grid-item post-11207 post type-post status-publish format-standard has-post-thumbnail hentry category-pauta-da-sessao entry has-media\">\n\t\t\t\t<div class=\"elementor-post__text\">\n\t\t\t\t<h3 class=\"elementor-post__title\">\n\t\t\t<a href=\"https:\/\/www.camaraestrelavelha.rs.gov.br\/portal\/2026\/05\/12\/pauta-da-11a-sessao-ordinaria\/\" >\n\t\t\t\tPAUTA DA 11\u00aa SESS\u00c3O ORDIN\u00c1RIA\t\t\t<\/a>\n\t\t<\/h3>\n\t\t\t\t<div class=\"elementor-post__excerpt\">\n\t\t\t<p>PAUTA # Indica\u00e7\u00e3o n\u00ba 05, de 04 de maio de 2026 de autoria dos vereadores<\/p>\n\t\t<\/div>\n\t\t\t\t\t<a class=\"elementor-post__read-more\" href=\"https:\/\/www.camaraestrelavelha.rs.gov.br\/portal\/2026\/05\/12\/pauta-da-11a-sessao-ordinaria\/\" >\n\t\t\t\tLeia Mais \u00bb\t\t\t<\/a>\n\t\t\t\t<\/div>\n\t\t\t\t<\/article>\n\t\t\t\t<article class=\"elementor-post elementor-grid-item post-11170 post type-post status-publish format-standard has-post-thumbnail hentry category-pauta-da-sessao entry has-media\">\n\t\t\t\t<div class=\"elementor-post__text\">\n\t\t\t\t<h3 class=\"elementor-post__title\">\n\t\t\t<a href=\"https:\/\/www.camaraestrelavelha.rs.gov.br\/portal\/2026\/05\/04\/pauta-da-10a-sessao-ordinaria-2\/\" >\n\t\t\t\tPAUTA DA 10\u00aa SESS\u00c3O ORDIN\u00c1RIA\t\t\t<\/a>\n\t\t<\/h3>\n\t\t\t\t<div class=\"elementor-post__excerpt\">\n\t\t\t<p>PAUTA: Nada Constou. ORDEM DO DIA: Nada Constou. Sala da Presid\u00eancia, 04 de Maio de<\/p>\n\t\t<\/div>\n\t\t\t\t\t<a class=\"elementor-post__read-more\" href=\"https:\/\/www.camaraestrelavelha.rs.gov.br\/portal\/2026\/05\/04\/pauta-da-10a-sessao-ordinaria-2\/\" >\n\t\t\t\tLeia Mais \u00bb\t\t\t<\/a>\n\t\t\t\t<\/div>\n\t\t\t\t<\/article>\n\t\t\t\t<article class=\"elementor-post elementor-grid-item post-11059 post type-post status-publish format-standard has-post-thumbnail hentry category-pauta-da-sessao entry has-media\">\n\t\t\t\t<div class=\"elementor-post__text\">\n\t\t\t\t<h3 class=\"elementor-post__title\">\n\t\t\t<a href=\"https:\/\/www.camaraestrelavelha.rs.gov.br\/portal\/2026\/04\/24\/pauta-da-9a-sessao-ordinaria-2\/\" >\n\t\t\t\tPAUTA DA 9\u00aa SESS\u00c3O ORDIN\u00c1RIA\t\t\t<\/a>\n\t\t<\/h3>\n\t\t\t\t<div class=\"elementor-post__excerpt\">\n\t\t\t<p>PAUTA: # Indica\u00e7\u00e3o n\u00ba 04, de 22 de mar\u00e7o de 2026, de autoria do vereador<\/p>\n\t\t<\/div>\n\t\t\t\t\t<a class=\"elementor-post__read-more\" href=\"https:\/\/www.camaraestrelavelha.rs.gov.br\/portal\/2026\/04\/24\/pauta-da-9a-sessao-ordinaria-2\/\" >\n\t\t\t\tLeia Mais \u00bb\t\t\t<\/a>\n\t\t\t\t<\/div>\n\t\t\t\t<\/article>\n\t\t\t\t<article class=\"elementor-post elementor-grid-item post-11007 post type-post status-publish format-standard has-post-thumbnail hentry category-pauta-da-sessao entry has-media\">\n\t\t\t\t<div class=\"elementor-post__text\">\n\t\t\t\t<h3 class=\"elementor-post__title\">\n\t\t\t<a href=\"https:\/\/www.camaraestrelavelha.rs.gov.br\/portal\/2026\/04\/14\/pauta-da-8a-sessao-ordinaria-2\/\" >\n\t\t\t\tPAUTA DA 8\u00aa SESS\u00c3O ORDIN\u00c1RIA\t\t\t<\/a>\n\t\t<\/h3>\n\t\t\t\t<div class=\"elementor-post__excerpt\">\n\t\t\t<p>PAUTA: # Indica\u00e7\u00e3o N\u00ba 03, de 07 de Abril de 2026 de autoria do vereador<\/p>\n\t\t<\/div>\n\t\t\t\t\t<a class=\"elementor-post__read-more\" href=\"https:\/\/www.camaraestrelavelha.rs.gov.br\/portal\/2026\/04\/14\/pauta-da-8a-sessao-ordinaria-2\/\" >\n\t\t\t\tLeia Mais \u00bb\t\t\t<\/a>\n\t\t\t\t<\/div>\n\t\t\t\t<\/article>\n\t\t\t\t<article class=\"elementor-post elementor-grid-item post-10978 post type-post status-publish format-standard hentry category-pauta-da-sessao entry\">\n\t\t\t\t<div class=\"elementor-post__text\">\n\t\t\t\t<h3 class=\"elementor-post__title\">\n\t\t\t<a href=\"https:\/\/www.camaraestrelavelha.rs.gov.br\/portal\/2026\/04\/07\/pauta-da-7a-sessao-ordinaria-2\/\" >\n\t\t\t\tPAUTA DA 7\u00aa SESS\u00c3O ORDIN\u00c1RIA\t\t\t<\/a>\n\t\t<\/h3>\n\t\t\t\t<div class=\"elementor-post__excerpt\">\n\t\t\t<p>PAUTA: # Mo\u00e7\u00e3o de Aplausos N\u00ba 02, de 02 de Abril de 2026, de autoria<\/p>\n\t\t<\/div>\n\t\t\t\t\t<a class=\"elementor-post__read-more\" href=\"https:\/\/www.camaraestrelavelha.rs.gov.br\/portal\/2026\/04\/07\/pauta-da-7a-sessao-ordinaria-2\/\" >\n\t\t\t\tLeia Mais \u00bb\t\t\t<\/a>\n\t\t\t\t<\/div>\n\t\t\t\t<\/article>\n\t\t\t\t<article class=\"elementor-post elementor-grid-item post-10949 post type-post status-publish format-standard has-post-thumbnail hentry category-pauta-da-sessao entry has-media\">\n\t\t\t\t<div class=\"elementor-post__text\">\n\t\t\t\t<h3 class=\"elementor-post__title\">\n\t\t\t<a href=\"https:\/\/www.camaraestrelavelha.rs.gov.br\/portal\/2026\/03\/24\/pauta-da-6a-sessao-ordinaria-de-2026\/\" >\n\t\t\t\tPAUTA DA 6\u00aa SESS\u00c3O ORDIN\u00c1RIA DE 2026.\t\t\t<\/a>\n\t\t<\/h3>\n\t\t\t\t<div class=\"elementor-post__excerpt\">\n\t\t\t<p>PAUTA: Projeto de Lei n\u00ba 1.629, de 23 de mar\u00e7o de 2026, que \u201cAltera o<\/p>\n\t\t<\/div>\n\t\t\t\t\t<a class=\"elementor-post__read-more\" href=\"https:\/\/www.camaraestrelavelha.rs.gov.br\/portal\/2026\/03\/24\/pauta-da-6a-sessao-ordinaria-de-2026\/\" >\n\t\t\t\tLeia Mais \u00bb\t\t\t<\/a>\n\t\t\t\t<\/div>\n\t\t\t\t<\/article>\n\t\t\t\t<article class=\"elementor-post elementor-grid-item post-10931 post type-post status-publish format-standard has-post-thumbnail hentry category-pauta-da-sessao entry has-media\">\n\t\t\t\t<div class=\"elementor-post__text\">\n\t\t\t\t<h3 class=\"elementor-post__title\">\n\t\t\t<a href=\"https:\/\/www.camaraestrelavelha.rs.gov.br\/portal\/2026\/03\/17\/pauta-da-5a-sessao-ordinaria-de-2026\/\" >\n\t\t\t\tPAUTA DA 5\u00aa SESS\u00c3O ORDIN\u00c1RIA DE 2026.\t\t\t<\/a>\n\t\t<\/h3>\n\t\t\t\t<div class=\"elementor-post__excerpt\">\n\t\t\t<p>PAUTA: # Projeto de Lei n\u00ba 1.625 de 12 de mar\u00e7o de 2026, que \u201cAutoriza<\/p>\n\t\t<\/div>\n\t\t\t\t\t<a class=\"elementor-post__read-more\" href=\"https:\/\/www.camaraestrelavelha.rs.gov.br\/portal\/2026\/03\/17\/pauta-da-5a-sessao-ordinaria-de-2026\/\" >\n\t\t\t\tLeia Mais \u00bb\t\t\t<\/a>\n\t\t\t\t<\/div>\n\t\t\t\t<\/article>\n\t\t\t\t<article class=\"elementor-post elementor-grid-item post-10855 post type-post status-publish format-standard has-post-thumbnail hentry category-pauta-da-sessao category-sem-categoria entry has-media\">\n\t\t\t\t<div class=\"elementor-post__text\">\n\t\t\t\t<h3 class=\"elementor-post__title\">\n\t\t\t<a href=\"https:\/\/www.camaraestrelavelha.rs.gov.br\/portal\/2026\/03\/03\/pauta-da-04o-sessao-ordinaria\/\" >\n\t\t\t\tPAUTA DA 04\u00ba SESS\u00c3O ORDIN\u00c1RIA\t\t\t<\/a>\n\t\t<\/h3>\n\t\t\t\t<div class=\"elementor-post__excerpt\">\n\t\t\t<p>PAUTA: # Indica\u00e7\u00e3o n\u00ba 01, de 03 de fevereiro de 2026, de autoria dos Vereadores<\/p>\n\t\t<\/div>\n\t\t\t\t\t<a class=\"elementor-post__read-more\" href=\"https:\/\/www.camaraestrelavelha.rs.gov.br\/portal\/2026\/03\/03\/pauta-da-04o-sessao-ordinaria\/\" >\n\t\t\t\tLeia Mais \u00bb\t\t\t<\/a>\n\t\t\t\t<\/div>\n\t\t\t\t<\/article>\n\t\t\t\t<article class=\"elementor-post elementor-grid-item post-10750 post type-post status-publish format-standard hentry category-pauta-da-sessao category-sem-categoria entry\">\n\t\t\t\t<div class=\"elementor-post__text\">\n\t\t\t\t<h3 class=\"elementor-post__title\">\n\t\t\t<a href=\"https:\/\/www.camaraestrelavelha.rs.gov.br\/portal\/2026\/02\/25\/pauta-da-03o-sessao-ordinaria\/\" >\n\t\t\t\tPAUTA DA 03\u00ba SESS\u00c3O ORDIN\u00c1RIA\t\t\t<\/a>\n\t\t<\/h3>\n\t\t\t\t<div class=\"elementor-post__excerpt\">\n\t\t\t<p>PAUTA DA 03\u00ba SESS\u00c3O ORDIN\u00c1RIA PAUTA: # Mo\u00e7\u00e3o de Aplausos n\u00ba 01, de 23 de<\/p>\n\t\t<\/div>\n\t\t\t\t\t<a class=\"elementor-post__read-more\" href=\"https:\/\/www.camaraestrelavelha.rs.gov.br\/portal\/2026\/02\/25\/pauta-da-03o-sessao-ordinaria\/\" >\n\t\t\t\tLeia Mais \u00bb\t\t\t<\/a>\n\t\t\t\t<\/div>\n\t\t\t\t<\/article>\n\t\t\t\t<article class=\"elementor-post elementor-grid-item post-10737 post type-post status-publish format-standard has-post-thumbnail hentry category-pauta-da-sessao entry has-media\">\n\t\t\t\t<div class=\"elementor-post__text\">\n\t\t\t\t<h3 class=\"elementor-post__title\">\n\t\t\t<a href=\"https:\/\/www.camaraestrelavelha.rs.gov.br\/portal\/2026\/02\/10\/pauta-da-01o-sessao-ordinaria-de-2026\/\" >\n\t\t\t\tPAUTA DA 02\u00ba SESS\u00c3O ORDIN\u00c1RIA DE 2026.\t\t\t<\/a>\n\t\t<\/h3>\n\t\t\t\t<div class=\"elementor-post__excerpt\">\n\t\t\t<p>PAUTA: # Projeto de Lei n\u00ba 1.623, de 04 de Fevereiro de 2026, que \u201cReestrutura<\/p>\n\t\t<\/div>\n\t\t\t\t\t<a class=\"elementor-post__read-more\" href=\"https:\/\/www.camaraestrelavelha.rs.gov.br\/portal\/2026\/02\/10\/pauta-da-01o-sessao-ordinaria-de-2026\/\" >\n\t\t\t\tLeia Mais \u00bb\t\t\t<\/a>\n\t\t\t\t<\/div>\n\t\t\t\t<\/article>\n\t\t\t\t<\/div>\n\t\t\t\t<nav class=\"elementor-pagination\" role=\"navigation\" aria-label=\"Pagination\">\n\t\t\t<span aria-current=\"page\" class=\"page-numbers current\"><span class=\"elementor-screen-only\">Page<\/span>1<\/span>\n<a class=\"page-numbers\" href=\"https:\/\/www.camaraestrelavelha.rs.gov.br\/portal\/wp-json\/wp\/v2\/pages\/386\/page\/2\/\"><span class=\"elementor-screen-only\">Page<\/span>2<\/a>\n<a class=\"page-numbers\" href=\"https:\/\/www.camaraestrelavelha.rs.gov.br\/portal\/wp-json\/wp\/v2\/pages\/386\/page\/3\/\"><span class=\"elementor-screen-only\">Page<\/span>3<\/a>\n<a class=\"page-numbers\" href=\"https:\/\/www.camaraestrelavelha.rs.gov.br\/portal\/wp-json\/wp\/v2\/pages\/386\/page\/4\/\"><span class=\"elementor-screen-only\">Page<\/span>4<\/a>\n<a class=\"page-numbers\" href=\"https:\/\/www.camaraestrelavelha.rs.gov.br\/portal\/wp-json\/wp\/v2\/pages\/386\/page\/5\/\"><span class=\"elementor-screen-only\">Page<\/span>5<\/a>\n<a class=\"page-numbers\" href=\"https:\/\/www.camaraestrelavelha.rs.gov.br\/portal\/wp-json\/wp\/v2\/pages\/386\/page\/6\/\"><span class=\"elementor-screen-only\">Page<\/span>6<\/a>\n<a class=\"page-numbers\" href=\"https:\/\/www.camaraestrelavelha.rs.gov.br\/portal\/wp-json\/wp\/v2\/pages\/386\/page\/7\/\"><span class=\"elementor-screen-only\">Page<\/span>7<\/a>\n<a class=\"page-numbers\" href=\"https:\/\/www.camaraestrelavelha.rs.gov.br\/portal\/wp-json\/wp\/v2\/pages\/386\/page\/8\/\"><span class=\"elementor-screen-only\">Page<\/span>8<\/a>\n<a class=\"page-numbers\" href=\"https:\/\/www.camaraestrelavelha.rs.gov.br\/portal\/wp-json\/wp\/v2\/pages\/386\/page\/9\/\"><span class=\"elementor-screen-only\">Page<\/span>9<\/a>\n<a class=\"page-numbers\" href=\"https:\/\/www.camaraestrelavelha.rs.gov.br\/portal\/wp-json\/wp\/v2\/pages\/386\/page\/10\/\"><span class=\"elementor-screen-only\">Page<\/span>10<\/a>\t\t<\/nav>\n\t\t\t\t<\/div>\n\t\t\t\t<\/div>\n\t\t\t\t\t\t<\/div>\n\t\t\t\t\t<\/div>\n\t\t<\/div>\n\t\t\t\t\t\t\t\t<\/div>\n\t\t\t\t\t<\/div>\n\t\t<\/section>\n\t\t\t\t\t\t<\/div>\n\t\t\t\t\t\t<\/div>\n\t\t\t\t\t<\/div>\n\t\t","protected":false},"excerpt":{"rendered":"<p>Pauta das Sess\u00f5es<\/p>\n","protected":false},"author":2,"featured_media":0,"parent":0,"menu_order":0,"comment_status":"closed","ping_status":"closed","template":"","meta":{"episode_type":"","audio_file":"","duration":"","filesize":"","date_recorded":"","explicit":"","block":"","filesize_raw":""},"_links":{"self":[{"href":"https:\/\/www.camaraestrelavelha.rs.gov.br\/portal\/wp-json\/wp\/v2\/pages\/386"}],"collection":[{"href":"https:\/\/www.camaraestrelavelha.rs.gov.br\/portal\/wp-json\/wp\/v2\/pages"}],"about":[{"href":"https:\/\/www.camaraestrelavelha.rs.gov.br\/portal\/wp-json\/wp\/v2\/types\/page"}],"author":[{"embeddable":true,"href":"https:\/\/www.camaraestrelavelha.rs.gov.br\/portal\/wp-json\/wp\/v2\/users\/2"}],"replies":[{"embeddable":true,"href":"https:\/\/www.camaraestrelavelha.rs.gov.br\/portal\/wp-json\/wp\/v2\/comments?post=386"}],"version-history":[{"count":6,"href":"https:\/\/www.camaraestrelavelha.rs.gov.br\/portal\/wp-json\/wp\/v2\/pages\/386\/revisions"}],"predecessor-version":[{"id":1068,"href":"https:\/\/www.camaraestrelavelha.rs.gov.br\/portal\/wp-json\/wp\/v2\/pages\/386\/revisions\/1068"}],"wp:attachment":[{"href":"https:\/\/www.camaraestrelavelha.rs.gov.br\/portal\/wp-json\/wp\/v2\/media?parent=386"}],"curies":[{"name":"wp","href":"https:\/\/api.w.org\/{rel}","templated":true}]}}