{"id":4865,"date":"2022-02-07T13:46:04","date_gmt":"2022-02-07T16:46:04","guid":{"rendered":"http:\/\/camaraestrelavelha.rs.gov.br\/portal\/?page_id=4865"},"modified":"2022-08-31T14:37:09","modified_gmt":"2022-08-31T17:37:09","slug":"audio-das-sessoes-2022","status":"publish","type":"page","link":"https:\/\/www.camaraestrelavelha.rs.gov.br\/portal\/audio-das-sessoes-2022\/","title":{"rendered":"\u00c1udio das Sess\u00f5es &#8211; 2022"},"content":{"rendered":"\n<p><\/p>\n\n\n\n<p><a rel=\"noreferrer noopener\" href=\"https:\/\/drive.google.com\/file\/d\/1bflxdvi1jea2mc4I8JuzTvDVQ8K_a4ED\/view?usp=sharing\" target=\"_blank\">\u00c1udio da  1\u00aa Sess\u00e3o Extraordin\u00e1ria<\/a><\/p>\n\n\n\n<p><a rel=\"noreferrer noopener\" href=\"https:\/\/drive.google.com\/file\/d\/1YLVdTZpd9EwckJRBpAfkhqbxeod1Ns0t\/view?usp=sharing\" target=\"_blank\">\u00c1udio da 2\u00aa Sess\u00e3o Extraordin\u00e1ria<\/a><\/p>\n\n\n\n<p><a href=\"https:\/\/drive.google.com\/file\/d\/1BBdkUnIroXw08qio_2PpQaGeSeTp__pg\/view?usp=sharing\" target=\"_blank\" rel=\"noreferrer noopener\">\u00c1udio da 3\u00aa Sess\u00e3o Extraordin\u00e1ria<\/a><\/p>\n\n\n\n<p><a rel=\"noreferrer noopener\" href=\"https:\/\/drive.google.com\/file\/d\/1bflxdvi1jea2mc4I8JuzTvDVQ8K_a4ED\/view?usp=sharing\" target=\"_blank\">\u00c1udio da 1\u00aa Sess\u00e3o Ordin\u00e1ria<\/a><\/p>\n\n\n\n<p><a rel=\"noreferrer noopener\" href=\"https:\/\/drive.google.com\/file\/d\/1Rb7Dlp_TwK4-GV3alRCLFMPKAnGwoKM6\/view?usp=sharing\" target=\"_blank\">\u00c1udio da 2\u00aa Sess\u00e3o Ordin\u00e1ria<\/a><\/p>\n\n\n\n<p><a rel=\"noreferrer noopener\" href=\"https:\/\/drive.google.com\/file\/d\/1J0kZuHeG1kA1OyIcaJjOCqtIEWOXeCG0\/view?usp=sharing\" target=\"_blank\">\u00c1udio da 3\u00aa Sess\u00e3o Ordin\u00e1ria<\/a><\/p>\n\n\n\n<p><a rel=\"noreferrer noopener\" href=\"https:\/\/drive.google.com\/file\/d\/16uNIriLG8d2ZJA0u2dw3LEE1x1BVlhgJ\/view?usp=sharing\" target=\"_blank\">\u00c1udio da 4\u00aa Sess\u00e3o Ordin\u00e1ria<\/a><\/p>\n\n\n\n<p><a rel=\"noreferrer noopener\" href=\"https:\/\/drive.google.com\/file\/d\/16uNIriLG8d2ZJA0u2dw3LEE1x1BVlhgJ\/view?usp=sharing\" target=\"_blank\">\u00c1udio da 4\u00aa Sess\u00e3o Ordin\u00e1ria<\/a><\/p>\n\n\n\n<p><a rel=\"noreferrer noopener\" href=\"https:\/\/drive.google.com\/file\/d\/1eyH30KauR83NHiTZsAu9B2V3ahO_2Ht6\/view?usp=sharing\" target=\"_blank\">\u00c1udio da 5\u00aa Sess\u00e3o Ordin\u00e1ria<\/a><\/p>\n\n\n\n<p><a rel=\"noreferrer noopener\" href=\"https:\/\/drive.google.com\/file\/d\/1kfgpOiA5Lt4M6QOfSoGDZ5cGTGFhM6Y7\/view?usp=sharing\" target=\"_blank\">\u00c1udio da 6\u00aa Sess\u00e3o Ordin\u00e1ria<\/a><\/p>\n\n\n\n<p><a rel=\"noreferrer noopener\" href=\"https:\/\/drive.google.com\/file\/d\/1O0w0FLqqw8FOBO9lRSHnUFNOo9L-Vt-o\/view?usp=sharing\" target=\"_blank\">\u00c1udio da 7\u00aa Sess\u00e3o Ordin\u00e1ria<\/a><\/p>\n\n\n\n<p><a rel=\"noreferrer noopener\" href=\"https:\/\/drive.google.com\/file\/d\/1YhMU79CefaygZCK-gv3Hwtk2XSDnwLug\/view?usp=sharing\" target=\"_blank\">\u00c1udio da 8\u00aa Sess\u00e3o Ordin\u00e1ria<\/a><\/p>\n\n\n\n<p><a rel=\"noreferrer noopener\" href=\"https:\/\/drive.google.com\/file\/d\/1jRxWqn23ImW--Kw9v1rC-_zu8YpkSIY6\/view?usp=sharing\" target=\"_blank\">\u00c1udio da 9\u00aa Sess\u00e3o Ordin\u00e1ria<\/a><\/p>\n\n\n\n<p><a rel=\"noreferrer noopener\" href=\"https:\/\/drive.google.com\/file\/d\/1rEUdrf1kbVmK_EDaVtdbWUwPs9Xa1TMb\/view?usp=sharing\" target=\"_blank\">\u00c1udio da 10\u00aa Sess\u00e3o Ordin\u00e1ria<\/a><\/p>\n\n\n\n<p><a rel=\"noreferrer noopener\" href=\"https:\/\/drive.google.com\/file\/d\/1IcI4Qu0EPTC_-XSvdEXGHIpXRcX1kgSL\/view?usp=sharing\" target=\"_blank\">\u00c1udio da 11\u00aa Sess\u00e3o Ordin\u00e1ria<\/a><\/p>\n\n\n\n<p><a rel=\"noreferrer noopener\" href=\"https:\/\/drive.google.com\/file\/d\/10Dc98oJ3UMQsi5j92mNKchATWgZjMrFY\/view?usp=sharing\" target=\"_blank\">\u00c1udio da 12\u00aa Sess\u00e3o Ordin\u00e1ria<\/a><\/p>\n\n\n\n<p><a rel=\"noreferrer noopener\" href=\"https:\/\/drive.google.com\/file\/d\/1jMMYyoyKiUo5dTCzeoSYojsGvv7xfVhv\/view?usp=sharing\" target=\"_blank\">\u00c1udio da 13\u00aa Sess\u00e3o Ordin\u00e1ria<\/a><\/p>\n\n\n\n<p><a rel=\"noreferrer noopener\" href=\"https:\/\/drive.google.com\/file\/d\/1jMMYyoyKiUo5dTCzeoSYojsGvv7xfVhv\/view?usp=sharing\" target=\"_blank\">\u00c1udio da 14\u00aa Sess\u00e3o Ordin\u00e1ria<\/a><\/p>\n\n\n\n<p><a rel=\"noreferrer noopener\" href=\"https:\/\/drive.google.com\/file\/d\/1dRVr4IXW0YnB3d6H6jDLUYQPxI4bVm5L\/view?usp=sharing\" target=\"_blank\">\u00c1udio da 15\u00aa Sess\u00e3o Ordin\u00e1ria<\/a><\/p>\n\n\n\n<p><a href=\"https:\/\/drive.google.com\/file\/d\/1Z7rNvUfuN5fwzVLKEctg1Z0eFV1mfaMu\/view?usp=sharing\" target=\"_blank\" rel=\"noreferrer noopener\">\u00c1udio da 16\u00aa Sess\u00e3o Ordin\u00e1ria<\/a><\/p>\n","protected":false},"excerpt":{"rendered":"<p>\u00c1udio da 1\u00aa Sess\u00e3o Extraordin\u00e1ria \u00c1udio da 2\u00aa Sess\u00e3o Extraordin\u00e1ria \u00c1udio da 3\u00aa Sess\u00e3o Extraordin\u00e1ria \u00c1udio da 1\u00aa Sess\u00e3o Ordin\u00e1ria \u00c1udio da 2\u00aa Sess\u00e3o Ordin\u00e1ria \u00c1udio da 3\u00aa Sess\u00e3o Ordin\u00e1ria \u00c1udio da 4\u00aa Sess\u00e3o Ordin\u00e1ria \u00c1udio da 4\u00aa Sess\u00e3o Ordin\u00e1ria \u00c1udio da 5\u00aa Sess\u00e3o Ordin\u00e1ria \u00c1udio da 6\u00aa Sess\u00e3o Ordin\u00e1ria \u00c1udio da 7\u00aa Sess\u00e3o Ordin\u00e1ria [&hellip;]<\/p>\n","protected":false},"author":2,"featured_media":0,"parent":0,"menu_order":0,"comment_status":"closed","ping_status":"closed","template":"","meta":{"episode_type":"","audio_file":"","duration":"","filesize":"","date_recorded":"","explicit":"","block":"","filesize_raw":""},"_links":{"self":[{"href":"https:\/\/www.camaraestrelavelha.rs.gov.br\/portal\/wp-json\/wp\/v2\/pages\/4865"}],"collection":[{"href":"https:\/\/www.camaraestrelavelha.rs.gov.br\/portal\/wp-json\/wp\/v2\/pages"}],"about":[{"href":"https:\/\/www.camaraestrelavelha.rs.gov.br\/portal\/wp-json\/wp\/v2\/types\/page"}],"author":[{"embeddable":true,"href":"https:\/\/www.camaraestrelavelha.rs.gov.br\/portal\/wp-json\/wp\/v2\/users\/2"}],"replies":[{"embeddable":true,"href":"https:\/\/www.camaraestrelavelha.rs.gov.br\/portal\/wp-json\/wp\/v2\/comments?post=4865"}],"version-history":[{"count":15,"href":"https:\/\/www.camaraestrelavelha.rs.gov.br\/portal\/wp-json\/wp\/v2\/pages\/4865\/revisions"}],"predecessor-version":[{"id":5845,"href":"https:\/\/www.camaraestrelavelha.rs.gov.br\/portal\/wp-json\/wp\/v2\/pages\/4865\/revisions\/5845"}],"wp:attachment":[{"href":"https:\/\/www.camaraestrelavelha.rs.gov.br\/portal\/wp-json\/wp\/v2\/media?parent=4865"}],"curies":[{"name":"wp","href":"https:\/\/api.w.org\/{rel}","templated":true}]}}