{"id":5473,"date":"2022-05-13T14:20:36","date_gmt":"2022-05-13T17:20:36","guid":{"rendered":"http:\/\/camaraestrelavelha.rs.gov.br\/portal\/?page_id=5473"},"modified":"2022-05-13T14:20:36","modified_gmt":"2022-05-13T17:20:36","slug":"vereadores-1997-2000","status":"publish","type":"page","link":"https:\/\/www.camaraestrelavelha.rs.gov.br\/portal\/vereadores-1997-2000\/","title":{"rendered":"Vereadores 1997-2000"},"content":{"rendered":"\n<p><strong><em>1997 a 2000<\/em><\/strong><\/p>\n\n\n\n<p><br><strong>Titulares<\/strong><br>Christiane Raquel Ravanello Castilhos (PMDB)<br>Claudete Somavilla Ceolin (PPB)<br>Gilmar Steffanello (PMDB)<br>Ivo Mathias (PMDB)<br>Jorce Schneider Nogueira (PMDB)<br>Lorinei Somavilla (PDT)<br>Luciano Ver\u00edssimo Ceolin (PPB)<br>Odilo Bernardy (PMDB)<br>Oleg\u00e1rio Silveira (PPB)<br><br><strong>Suplentes<\/strong><br>Denilso Jos\u00e9 dos Santos (PDT)<br>Gilson Spanevello (PDT)<br>Hildo Bender (PPB)<br>Ildo Nagorsny (PMDB<br>Leocir Michelon (PPB)<br>Lisauro Schmitt Billig (PPB)<br>Romildo Luiz Somavilla (PDT)<br>Terezinha Salete de Oliveira Williges (PMDB)<\/p>\n","protected":false},"excerpt":{"rendered":"<p>1997 a 2000 TitularesChristiane Raquel Ravanello Castilhos (PMDB)Claudete Somavilla Ceolin (PPB)Gilmar Steffanello (PMDB)Ivo Mathias (PMDB)Jorce Schneider Nogueira (PMDB)Lorinei Somavilla (PDT)Luciano Ver\u00edssimo Ceolin (PPB)Odilo Bernardy (PMDB)Oleg\u00e1rio Silveira (PPB) SuplentesDenilso Jos\u00e9 dos Santos (PDT)Gilson Spanevello (PDT)Hildo Bender (PPB)Ildo Nagorsny (PMDBLeocir Michelon (PPB)Lisauro Schmitt Billig (PPB)Romildo Luiz Somavilla (PDT)Terezinha Salete de Oliveira Williges (PMDB)<\/p>\n","protected":false},"author":2,"featured_media":0,"parent":0,"menu_order":0,"comment_status":"closed","ping_status":"closed","template":"","meta":{"episode_type":"","audio_file":"","duration":"","filesize":"","date_recorded":"","explicit":"","block":"","filesize_raw":""},"_links":{"self":[{"href":"https:\/\/www.camaraestrelavelha.rs.gov.br\/portal\/wp-json\/wp\/v2\/pages\/5473"}],"collection":[{"href":"https:\/\/www.camaraestrelavelha.rs.gov.br\/portal\/wp-json\/wp\/v2\/pages"}],"about":[{"href":"https:\/\/www.camaraestrelavelha.rs.gov.br\/portal\/wp-json\/wp\/v2\/types\/page"}],"author":[{"embeddable":true,"href":"https:\/\/www.camaraestrelavelha.rs.gov.br\/portal\/wp-json\/wp\/v2\/users\/2"}],"replies":[{"embeddable":true,"href":"https:\/\/www.camaraestrelavelha.rs.gov.br\/portal\/wp-json\/wp\/v2\/comments?post=5473"}],"version-history":[{"count":1,"href":"https:\/\/www.camaraestrelavelha.rs.gov.br\/portal\/wp-json\/wp\/v2\/pages\/5473\/revisions"}],"predecessor-version":[{"id":5474,"href":"https:\/\/www.camaraestrelavelha.rs.gov.br\/portal\/wp-json\/wp\/v2\/pages\/5473\/revisions\/5474"}],"wp:attachment":[{"href":"https:\/\/www.camaraestrelavelha.rs.gov.br\/portal\/wp-json\/wp\/v2\/media?parent=5473"}],"curies":[{"name":"wp","href":"https:\/\/api.w.org\/{rel}","templated":true}]}}