{"id":553,"date":"2020-04-30T14:46:05","date_gmt":"2020-04-30T17:46:05","guid":{"rendered":"http:\/\/camaraestrelavelha.rs.gov.br\/portal\/?page_id=553"},"modified":"2020-07-21T13:27:19","modified_gmt":"2020-07-21T16:27:19","slug":"leda-scapin-da-silva","status":"publish","type":"page","link":"https:\/\/www.camaraestrelavelha.rs.gov.br\/portal\/leda-scapin-da-silva\/","title":{"rendered":"Leda Scapin da Silva"},"content":{"rendered":"\t\t<div data-elementor-type=\"wp-page\" data-elementor-id=\"553\" class=\"elementor elementor-553\" data-elementor-settings=\"[]\">\n\t\t\t\t\t\t<div class=\"elementor-inner\">\n\t\t\t\t\t\t\t<div class=\"elementor-section-wrap\">\n\t\t\t\t\t\t\t<section class=\"elementor-section elementor-top-section elementor-element elementor-element-ccbe2f0 elementor-section-boxed elementor-section-height-default elementor-section-height-default\" data-id=\"ccbe2f0\" data-element_type=\"section\">\n\t\t\t\t\t\t<div class=\"elementor-container elementor-column-gap-default\">\n\t\t\t\t\t\t\t<div class=\"elementor-row\">\n\t\t\t\t\t<div class=\"elementor-column elementor-col-100 elementor-top-column elementor-element elementor-element-3902511\" data-id=\"3902511\" data-element_type=\"column\">\n\t\t\t<div class=\"elementor-column-wrap elementor-element-populated\">\n\t\t\t\t\t\t\t<div class=\"elementor-widget-wrap\">\n\t\t\t\t\t\t<div class=\"elementor-element elementor-element-fb2c7b3 elementor-widget elementor-widget-text-editor\" data-id=\"fb2c7b3\" data-element_type=\"widget\" data-widget_type=\"text-editor.default\">\n\t\t\t\t<div class=\"elementor-widget-container\">\n\t\t\t\t\t<div class=\"elementor-text-editor elementor-clearfix\"><h1>Leda Scapin da Silva<\/h1><h1><img loading=\"lazy\" class=\"alignnone size-medium wp-image-555\" src=\"http:\/\/camaraestrelavelha.rs.gov.br\/portal\/wp-content\/uploads\/2020\/04\/Leda-2-200x300.jpg\" alt=\"\" width=\"200\" height=\"300\" srcset=\"https:\/\/www.camaraestrelavelha.rs.gov.br\/portal\/wp-content\/uploads\/2020\/04\/Leda-2-200x300.jpg 200w, https:\/\/www.camaraestrelavelha.rs.gov.br\/portal\/wp-content\/uploads\/2020\/04\/Leda-2.jpg 480w\" sizes=\"(max-width: 200px) 100vw, 200px\" \/><\/h1><p>PARTIDO: MDB<\/p><p>EMAIL:<\/p><p>TELEFONE:\u00a0<\/p><p>DESCRI\u00c7\u00c3O:<\/p><p style=\"text-align: justify;\">Leda Scapin da Silva, nasceu no dia 03\/01\/1950 em Sobradinho, filha de Ab\u00edlio Scapin e Leopoldina Dias Scapin, \u00e9 casada e reside atualmente em Linha Dalcin, interior do Munic\u00edpio.\u00a0 Foi nomeada e tomou posse no dia 07\/03\/2019.<\/p><div style=\"text-align: justify;\">\u00a0<\/div><h1>ATIVIDADES DO ANO DE 2020<\/h1><div>\u00a0<\/div><div>\u00a0<\/div><h2>\u00a0Emendas<\/h2><\/div>\n\t\t\t\t<\/div>\n\t\t\t\t<\/div>\n\t\t\t\t<div class=\"elementor-element elementor-element-4861471 elementor-widget elementor-widget-text-editor\" data-id=\"4861471\" data-element_type=\"widget\" data-widget_type=\"text-editor.default\">\n\t\t\t\t<div class=\"elementor-widget-container\">\n\t\t\t\t\t<div class=\"elementor-text-editor elementor-clearfix\"><p style=\"color: red\">There are no download items matching this category criteria.<\/p><\/div>\n\t\t\t\t<\/div>\n\t\t\t\t<\/div>\n\t\t\t\t<div class=\"elementor-element elementor-element-c249ed7 elementor-widget elementor-widget-text-editor\" data-id=\"c249ed7\" data-element_type=\"widget\" data-widget_type=\"text-editor.default\">\n\t\t\t\t<div class=\"elementor-widget-container\">\n\t\t\t\t\t<div class=\"elementor-text-editor elementor-clearfix\"><h2>Mo\u00e7\u00f5es<\/h2><\/div>\n\t\t\t\t<\/div>\n\t\t\t\t<\/div>\n\t\t\t\t<div class=\"elementor-element elementor-element-085f0d9 elementor-widget elementor-widget-text-editor\" data-id=\"085f0d9\" data-element_type=\"widget\" data-widget_type=\"text-editor.default\">\n\t\t\t\t<div class=\"elementor-widget-container\">\n\t\t\t\t\t<div class=\"elementor-text-editor elementor-clearfix\"><div class=\"sdm_download_item \"><div class=\"sdm_download_item_top\"><div class=\"sdm_download_thumbnail\"><\/div><div class=\"sdm_download_title\">Mo\u00e7\u00e3o de Apoio N\u00ba 02\/2020<\/div><\/div><div style=\"clear:both\"><\/div><div class=\"sdm_download_description\"><\/div><div class=\"sdm_download_link\"><span class=\"sdm_download_button\"><a href=\"https:\/\/www.camaraestrelavelha.rs.gov.br\/portal\/?smd_process_download=1&amp;download_id=2314\" class=\"sdm_download grey\" title=\"Mo\u00e7\u00e3o de Apoio N\u00ba 02\/2020\" target=\"_self\">Baixar agora!<\/a><\/span><span class=\"sdm_download_item_count\"><span class=\"sdm_item_count_number\">490<\/span><span class=\"sdm_item_count_string\"> Downloads<\/span><\/span><\/div><\/div><div class=\"sdm_download_item \"><div class=\"sdm_download_item_top\"><div class=\"sdm_download_thumbnail\"><\/div><div class=\"sdm_download_title\">Mo\u00e7\u00e3o de Apoio N\u00ba 01\/2020<\/div><\/div><div style=\"clear:both\"><\/div><div class=\"sdm_download_description\"><\/div><div class=\"sdm_download_link\"><span class=\"sdm_download_button\"><a href=\"https:\/\/www.camaraestrelavelha.rs.gov.br\/portal\/?smd_process_download=1&amp;download_id=2312\" class=\"sdm_download grey\" title=\"Mo\u00e7\u00e3o de Apoio N\u00ba 01\/2020\" target=\"_self\">Baixar agora!<\/a><\/span><span class=\"sdm_download_item_count\"><span class=\"sdm_item_count_number\">516<\/span><span class=\"sdm_item_count_string\"> Downloads<\/span><\/span><\/div><\/div><div class=\"sdm_clear_float\"><\/div><div class=\"sdm_pagination\"><\/div><\/div>\n\t\t\t\t<\/div>\n\t\t\t\t<\/div>\n\t\t\t\t<div class=\"elementor-element elementor-element-978e73d elementor-widget elementor-widget-text-editor\" data-id=\"978e73d\" data-element_type=\"widget\" data-widget_type=\"text-editor.default\">\n\t\t\t\t<div class=\"elementor-widget-container\">\n\t\t\t\t\t<div class=\"elementor-text-editor elementor-clearfix\"><h2>Pedido de Informa\u00e7\u00f5es<\/h2><\/div>\n\t\t\t\t<\/div>\n\t\t\t\t<\/div>\n\t\t\t\t<div class=\"elementor-element elementor-element-d2883b3 elementor-widget elementor-widget-text-editor\" data-id=\"d2883b3\" data-element_type=\"widget\" data-widget_type=\"text-editor.default\">\n\t\t\t\t<div class=\"elementor-widget-container\">\n\t\t\t\t\t<div class=\"elementor-text-editor elementor-clearfix\"><p style=\"color: red\">There are no download items matching this category criteria.<\/p><\/div>\n\t\t\t\t<\/div>\n\t\t\t\t<\/div>\n\t\t\t\t<div class=\"elementor-element elementor-element-2a749d4 elementor-widget elementor-widget-text-editor\" data-id=\"2a749d4\" data-element_type=\"widget\" data-widget_type=\"text-editor.default\">\n\t\t\t\t<div class=\"elementor-widget-container\">\n\t\t\t\t\t<div class=\"elementor-text-editor elementor-clearfix\"><h2>Pedido de Provid\u00eancia<br><\/h2><\/div>\n\t\t\t\t<\/div>\n\t\t\t\t<\/div>\n\t\t\t\t<div class=\"elementor-element elementor-element-37a3bb6 elementor-widget elementor-widget-text-editor\" data-id=\"37a3bb6\" data-element_type=\"widget\" data-widget_type=\"text-editor.default\">\n\t\t\t\t<div class=\"elementor-widget-container\">\n\t\t\t\t\t<div class=\"elementor-text-editor elementor-clearfix\"><p style=\"color: red\">There are no download items matching this category criteria.<\/p><\/div>\n\t\t\t\t<\/div>\n\t\t\t\t<\/div>\n\t\t\t\t<div class=\"elementor-element elementor-element-ed2cebc elementor-widget elementor-widget-text-editor\" data-id=\"ed2cebc\" data-element_type=\"widget\" data-widget_type=\"text-editor.default\">\n\t\t\t\t<div class=\"elementor-widget-container\">\n\t\t\t\t\t<div class=\"elementor-text-editor elementor-clearfix\"><h2>Proposi\u00e7\u00f5es de Indica\u00e7\u00e3o<\/h2><\/div>\n\t\t\t\t<\/div>\n\t\t\t\t<\/div>\n\t\t\t\t<div class=\"elementor-element elementor-element-630de52 elementor-widget elementor-widget-text-editor\" data-id=\"630de52\" data-element_type=\"widget\" data-widget_type=\"text-editor.default\">\n\t\t\t\t<div class=\"elementor-widget-container\">\n\t\t\t\t\t<div class=\"elementor-text-editor elementor-clearfix\"><p style=\"color: red\">There are no download items matching this category criteria.<\/p><\/div>\n\t\t\t\t<\/div>\n\t\t\t\t<\/div>\n\t\t\t\t<div class=\"elementor-element elementor-element-57a7551 elementor-widget elementor-widget-text-editor\" data-id=\"57a7551\" data-element_type=\"widget\" data-widget_type=\"text-editor.default\">\n\t\t\t\t<div class=\"elementor-widget-container\">\n\t\t\t\t\t<div class=\"elementor-text-editor elementor-clearfix\"><h2>Requerimentos<\/h2><\/div>\n\t\t\t\t<\/div>\n\t\t\t\t<\/div>\n\t\t\t\t<div class=\"elementor-element elementor-element-834b62b elementor-widget elementor-widget-text-editor\" data-id=\"834b62b\" data-element_type=\"widget\" data-widget_type=\"text-editor.default\">\n\t\t\t\t<div class=\"elementor-widget-container\">\n\t\t\t\t\t<div class=\"elementor-text-editor elementor-clearfix\"><p style=\"color: red\">There are no download items matching this category criteria.<\/p><\/div>\n\t\t\t\t<\/div>\n\t\t\t\t<\/div>\n\t\t\t\t\t\t<\/div>\n\t\t\t\t\t<\/div>\n\t\t<\/div>\n\t\t\t\t\t\t\t\t<\/div>\n\t\t\t\t\t<\/div>\n\t\t<\/section>\n\t\t\t\t\t\t<\/div>\n\t\t\t\t\t\t<\/div>\n\t\t\t\t\t<\/div>\n\t\t","protected":false},"excerpt":{"rendered":"<p>Leda Scapin da Silva PARTIDO: MDB EMAIL: TELEFONE:\u00a0 DESCRI\u00c7\u00c3O: Leda Scapin da Silva, nasceu no dia 03\/01\/1950 em Sobradinho, filha de Ab\u00edlio Scapin e Leopoldina Dias Scapin, \u00e9 casada e reside atualmente em Linha Dalcin, interior do Munic\u00edpio.\u00a0 Foi nomeada e tomou posse no dia 07\/03\/2019. \u00a0 ATIVIDADES DO ANO DE 2020 \u00a0\u00a0 \u00a0Emendas ATIVIDADES [&hellip;]<\/p>\n","protected":false},"author":2,"featured_media":0,"parent":0,"menu_order":0,"comment_status":"closed","ping_status":"closed","template":"","meta":{"episode_type":"","audio_file":"","duration":"","filesize":"","date_recorded":"","explicit":"","block":"","filesize_raw":""},"_links":{"self":[{"href":"https:\/\/www.camaraestrelavelha.rs.gov.br\/portal\/wp-json\/wp\/v2\/pages\/553"}],"collection":[{"href":"https:\/\/www.camaraestrelavelha.rs.gov.br\/portal\/wp-json\/wp\/v2\/pages"}],"about":[{"href":"https:\/\/www.camaraestrelavelha.rs.gov.br\/portal\/wp-json\/wp\/v2\/types\/page"}],"author":[{"embeddable":true,"href":"https:\/\/www.camaraestrelavelha.rs.gov.br\/portal\/wp-json\/wp\/v2\/users\/2"}],"replies":[{"embeddable":true,"href":"https:\/\/www.camaraestrelavelha.rs.gov.br\/portal\/wp-json\/wp\/v2\/comments?post=553"}],"version-history":[{"count":11,"href":"https:\/\/www.camaraestrelavelha.rs.gov.br\/portal\/wp-json\/wp\/v2\/pages\/553\/revisions"}],"predecessor-version":[{"id":2115,"href":"https:\/\/www.camaraestrelavelha.rs.gov.br\/portal\/wp-json\/wp\/v2\/pages\/553\/revisions\/2115"}],"wp:attachment":[{"href":"https:\/\/www.camaraestrelavelha.rs.gov.br\/portal\/wp-json\/wp\/v2\/media?parent=553"}],"curies":[{"name":"wp","href":"https:\/\/api.w.org\/{rel}","templated":true}]}}