{"id":6234,"date":"2023-02-09T15:22:22","date_gmt":"2023-02-09T18:22:22","guid":{"rendered":"http:\/\/camaraestrelavelha.rs.gov.br\/portal\/?page_id=6234"},"modified":"2023-02-09T15:34:33","modified_gmt":"2023-02-09T18:34:33","slug":"editais-2023","status":"publish","type":"page","link":"https:\/\/www.camaraestrelavelha.rs.gov.br\/portal\/editais-2023\/","title":{"rendered":"Editais 2023"},"content":{"rendered":"\t\t<div data-elementor-type=\"wp-page\" data-elementor-id=\"6234\" class=\"elementor elementor-6234\" data-elementor-settings=\"[]\">\n\t\t\t\t\t\t<div class=\"elementor-inner\">\n\t\t\t\t\t\t\t<div class=\"elementor-section-wrap\">\n\t\t\t\t\t\t\t<section class=\"elementor-section elementor-top-section elementor-element elementor-element-42a9181 elementor-section-boxed elementor-section-height-default elementor-section-height-default\" data-id=\"42a9181\" data-element_type=\"section\">\n\t\t\t\t\t\t<div class=\"elementor-container elementor-column-gap-default\">\n\t\t\t\t\t\t\t<div class=\"elementor-row\">\n\t\t\t\t\t<div class=\"elementor-column elementor-col-100 elementor-top-column elementor-element elementor-element-6adccd0\" data-id=\"6adccd0\" data-element_type=\"column\">\n\t\t\t<div class=\"elementor-column-wrap elementor-element-populated\">\n\t\t\t\t\t\t\t<div class=\"elementor-widget-wrap\">\n\t\t\t\t\t\t<div class=\"elementor-element elementor-element-3349ad0 elementor-widget elementor-widget-shortcode\" data-id=\"3349ad0\" data-element_type=\"widget\" data-widget_type=\"shortcode.default\">\n\t\t\t\t<div class=\"elementor-widget-container\">\n\t\t\t\t\t<div class=\"elementor-shortcode\"><div class=\"sdm_download_item \"><div class=\"sdm_download_item_top\"><div class=\"sdm_download_thumbnail\"><\/div><div class=\"sdm_download_title\">Extrato de Aditivo n\u00b0 01\/2024<\/div><\/div><div style=\"clear:both;\"><\/div><div class=\"sdm_download_description\"><p>Contrata\u00e7\u00e3o de empresa especializada em hospedagem e manuten\u00e7\u00e3o de website www.camaraestrelavelha.rs.gov.br.<\/p>\n<\/div><div class=\"sdm_download_link\"><span class=\"sdm_download_button\"><a href=\"https:\/\/www.camaraestrelavelha.rs.gov.br\/portal\/?smd_process_download=1&download_id=7356\" class=\"sdm_download grey\" title=\"Extrato de Aditivo n\u00b0 01\/2024\" target=\"_self\">Baixar agora!<\/a><\/span><span class=\"sdm_download_item_count\"><span class=\"sdm_item_count_number\">202<\/span><span class=\"sdm_item_count_string\"> Downloads<\/span><\/span><\/div><\/div><div class=\"sdm_download_item \"><div class=\"sdm_download_item_top\"><div class=\"sdm_download_thumbnail\"><\/div><div class=\"sdm_download_title\">Extrato de Contrato n\u00b0 07\/2023<\/div><\/div><div style=\"clear:both;\"><\/div><div class=\"sdm_download_description\"><p>Contrata\u00e7\u00e3o de empresa especializada para o fornecimento de informativos t\u00e9cnicos, incluindo como ferramenta assessoria os servi\u00e7os de consultoria cont\u00e1bil, jur\u00eddica e patrimonial, para a C\u00e2mara Municipal de Vereadores de Estrela Velha.<\/p>\n<\/div><div class=\"sdm_download_link\"><span class=\"sdm_download_button\"><a href=\"https:\/\/www.camaraestrelavelha.rs.gov.br\/portal\/?smd_process_download=1&download_id=7247\" class=\"sdm_download grey\" title=\"Extrato de Contrato n\u00b0 07\/2023\" target=\"_self\">Baixar agora!<\/a><\/span><span class=\"sdm_download_item_count\"><span class=\"sdm_item_count_number\">210<\/span><span class=\"sdm_item_count_string\"> Downloads<\/span><\/span><\/div><\/div><div class=\"sdm_download_item \"><div class=\"sdm_download_item_top\"><div class=\"sdm_download_thumbnail\"><\/div><div class=\"sdm_download_title\">Extrato Inexigibilidade n\u00b0 03\/2023<\/div><\/div><div style=\"clear:both;\"><\/div><div class=\"sdm_download_description\"><p>Contrata\u00e7\u00e3o de empresa especializada para o fornecimento de informativos t\u00e9cnicos, incluindo como ferramenta assessoria os servi\u00e7os de consultoria cont\u00e1bil, jur\u00eddica e patrimonial, para a C\u00e2mara Municipal de Vereadores de Estrela Velha.<\/p>\n<\/div><div class=\"sdm_download_link\"><span class=\"sdm_download_button\"><a href=\"https:\/\/www.camaraestrelavelha.rs.gov.br\/portal\/?smd_process_download=1&download_id=7241\" class=\"sdm_download grey\" title=\"Extrato Inexigibilidade n\u00b0 03\/2023\" target=\"_self\">Baixar agora!<\/a><\/span><span class=\"sdm_download_item_count\"><span class=\"sdm_item_count_number\">222<\/span><span class=\"sdm_item_count_string\"> Downloads<\/span><\/span><\/div><\/div><div class=\"sdm_download_item \"><div class=\"sdm_download_item_top\"><div class=\"sdm_download_thumbnail\"><\/div><div class=\"sdm_download_title\">Extrato de Aditivo Contrato n\u00b0 05\/2023<\/div><\/div><div style=\"clear:both;\"><\/div><div class=\"sdm_download_description\"><p><strong>\u00a0<\/strong>Contrata\u00e7\u00e3o de Empresa prestadora de servi\u00e7os especializados para an\u00e1lise, revis\u00e3o e elabora\u00e7\u00e3o de minuta final da Lei Org\u00e2nica Municipal e Regimento Interno.<\/p>\n<\/div><div class=\"sdm_download_link\"><span class=\"sdm_download_button\"><a href=\"https:\/\/www.camaraestrelavelha.rs.gov.br\/portal\/?smd_process_download=1&download_id=7239\" class=\"sdm_download grey\" title=\"Extrato de Aditivo Contrato n\u00b0 05\/2023\" target=\"_self\">Baixar agora!<\/a><\/span><span class=\"sdm_download_item_count\"><span class=\"sdm_item_count_number\">237<\/span><span class=\"sdm_item_count_string\"> Downloads<\/span><\/span><\/div><\/div><div class=\"sdm_download_item \"><div class=\"sdm_download_item_top\"><div class=\"sdm_download_thumbnail\"><\/div><div class=\"sdm_download_title\">Extrato de Revoga\u00e7\u00e3o Dispensa n\u00ba 05\/2023<\/div><\/div><div style=\"clear:both;\"><\/div><div class=\"sdm_download_description\"><p>REVOGA\u00c7\u00c3O do Processo Licitat\u00f3rio n\u00ba 07\/2023, Modalidade Dispensa de Licita\u00e7\u00e3o n\u00ba 05\/2023, que tem por objetivo a Contrata\u00e7\u00e3o de Empresa especializada nas \u00e1reas de arquitetura e\/ou engenharia para elabora\u00e7\u00e3o de projeto arquitet\u00f4nico e complementares para constru\u00e7\u00e3o do Audit\u00f3rio da C\u00e2mara de Vereadores<\/p>\n<\/div><div class=\"sdm_download_link\"><span class=\"sdm_download_button\"><a href=\"https:\/\/www.camaraestrelavelha.rs.gov.br\/portal\/?smd_process_download=1&download_id=7089\" class=\"sdm_download grey\" title=\"Extrato de Revoga\u00e7\u00e3o Dispensa n\u00ba 05\/2023\" target=\"_self\">Baixar agora!<\/a><\/span><span class=\"sdm_download_item_count\"><span class=\"sdm_item_count_number\">224<\/span><span class=\"sdm_item_count_string\"> Downloads<\/span><\/span><\/div><\/div><div class=\"sdm_download_item \"><div class=\"sdm_download_item_top\"><div class=\"sdm_download_thumbnail\"><\/div><div class=\"sdm_download_title\">Extrato Contrato n\u00ba 06\/2023<\/div><\/div><div style=\"clear:both;\"><\/div><div class=\"sdm_download_description\"><p>Contrata\u00e7\u00e3o de Empresa prestadora de servi\u00e7os de Marketing Digital.<\/p>\n<\/div><div class=\"sdm_download_link\"><span class=\"sdm_download_button\"><a href=\"https:\/\/www.camaraestrelavelha.rs.gov.br\/portal\/?smd_process_download=1&download_id=7067\" class=\"sdm_download grey\" title=\"Extrato Contrato n\u00ba 06\/2023\" target=\"_self\">Baixar agora!<\/a><\/span><span class=\"sdm_download_item_count\"><span class=\"sdm_item_count_number\">278<\/span><span class=\"sdm_item_count_string\"> Downloads<\/span><\/span><\/div><\/div><div class=\"sdm_download_item \"><div class=\"sdm_download_item_top\"><div class=\"sdm_download_thumbnail\"><\/div><div class=\"sdm_download_title\">Extrato de Aditivo Contrato n\u00ba 03\/2019<\/div><\/div><div style=\"clear:both;\"><\/div><div class=\"sdm_download_description\"><p>Contrata\u00e7\u00e3o de empresa especializada em presta\u00e7\u00e3o de servi\u00e7o de jardinagem para a C\u00e2mara de Vereadores.<\/p>\n<\/div><div class=\"sdm_download_link\"><span class=\"sdm_download_button\"><a href=\"https:\/\/www.camaraestrelavelha.rs.gov.br\/portal\/?smd_process_download=1&download_id=7005\" class=\"sdm_download grey\" title=\"Extrato de Aditivo Contrato n\u00ba 03\/2019\" target=\"_self\">Baixar agora!<\/a><\/span><span class=\"sdm_download_item_count\"><span class=\"sdm_item_count_number\">261<\/span><span class=\"sdm_item_count_string\"> Downloads<\/span><\/span><\/div><\/div><div class=\"sdm_download_item \"><div class=\"sdm_download_item_top\"><div class=\"sdm_download_thumbnail\"><\/div><div class=\"sdm_download_title\">Termo de Refer\u00eancia n\u00ba 02\/2023<\/div><\/div><div style=\"clear:both;\"><\/div><div class=\"sdm_download_description\"><p>Contrata\u00e7\u00e3o de empresa especializada nas \u00e1reas de arquitetura e\/ou engenharia para elabora\u00e7\u00e3o de projeto arquitet\u00f4nico e complementares para constru\u00e7\u00e3o do Audit\u00f3rio da C\u00e2mara de Vereadores de Estrela Velha, utilizando a tecnologia BIM.<\/p>\n<\/div><div class=\"sdm_download_link\"><span class=\"sdm_download_button\"><a href=\"https:\/\/www.camaraestrelavelha.rs.gov.br\/portal\/?smd_process_download=1&download_id=7003\" class=\"sdm_download grey\" title=\"Termo de Refer\u00eancia n\u00ba 02\/2023\" target=\"_self\">Baixar agora!<\/a><\/span><span class=\"sdm_download_item_count\"><span class=\"sdm_item_count_number\">340<\/span><span class=\"sdm_item_count_string\"> Downloads<\/span><\/span><\/div><\/div><div class=\"sdm_download_item \"><div class=\"sdm_download_item_top\"><div class=\"sdm_download_thumbnail\"><\/div><div class=\"sdm_download_title\">Aviso de Manifesta\u00e7\u00e3o de Interesse n\u00ba 02\/2023<\/div><\/div><div style=\"clear:both;\"><\/div><div class=\"sdm_download_description\"><p>Presta\u00e7\u00e3o de servi\u00e7o de arquitetura e\/ou engenharia para elabora\u00e7\u00e3o de projeto arquitet\u00f4nico e complementares para constru\u00e7\u00e3o do Audit\u00f3rio da C\u00e2mara de Vereadores de Estrela Velha, utilizando a tecnologia BIM.<\/p>\n<\/div><div class=\"sdm_download_link\"><span class=\"sdm_download_button\"><a href=\"https:\/\/www.camaraestrelavelha.rs.gov.br\/portal\/?smd_process_download=1&download_id=7001\" class=\"sdm_download grey\" title=\"Aviso de Manifesta\u00e7\u00e3o de Interesse n\u00ba 02\/2023\" target=\"_self\">Baixar agora!<\/a><\/span><span class=\"sdm_download_item_count\"><span class=\"sdm_item_count_number\">268<\/span><span class=\"sdm_item_count_string\"> Downloads<\/span><\/span><\/div><\/div><div class=\"sdm_download_item \"><div class=\"sdm_download_item_top\"><div class=\"sdm_download_thumbnail\"><\/div><div class=\"sdm_download_title\">Retifica\u00e7\u00e3o do Aviso de Manifesta\u00e7\u00e3o de Interesse n\u00ba 01\/2023<\/div><\/div><div style=\"clear:both;\"><\/div><div class=\"sdm_download_description\"><p>Presta\u00e7\u00e3o de servi\u00e7o de Comunica\u00e7\u00e3o e Marketing para a C\u00e2mara Municipal de Vereadores de Estrela Velha.<\/p>\n<\/div><div class=\"sdm_download_link\"><span class=\"sdm_download_button\"><a href=\"https:\/\/www.camaraestrelavelha.rs.gov.br\/portal\/?smd_process_download=1&download_id=6992\" class=\"sdm_download grey\" title=\"Retifica\u00e7\u00e3o do Aviso de Manifesta\u00e7\u00e3o de Interesse n\u00ba 01\/2023\" target=\"_self\">Baixar agora!<\/a><\/span><span class=\"sdm_download_item_count\"><span class=\"sdm_item_count_number\">255<\/span><span class=\"sdm_item_count_string\"> Downloads<\/span><\/span><\/div><\/div><div class=\"sdm_download_item \"><div class=\"sdm_download_item_top\"><div class=\"sdm_download_thumbnail\"><\/div><div class=\"sdm_download_title\">Aviso de Manifesta\u00e7\u00e3o de Interesse n\u00ba 01\/2023<\/div><\/div><div style=\"clear:both;\"><\/div><div class=\"sdm_download_description\"><p>Presta\u00e7\u00e3o de servi\u00e7o de Comunica\u00e7\u00e3o e Marketing para a C\u00e2mara Municipal<br \/>\nde Vereadores de Estrela Velha.<\/p>\n<\/div><div class=\"sdm_download_link\"><span class=\"sdm_download_button\"><a href=\"https:\/\/www.camaraestrelavelha.rs.gov.br\/portal\/?smd_process_download=1&download_id=6965\" class=\"sdm_download grey\" title=\"Aviso de Manifesta\u00e7\u00e3o de Interesse n\u00ba 01\/2023\" target=\"_self\">Baixar agora!<\/a><\/span><span class=\"sdm_download_item_count\"><span class=\"sdm_item_count_number\">259<\/span><span class=\"sdm_item_count_string\"> Downloads<\/span><\/span><\/div><\/div><div class=\"sdm_download_item \"><div class=\"sdm_download_item_top\"><div class=\"sdm_download_thumbnail\"><\/div><div class=\"sdm_download_title\">Termo de Refer\u00eancia Marketing Digital<\/div><\/div><div style=\"clear:both;\"><\/div><div class=\"sdm_download_description\"><p>Contrata\u00e7\u00e3o de empresa especializada na presta\u00e7\u00e3o de servi\u00e7os de Marketing Digital para a C\u00e2mara Municipal de Vereadores.<\/p>\n<\/div><div class=\"sdm_download_link\"><span class=\"sdm_download_button\"><a href=\"https:\/\/www.camaraestrelavelha.rs.gov.br\/portal\/?smd_process_download=1&download_id=6962\" class=\"sdm_download grey\" title=\"Termo de Refer\u00eancia Marketing Digital\" target=\"_self\">Baixar agora!<\/a><\/span><span class=\"sdm_download_item_count\"><span class=\"sdm_item_count_number\">288<\/span><span class=\"sdm_item_count_string\"> Downloads<\/span><\/span><\/div><\/div><div class=\"sdm_download_item \"><div class=\"sdm_download_item_top\"><div class=\"sdm_download_thumbnail\"><\/div><div class=\"sdm_download_title\">Extrato de Aditivo  Contrato n\u00ba 02\/2020<\/div><\/div><div style=\"clear:both;\"><\/div><div class=\"sdm_download_description\"><p>Contrata\u00e7\u00e3o de empresa especializada em loca\u00e7\u00e3o, instala\u00e7\u00e3o, manuten\u00e7\u00e3o, treinamento, provimento de datacenter e suporte t\u00e9cnico para sistema informatizado de Gest\u00e3o P\u00fablica da C\u00e2mara de Vereadores.<\/p>\n<\/div><div class=\"sdm_download_link\"><span class=\"sdm_download_button\"><a href=\"https:\/\/www.camaraestrelavelha.rs.gov.br\/portal\/?smd_process_download=1&download_id=6938\" class=\"sdm_download grey\" title=\"Extrato de Aditivo  Contrato n\u00ba 02\/2020\" target=\"_self\">Baixar agora!<\/a><\/span><span class=\"sdm_download_item_count\"><span class=\"sdm_item_count_number\">255<\/span><span class=\"sdm_item_count_string\"> Downloads<\/span><\/span><\/div><\/div><div class=\"sdm_download_item \"><div class=\"sdm_download_item_top\"><div class=\"sdm_download_thumbnail\"><\/div><div class=\"sdm_download_title\">Extrato de Inexigibilidade de Licita\u00e7\u00e3o n\u00b0 02\/2023<\/div><\/div><div style=\"clear:both;\"><\/div><div class=\"sdm_download_description\"><p>Contrata\u00e7\u00e3o de Empresa prestadora de servi\u00e7os especializados para an\u00e1lise, revis\u00e3o e elabora\u00e7\u00e3o de minuta final da Lei Org\u00e2nica Municipal e Regimento Interno.<\/p>\n<\/div><div class=\"sdm_download_link\"><span class=\"sdm_download_button\"><a href=\"https:\/\/www.camaraestrelavelha.rs.gov.br\/portal\/?smd_process_download=1&download_id=6909\" class=\"sdm_download grey\" title=\"Extrato de Inexigibilidade de Licita\u00e7\u00e3o n\u00b0 02\/2023\" target=\"_self\">Baixar agora!<\/a><\/span><span class=\"sdm_download_item_count\"><span class=\"sdm_item_count_number\">255<\/span><span class=\"sdm_item_count_string\"> Downloads<\/span><\/span><\/div><\/div><div class=\"sdm_download_item \"><div class=\"sdm_download_item_top\"><div class=\"sdm_download_thumbnail\"><\/div><div class=\"sdm_download_title\">Extrato de Contrato n\u00b0. 04\/2023<\/div><\/div><div style=\"clear:both;\"><\/div><div class=\"sdm_download_description\"><p>Contrata\u00e7\u00e3o de Empresa para palestra \u201cAtendimento Inteligente para o novo comportamento do consumidor\u201d a realizar-se no dia 26 de outubro de 2023, na C\u00e2mara de Vereadores de Estrela Velha.<\/p>\n<\/div><div class=\"sdm_download_link\"><span class=\"sdm_download_button\"><a href=\"https:\/\/www.camaraestrelavelha.rs.gov.br\/portal\/?smd_process_download=1&download_id=6871\" class=\"sdm_download grey\" title=\"Extrato de Contrato n\u00b0. 04\/2023\" target=\"_self\">Baixar agora!<\/a><\/span><span class=\"sdm_download_item_count\"><span class=\"sdm_item_count_number\">240<\/span><span class=\"sdm_item_count_string\"> Downloads<\/span><\/span><\/div><\/div><div class=\"sdm_download_item \"><div class=\"sdm_download_item_top\"><div class=\"sdm_download_thumbnail\"><\/div><div class=\"sdm_download_title\">Extrato de Dispensa de Licita\u00e7\u00e3o n\u00b0. 03\/2023<\/div><\/div><div style=\"clear:both;\"><\/div><div class=\"sdm_download_description\"><p>Contrata\u00e7\u00e3o de Empresa para palestra \u201cAtendimento Inteligente para o novo comportamento do consumidor\u201d a realizar-se no dia 26 de outubro de 2023, na C\u00e2mara de Vereadores de Estrela Velha<\/p>\n<\/div><div class=\"sdm_download_link\"><span class=\"sdm_download_button\"><a href=\"https:\/\/www.camaraestrelavelha.rs.gov.br\/portal\/?smd_process_download=1&download_id=6869\" class=\"sdm_download grey\" title=\"Extrato de Dispensa de Licita\u00e7\u00e3o n\u00b0. 03\/2023\" target=\"_self\">Baixar agora!<\/a><\/span><span class=\"sdm_download_item_count\"><span class=\"sdm_item_count_number\">271<\/span><span class=\"sdm_item_count_string\"> Downloads<\/span><\/span><\/div><\/div><div class=\"sdm_download_item \"><div class=\"sdm_download_item_top\"><div class=\"sdm_download_thumbnail\"><\/div><div class=\"sdm_download_title\">Extrato de Contrato n\u00b0. 03\/2023<\/div><\/div><div style=\"clear:both;\"><\/div><div class=\"sdm_download_description\"><p>Contrata\u00e7\u00e3o de Empresa prestadora de servi\u00e7os para suporte t\u00e9cnico especializados de configura\u00e7\u00e3o e lan\u00e7amentos no sistema de gest\u00e3o, BLL, Licitacon e PNCP.<\/p>\n<\/div><div class=\"sdm_download_link\"><span class=\"sdm_download_button\"><a href=\"https:\/\/www.camaraestrelavelha.rs.gov.br\/portal\/?smd_process_download=1&download_id=6837\" class=\"sdm_download grey\" title=\"Extrato de Contrato n\u00b0. 03\/2023\" target=\"_self\">Baixar agora!<\/a><\/span><span class=\"sdm_download_item_count\"><span class=\"sdm_item_count_number\">269<\/span><span class=\"sdm_item_count_string\"> Downloads<\/span><\/span><\/div><\/div><div class=\"sdm_download_item \"><div class=\"sdm_download_item_top\"><div class=\"sdm_download_thumbnail\"><\/div><div class=\"sdm_download_title\">Extrato de Dispensa de Licita\u00e7\u00e3o n\u00b0 01\/2023<\/div><\/div><div style=\"clear:both;\"><\/div><div class=\"sdm_download_description\"><p>Contrata\u00e7\u00e3o de Empresa para fornecimento e instala\u00e7\u00e3o de 30 metros de pel\u00edculas solares para serem instaladas em janelas e portas do pr\u00e9dio da C\u00e2mara de Vereadores.<\/p>\n<\/div><div class=\"sdm_download_link\"><span class=\"sdm_download_button\"><a href=\"https:\/\/www.camaraestrelavelha.rs.gov.br\/portal\/?smd_process_download=1&download_id=6835\" class=\"sdm_download grey\" title=\"Extrato de Dispensa de Licita\u00e7\u00e3o n\u00b0 01\/2023\" target=\"_self\">Baixar agora!<\/a><\/span><span class=\"sdm_download_item_count\"><span class=\"sdm_item_count_number\">243<\/span><span class=\"sdm_item_count_string\"> Downloads<\/span><\/span><\/div><\/div><div class=\"sdm_download_item \"><div class=\"sdm_download_item_top\"><div class=\"sdm_download_thumbnail\"><\/div><div class=\"sdm_download_title\">Extrato de Dispensa de Licita\u00e7\u00e3o n\u00b0 02\/2023<\/div><\/div><div style=\"clear:both;\"><\/div><div class=\"sdm_download_description\"><p>Contrata\u00e7\u00e3o de Empresa prestadora de servi\u00e7os para suporte t\u00e9cnico especializados de configura\u00e7\u00e3o e lan\u00e7amentos no sistema de gest\u00e3o, BLL, Licitacon e PNCP.<\/p>\n<\/div><div class=\"sdm_download_link\"><span class=\"sdm_download_button\"><a href=\"https:\/\/www.camaraestrelavelha.rs.gov.br\/portal\/?smd_process_download=1&download_id=6833\" class=\"sdm_download grey\" title=\"Extrato de Dispensa de Licita\u00e7\u00e3o n\u00b0 02\/2023\" target=\"_self\">Baixar agora!<\/a><\/span><span class=\"sdm_download_item_count\"><span class=\"sdm_item_count_number\">255<\/span><span class=\"sdm_item_count_string\"> Downloads<\/span><\/span><\/div><\/div><div class=\"sdm_download_item \"><div class=\"sdm_download_item_top\"><div class=\"sdm_download_thumbnail\"><\/div><div class=\"sdm_download_title\">Extrato 1\u00ba Termo Aditivo de Contrato N\u00ba 10\/2022<\/div><\/div><div style=\"clear:both;\"><\/div><div class=\"sdm_download_description\"><\/div><div class=\"sdm_download_link\"><span class=\"sdm_download_button\"><a href=\"https:\/\/www.camaraestrelavelha.rs.gov.br\/portal\/?smd_process_download=1&download_id=6239\" class=\"sdm_download grey\" title=\"Extrato 1\u00ba Termo Aditivo de Contrato N\u00ba 10\/2022\" target=\"_self\">Baixar agora!<\/a><\/span><span class=\"sdm_download_item_count\"><span class=\"sdm_item_count_number\">271<\/span><span class=\"sdm_item_count_string\"> Downloads<\/span><\/span><\/div><\/div><div class=\"sdm_clear_float\"><\/div><div class=\"sdm_pagination\"><\/div><\/div>\n\t\t\t\t<\/div>\n\t\t\t\t<\/div>\n\t\t\t\t\t\t<\/div>\n\t\t\t\t\t<\/div>\n\t\t<\/div>\n\t\t\t\t\t\t\t\t<\/div>\n\t\t\t\t\t<\/div>\n\t\t<\/section>\n\t\t\t\t\t\t<\/div>\n\t\t\t\t\t\t<\/div>\n\t\t\t\t\t<\/div>\n\t\t","protected":false},"excerpt":{"rendered":"","protected":false},"author":2,"featured_media":0,"parent":0,"menu_order":0,"comment_status":"closed","ping_status":"closed","template":"","meta":{"episode_type":"","audio_file":"","duration":"","filesize":"","date_recorded":"","explicit":"","block":"","filesize_raw":""},"_links":{"self":[{"href":"https:\/\/www.camaraestrelavelha.rs.gov.br\/portal\/wp-json\/wp\/v2\/pages\/6234"}],"collection":[{"href":"https:\/\/www.camaraestrelavelha.rs.gov.br\/portal\/wp-json\/wp\/v2\/pages"}],"about":[{"href":"https:\/\/www.camaraestrelavelha.rs.gov.br\/portal\/wp-json\/wp\/v2\/types\/page"}],"author":[{"embeddable":true,"href":"https:\/\/www.camaraestrelavelha.rs.gov.br\/portal\/wp-json\/wp\/v2\/users\/2"}],"replies":[{"embeddable":true,"href":"https:\/\/www.camaraestrelavelha.rs.gov.br\/portal\/wp-json\/wp\/v2\/comments?post=6234"}],"version-history":[{"count":7,"href":"https:\/\/www.camaraestrelavelha.rs.gov.br\/portal\/wp-json\/wp\/v2\/pages\/6234\/revisions"}],"predecessor-version":[{"id":6244,"href":"https:\/\/www.camaraestrelavelha.rs.gov.br\/portal\/wp-json\/wp\/v2\/pages\/6234\/revisions\/6244"}],"wp:attachment":[{"href":"https:\/\/www.camaraestrelavelha.rs.gov.br\/portal\/wp-json\/wp\/v2\/media?parent=6234"}],"curies":[{"name":"wp","href":"https:\/\/api.w.org\/{rel}","templated":true}]}}