{"id":7582,"date":"2024-02-06T13:38:33","date_gmt":"2024-02-06T16:38:33","guid":{"rendered":"http:\/\/camaraestrelavelha.rs.gov.br\/portal\/?page_id=7582"},"modified":"2024-02-06T13:39:27","modified_gmt":"2024-02-06T16:39:27","slug":"editais-2023-2","status":"publish","type":"page","link":"https:\/\/www.camaraestrelavelha.rs.gov.br\/portal\/editais-2023-2\/","title":{"rendered":"Editais 2024"},"content":{"rendered":"\t\t<div data-elementor-type=\"wp-page\" data-elementor-id=\"7582\" class=\"elementor elementor-7582\" data-elementor-settings=\"[]\">\n\t\t\t\t\t\t<div class=\"elementor-inner\">\n\t\t\t\t\t\t\t<div class=\"elementor-section-wrap\">\n\t\t\t\t\t\t\t<section class=\"elementor-section elementor-top-section elementor-element elementor-element-42a9181 elementor-section-boxed elementor-section-height-default elementor-section-height-default\" data-id=\"42a9181\" data-element_type=\"section\">\n\t\t\t\t\t\t<div class=\"elementor-container elementor-column-gap-default\">\n\t\t\t\t\t\t\t<div class=\"elementor-row\">\n\t\t\t\t\t<div class=\"elementor-column elementor-col-100 elementor-top-column elementor-element elementor-element-6adccd0\" data-id=\"6adccd0\" data-element_type=\"column\">\n\t\t\t<div class=\"elementor-column-wrap elementor-element-populated\">\n\t\t\t\t\t\t\t<div class=\"elementor-widget-wrap\">\n\t\t\t\t\t\t<div class=\"elementor-element elementor-element-3349ad0 elementor-widget elementor-widget-shortcode\" data-id=\"3349ad0\" data-element_type=\"widget\" data-widget_type=\"shortcode.default\">\n\t\t\t\t<div class=\"elementor-widget-container\">\n\t\t\t\t\t<div class=\"elementor-shortcode\"><div class=\"sdm_download_item \"><div class=\"sdm_download_item_top\"><div class=\"sdm_download_thumbnail\"><\/div><div class=\"sdm_download_title\">EXTRATO N\u00ba 25\/2025.<\/div><\/div><div style=\"clear:both;\"><\/div><div class=\"sdm_download_description\"><\/div><div class=\"sdm_download_link\"><span class=\"sdm_download_button\"><a href=\"https:\/\/www.camaraestrelavelha.rs.gov.br\/portal\/?smd_process_download=1&download_id=10408\" class=\"sdm_download grey\" title=\"EXTRATO N\u00ba 25\/2025.\" target=\"_self\">Baixar agora!<\/a><\/span><span class=\"sdm_download_item_count\"><span class=\"sdm_item_count_number\">59<\/span><span class=\"sdm_item_count_string\"> Downloads<\/span><\/span><\/div><\/div><div class=\"sdm_download_item \"><div class=\"sdm_download_item_top\"><div class=\"sdm_download_thumbnail\"><\/div><div class=\"sdm_download_title\">AVISO DE MANIFESTA\u00c7\u00c3O DE INTERESSE N\u00ba 06\/2025.<\/div><\/div><div style=\"clear:both;\"><\/div><div class=\"sdm_download_description\"><\/div><div class=\"sdm_download_link\"><span class=\"sdm_download_button\"><a href=\"https:\/\/www.camaraestrelavelha.rs.gov.br\/portal\/?smd_process_download=1&download_id=9981\" class=\"sdm_download grey\" title=\"AVISO DE MANIFESTA\u00c7\u00c3O DE INTERESSE N\u00ba 06\/2025.\" target=\"_self\">Baixar agora!<\/a><\/span><span class=\"sdm_download_item_count\"><span class=\"sdm_item_count_number\">94<\/span><span class=\"sdm_item_count_string\"> Downloads<\/span><\/span><\/div><\/div><div class=\"sdm_download_item \"><div class=\"sdm_download_item_top\"><div class=\"sdm_download_thumbnail\"><\/div><div class=\"sdm_download_title\">Aviso de Manifesta\u00e7\u00e3o de Interesse n\u00ba 19\/2024.<\/div><\/div><div style=\"clear:both;\"><\/div><div class=\"sdm_download_description\"><p>Aquisi\u00e7\u00e3o de mudas de flores, vasos, pedras e insumos de jardinagem e paisagismo para a C\u00e2mara de Vereadores de Estrela Velha, RS.<\/p>\n<\/div><div class=\"sdm_download_link\"><span class=\"sdm_download_button\"><a href=\"https:\/\/www.camaraestrelavelha.rs.gov.br\/portal\/?smd_process_download=1&download_id=9270\" class=\"sdm_download grey\" title=\"Aviso de Manifesta\u00e7\u00e3o de Interesse n\u00ba 19\/2024.\" target=\"_self\">Baixar agora!<\/a><\/span><span class=\"sdm_download_item_count\"><span class=\"sdm_item_count_number\">120<\/span><span class=\"sdm_item_count_string\"> Downloads<\/span><\/span><\/div><\/div><div class=\"sdm_download_item \"><div class=\"sdm_download_item_top\"><div class=\"sdm_download_thumbnail\"><\/div><div class=\"sdm_download_title\">Extrato n\u00ba 29\/2024<\/div><\/div><div style=\"clear:both;\"><\/div><div class=\"sdm_download_description\"><p>Contrata\u00e7\u00e3o de empresa especializada para capta\u00e7\u00e3o fotogr\u00e1fica para a Sess\u00e3o Solene de Posse da 8\u00ba Legislatura (2025\/2028) e impress\u00e3o de fotografias do Projeto C\u00e2mara Cidad\u00e3 da C\u00e2mara Municipal de Vereadores de Estrela Velha\/RS.<\/p>\n<\/div><div class=\"sdm_download_link\"><span class=\"sdm_download_button\"><a href=\"https:\/\/www.camaraestrelavelha.rs.gov.br\/portal\/?smd_process_download=1&download_id=9240\" class=\"sdm_download grey\" title=\"Extrato n\u00ba 29\/2024\" target=\"_self\">Baixar agora!<\/a><\/span><span class=\"sdm_download_item_count\"><span class=\"sdm_item_count_number\">120<\/span><span class=\"sdm_item_count_string\"> Downloads<\/span><\/span><\/div><\/div><div class=\"sdm_download_item \"><div class=\"sdm_download_item_top\"><div class=\"sdm_download_thumbnail\"><\/div><div class=\"sdm_download_title\">Extrato n\u00ba 28\/2024 1\u00ba Termo Aditivo<\/div><\/div><div style=\"clear:both;\"><\/div><div class=\"sdm_download_description\"><p>Contrata\u00e7\u00e3o de empresa especializada para o fornecimento de informativos t\u00e9cnicos, incluindo como ferramenta assessoria os servi\u00e7os de consultoria cont\u00e1bil, jur\u00eddica e patrimonial, para a C\u00e2mara Municipal de Vereadores de Estrela Velha.<\/p>\n<\/div><div class=\"sdm_download_link\"><span class=\"sdm_download_button\"><a href=\"https:\/\/www.camaraestrelavelha.rs.gov.br\/portal\/?smd_process_download=1&download_id=9225\" class=\"sdm_download grey\" title=\"Extrato n\u00ba 28\/2024 1\u00ba Termo Aditivo\" target=\"_self\">Baixar agora!<\/a><\/span><span class=\"sdm_download_item_count\"><span class=\"sdm_item_count_number\">120<\/span><span class=\"sdm_item_count_string\"> Downloads<\/span><\/span><\/div><\/div><div class=\"sdm_download_item \"><div class=\"sdm_download_item_top\"><div class=\"sdm_download_thumbnail\"><\/div><div class=\"sdm_download_title\">Extrato n\u00ba 27\/2024  &#8211; 1\u00ba Termo Aditivo<\/div><\/div><div style=\"clear:both;\"><\/div><div class=\"sdm_download_description\"><p>Contrata\u00e7\u00e3o de empresa para aquisi\u00e7\u00e3o e instala\u00e7\u00e3o de poltronas fixas para a Sala de Sess\u00f5es Erno Billig da C\u00e2mara Municipal de Vereadores de Estrela Velha, RS, com acr\u00e9scimo de 11 (onze) poltronas fixas.<\/p>\n<\/div><div class=\"sdm_download_link\"><span class=\"sdm_download_button\"><a href=\"https:\/\/www.camaraestrelavelha.rs.gov.br\/portal\/?smd_process_download=1&download_id=9223\" class=\"sdm_download grey\" title=\"Extrato n\u00ba 27\/2024  &#8211; 1\u00ba Termo Aditivo\" target=\"_self\">Baixar agora!<\/a><\/span><span class=\"sdm_download_item_count\"><span class=\"sdm_item_count_number\">108<\/span><span class=\"sdm_item_count_string\"> Downloads<\/span><\/span><\/div><\/div><div class=\"sdm_download_item \"><div class=\"sdm_download_item_top\"><div class=\"sdm_download_thumbnail\"><\/div><div class=\"sdm_download_title\">Aviso de Manifesta\u00e7\u00e3o de Interesse n\u00ba 18\/2024.<\/div><\/div><div style=\"clear:both;\"><\/div><div class=\"sdm_download_description\"><p>Contrata\u00e7\u00e3o de empresa especializada para capta\u00e7\u00e3o fotogr\u00e1fica para a Sess\u00e3o Solene de Posse da 8\u00ba Legislatura (2025\/2028) e impress\u00e3o de fotografias do Projeto C\u00e2mara Cidad\u00e3 da C\u00e2mara Municipal de Estrela Velha, RS.<\/p>\n<\/div><div class=\"sdm_download_link\"><span class=\"sdm_download_button\"><a href=\"https:\/\/www.camaraestrelavelha.rs.gov.br\/portal\/?smd_process_download=1&download_id=9221\" class=\"sdm_download grey\" title=\"Aviso de Manifesta\u00e7\u00e3o de Interesse n\u00ba 18\/2024.\" target=\"_self\">Baixar agora!<\/a><\/span><span class=\"sdm_download_item_count\"><span class=\"sdm_item_count_number\">118<\/span><span class=\"sdm_item_count_string\"> Downloads<\/span><\/span><\/div><\/div><div class=\"sdm_download_item \"><div class=\"sdm_download_item_top\"><div class=\"sdm_download_thumbnail\"><\/div><div class=\"sdm_download_title\">Extrato n\u00ba 26\/2024<\/div><\/div><div style=\"clear:both;\"><\/div><div class=\"sdm_download_description\"><p>Contrata\u00e7\u00e3o de empresa para aquisi\u00e7\u00e3o e instala\u00e7\u00e3o de poltronas fixas para a Sala de Sess\u00f5es Erno Billig da C\u00e2mara Municipal de Vereadores de Estrela Velha, RS.<\/p>\n<\/div><div class=\"sdm_download_link\"><span class=\"sdm_download_button\"><a href=\"https:\/\/www.camaraestrelavelha.rs.gov.br\/portal\/?smd_process_download=1&download_id=9192\" class=\"sdm_download grey\" title=\"Extrato n\u00ba 26\/2024\" target=\"_self\">Baixar agora!<\/a><\/span><span class=\"sdm_download_item_count\"><span class=\"sdm_item_count_number\">119<\/span><span class=\"sdm_item_count_string\"> Downloads<\/span><\/span><\/div><\/div><div class=\"sdm_download_item \"><div class=\"sdm_download_item_top\"><div class=\"sdm_download_thumbnail\"><\/div><div class=\"sdm_download_title\">Extrato n\u00ba 25\/2024.<\/div><\/div><div style=\"clear:both;\"><\/div><div class=\"sdm_download_description\"><p>Registro de pre\u00e7os para contrata\u00e7\u00e3o de empresa para confec\u00e7\u00e3o de certificados digitais, do tipo e-CPF A1 e e-CNPJ A1, para a C\u00e2mara Municipal de Vereadores de Estrela Velha, RS.<\/p>\n<\/div><div class=\"sdm_download_link\"><span class=\"sdm_download_button\"><a href=\"https:\/\/www.camaraestrelavelha.rs.gov.br\/portal\/?smd_process_download=1&download_id=9049\" class=\"sdm_download grey\" title=\"Extrato n\u00ba 25\/2024.\" target=\"_self\">Baixar agora!<\/a><\/span><span class=\"sdm_download_item_count\"><span class=\"sdm_item_count_number\">114<\/span><span class=\"sdm_item_count_string\"> Downloads<\/span><\/span><\/div><\/div><div class=\"sdm_download_item \"><div class=\"sdm_download_item_top\"><div class=\"sdm_download_thumbnail\"><\/div><div class=\"sdm_download_title\">Extrato n\u00ba 25\/2024.<\/div><\/div><div style=\"clear:both;\"><\/div><div class=\"sdm_download_description\"><p>Registro de pre\u00e7os para contrata\u00e7\u00e3o de empresa para confec\u00e7\u00e3o de certificados digitais, do tipo e-CPF A1 e e-CNPJ A1, para a C\u00e2mara Municipal de Vereadores de Estrela Velha, RS.<\/p>\n<\/div><div class=\"sdm_download_link\"><span class=\"sdm_download_button\"><a href=\"https:\/\/www.camaraestrelavelha.rs.gov.br\/portal\/?smd_process_download=1&download_id=9046\" class=\"sdm_download grey\" title=\"Extrato n\u00ba 25\/2024.\" target=\"_self\">Baixar agora!<\/a><\/span><span class=\"sdm_download_item_count\"><span class=\"sdm_item_count_number\">122<\/span><span class=\"sdm_item_count_string\"> Downloads<\/span><\/span><\/div><\/div><div class=\"sdm_download_item \"><div class=\"sdm_download_item_top\"><div class=\"sdm_download_thumbnail\"><\/div><div class=\"sdm_download_title\">Extrato n\u00ba 24\/2024<\/div><\/div><div style=\"clear:both;\"><\/div><div class=\"sdm_download_description\"><p>Contrata\u00e7\u00e3o de empresa prestadora de servi\u00e7os de reforma do forro e do <em>hall <\/em>de acesso a Sala de Sess\u00f5es Erno Billig, de 02 (dois) sanit\u00e1rios e pintura interna do pr\u00e9dio da C\u00e2mara Municipal de Vereadores de Estrela Velha, RS.<\/p>\n<p><strong>Valor<\/strong>: R$43.065,45 (quarenta e tr\u00eas mil, sessenta e cinco reais e quarenta e cinco centavos).<\/p>\n<\/div><div class=\"sdm_download_link\"><span class=\"sdm_download_button\"><a href=\"https:\/\/www.camaraestrelavelha.rs.gov.br\/portal\/?smd_process_download=1&download_id=9023\" class=\"sdm_download grey\" title=\"Extrato n\u00ba 24\/2024\" target=\"_self\">Baixar agora!<\/a><\/span><span class=\"sdm_download_item_count\"><span class=\"sdm_item_count_number\">117<\/span><span class=\"sdm_item_count_string\"> Downloads<\/span><\/span><\/div><\/div><div class=\"sdm_download_item \"><div class=\"sdm_download_item_top\"><div class=\"sdm_download_thumbnail\"><\/div><div class=\"sdm_download_title\">Aviso de Manifesta\u00e7\u00e3o de interesse n\u00ba 17\/2024<\/div><\/div><div style=\"clear:both;\"><\/div><div class=\"sdm_download_description\"><p>Registro de pre\u00e7os para contrata\u00e7\u00e3o de empresa para confec\u00e7\u00e3o de certificados digitais, do tipo e-CPF A1 e-CNPJ A1 para a C\u00e2mara Municipal de Vereadores de Estrela Velha, RS.<\/p>\n<\/div><div class=\"sdm_download_link\"><span class=\"sdm_download_button\"><a href=\"https:\/\/www.camaraestrelavelha.rs.gov.br\/portal\/?smd_process_download=1&download_id=9017\" class=\"sdm_download grey\" title=\"Aviso de Manifesta\u00e7\u00e3o de interesse n\u00ba 17\/2024\" target=\"_self\">Baixar agora!<\/a><\/span><span class=\"sdm_download_item_count\"><span class=\"sdm_item_count_number\">121<\/span><span class=\"sdm_item_count_string\"> Downloads<\/span><\/span><\/div><\/div><div class=\"sdm_download_item \"><div class=\"sdm_download_item_top\"><div class=\"sdm_download_thumbnail\"><\/div><div class=\"sdm_download_title\">Aviso de Manifesta\u00e7\u00e3o de Interesse n\u00ba 16\/2024.<\/div><\/div><div style=\"clear:both;\"><\/div><div class=\"sdm_download_description\"><p>Contrata\u00e7\u00e3o de empresa para presta\u00e7\u00e3o de servi\u00e7os de reforma do forro e do <em>hall <\/em>de acesso a Sala de Sess\u00f5es Erno Billig, de 02 (dois) sanit\u00e1rios e pintura interna do pr\u00e9dio da C\u00e2mara Municipal de Vereadores de Estrela Velha, RS.<\/p>\n<\/div><div class=\"sdm_download_link\"><span class=\"sdm_download_button\"><a href=\"https:\/\/www.camaraestrelavelha.rs.gov.br\/portal\/?smd_process_download=1&download_id=8816\" class=\"sdm_download grey\" title=\"Aviso de Manifesta\u00e7\u00e3o de Interesse n\u00ba 16\/2024.\" target=\"_self\">Baixar agora!<\/a><\/span><span class=\"sdm_download_item_count\"><span class=\"sdm_item_count_number\">142<\/span><span class=\"sdm_item_count_string\"> Downloads<\/span><\/span><\/div><\/div><div class=\"sdm_download_item \"><div class=\"sdm_download_item_top\"><div class=\"sdm_download_thumbnail\"><\/div><div class=\"sdm_download_title\">Errata n\u00ba 01\/2024 &#8211; Retifica o Edital n\u00ba 01\/2024 &#8211; Preg\u00e3o Eletr\u00f4nico<\/div><\/div><div style=\"clear:both;\"><\/div><div class=\"sdm_download_description\"><\/div><div class=\"sdm_download_link\"><span class=\"sdm_download_button\"><a href=\"https:\/\/www.camaraestrelavelha.rs.gov.br\/portal\/?smd_process_download=1&download_id=8796\" class=\"sdm_download grey\" title=\"Errata n\u00ba 01\/2024 &#8211; Retifica o Edital n\u00ba 01\/2024 &#8211; Preg\u00e3o Eletr\u00f4nico\" target=\"_self\">Baixar agora!<\/a><\/span><span class=\"sdm_download_item_count\"><span class=\"sdm_item_count_number\">140<\/span><span class=\"sdm_item_count_string\"> Downloads<\/span><\/span><\/div><\/div><div class=\"sdm_download_item \"><div class=\"sdm_download_item_top\"><div class=\"sdm_download_thumbnail\"><\/div><div class=\"sdm_download_title\">Parecer Impugna\u00e7\u00e3o<\/div><\/div><div style=\"clear:both;\"><\/div><div class=\"sdm_download_description\"><\/div><div class=\"sdm_download_link\"><span class=\"sdm_download_button\"><a href=\"https:\/\/www.camaraestrelavelha.rs.gov.br\/portal\/?smd_process_download=1&download_id=8794\" class=\"sdm_download grey\" title=\"Parecer Impugna\u00e7\u00e3o\" target=\"_self\">Baixar agora!<\/a><\/span><span class=\"sdm_download_item_count\"><span class=\"sdm_item_count_number\">134<\/span><span class=\"sdm_item_count_string\"> Downloads<\/span><\/span><\/div><\/div><div class=\"sdm_download_item \"><div class=\"sdm_download_item_top\"><div class=\"sdm_download_thumbnail\"><\/div><div class=\"sdm_download_title\">Ata n\u00ba 01\/2024 &#8211; Preg\u00e3o Eletr\u00f4nico n\u00ba 01\/2024 &#8211; Processo  Licitat\u00f3rio n\u00ba 19\/2024<\/div><\/div><div style=\"clear:both;\"><\/div><div class=\"sdm_download_description\"><\/div><div class=\"sdm_download_link\"><span class=\"sdm_download_button\"><a href=\"https:\/\/www.camaraestrelavelha.rs.gov.br\/portal\/?smd_process_download=1&download_id=8792\" class=\"sdm_download grey\" title=\"Ata n\u00ba 01\/2024 &#8211; Preg\u00e3o Eletr\u00f4nico n\u00ba 01\/2024 &#8211; Processo  Licitat\u00f3rio n\u00ba 19\/2024\" target=\"_self\">Baixar agora!<\/a><\/span><span class=\"sdm_download_item_count\"><span class=\"sdm_item_count_number\">143<\/span><span class=\"sdm_item_count_string\"> Downloads<\/span><\/span><\/div><\/div><div class=\"sdm_download_item \"><div class=\"sdm_download_item_top\"><div class=\"sdm_download_thumbnail\"><\/div><div class=\"sdm_download_title\">Aviso de Licita\u00e7\u00e3o- Preg\u00e3o Eletr\u00f4nico n\u00ba 01\/2024<\/div><\/div><div style=\"clear:both;\"><\/div><div class=\"sdm_download_description\"><p>Contrata\u00e7\u00e3o de empresa para aquisi\u00e7\u00e3o e instala\u00e7\u00e3o de poltronas fixas para a Sala de Sess\u00e3o Erno Billig,<\/p>\n<\/div><div class=\"sdm_download_link\"><span class=\"sdm_download_button\"><a href=\"https:\/\/www.camaraestrelavelha.rs.gov.br\/portal\/?smd_process_download=1&download_id=8756\" class=\"sdm_download grey\" title=\"Aviso de Licita\u00e7\u00e3o- Preg\u00e3o Eletr\u00f4nico n\u00ba 01\/2024\" target=\"_self\">Baixar agora!<\/a><\/span><span class=\"sdm_download_item_count\"><span class=\"sdm_item_count_number\">145<\/span><span class=\"sdm_item_count_string\"> Downloads<\/span><\/span><\/div><\/div><div class=\"sdm_download_item \"><div class=\"sdm_download_item_top\"><div class=\"sdm_download_thumbnail\"><\/div><div class=\"sdm_download_title\">Extrato n\u00ba 23\/2024 &#8211; Dispensa de Licita\u00e7\u00e3o n\u00ba 15\/2024<\/div><\/div><div style=\"clear:both;\"><\/div><div class=\"sdm_download_description\"><p>Registro de pre\u00e7os para contrata\u00e7\u00e3o de empresas para presta\u00e7\u00e3o de servi\u00e7os de encaderna\u00e7\u00e3o e impress\u00e3o de material gr\u00e1fico para o Legislativo, sendo eles: atas das sess\u00f5es legislativas, impress\u00f5es do novo Regimento Interno e da emenda \u00e0 Lei Org\u00e2nica, como tamb\u00e9m, impress\u00f5es de folders e cartazes para palestras.<\/p>\n<\/div><div class=\"sdm_download_link\"><span class=\"sdm_download_button\"><a href=\"https:\/\/www.camaraestrelavelha.rs.gov.br\/portal\/?smd_process_download=1&download_id=8738\" class=\"sdm_download grey\" title=\"Extrato n\u00ba 23\/2024 &#8211; Dispensa de Licita\u00e7\u00e3o n\u00ba 15\/2024\" target=\"_self\">Baixar agora!<\/a><\/span><span class=\"sdm_download_item_count\"><span class=\"sdm_item_count_number\">140<\/span><span class=\"sdm_item_count_string\"> Downloads<\/span><\/span><\/div><\/div><div class=\"sdm_download_item \"><div class=\"sdm_download_item_top\"><div class=\"sdm_download_thumbnail\"><\/div><div class=\"sdm_download_title\">Extrato n\u00ba 22\/2024<\/div><\/div><div style=\"clear:both;\"><\/div><div class=\"sdm_download_description\"><p>Contrata\u00e7\u00e3o de empresa especializada para presta\u00e7\u00e3o de servi\u00e7os de jardinagem para a C\u00e2mara de Vereadores de Estrela Velha.<\/p>\n<\/div><div class=\"sdm_download_link\"><span class=\"sdm_download_button\"><a href=\"https:\/\/www.camaraestrelavelha.rs.gov.br\/portal\/?smd_process_download=1&download_id=8732\" class=\"sdm_download grey\" title=\"Extrato n\u00ba 22\/2024\" target=\"_self\">Baixar agora!<\/a><\/span><span class=\"sdm_download_item_count\"><span class=\"sdm_item_count_number\">151<\/span><span class=\"sdm_item_count_string\"> Downloads<\/span><\/span><\/div><\/div><div class=\"sdm_download_item \"><div class=\"sdm_download_item_top\"><div class=\"sdm_download_thumbnail\"><\/div><div class=\"sdm_download_title\">Aviso de Manifesta\u00e7\u00e3o de Interesse n\u00ba 15\/2024.<\/div><\/div><div style=\"clear:both;\"><\/div><div class=\"sdm_download_description\"><p>Registro de pre\u00e7os para contrata\u00e7\u00e3o de empresas para presta\u00e7\u00e3o de servi\u00e7os de encaderna\u00e7\u00e3o e impress\u00e3o de material gr\u00e1fico para o Legislativo, sendo eles: atas das sess\u00f5es legislativas, impress\u00f5es do novo Regimento Interno e da emenda \u00e0 Lei Org\u00e2nica, como tamb\u00e9m, impress\u00f5es de folders e cartazes para palestras.<\/p>\n<\/div><div class=\"sdm_download_link\"><span class=\"sdm_download_button\"><a href=\"https:\/\/www.camaraestrelavelha.rs.gov.br\/portal\/?smd_process_download=1&download_id=8725\" class=\"sdm_download grey\" title=\"Aviso de Manifesta\u00e7\u00e3o de Interesse n\u00ba 15\/2024.\" target=\"_self\">Baixar agora!<\/a><\/span><span class=\"sdm_download_item_count\"><span class=\"sdm_item_count_number\">160<\/span><span class=\"sdm_item_count_string\"> Downloads<\/span><\/span><\/div><\/div><div class=\"sdm_clear_float\"><\/div><div class=\"sdm_pagination\"><span aria-current=\"page\" class=\"page-numbers current\">1<\/span>\n<a class=\"page-numbers\" href=\"https:\/\/www.camaraestrelavelha.rs.gov.br\/portal\/wp-json\/wp\/v2\/pages\/7582\/page\/2\/\">2<\/a>\n<a class=\"page-numbers\" href=\"https:\/\/www.camaraestrelavelha.rs.gov.br\/portal\/wp-json\/wp\/v2\/pages\/7582\/page\/3\/\">3<\/a>\n<a class=\"next page-numbers\" href=\"https:\/\/www.camaraestrelavelha.rs.gov.br\/portal\/wp-json\/wp\/v2\/pages\/7582\/page\/2\/\">&raquo;<\/a><\/div><\/div>\n\t\t\t\t<\/div>\n\t\t\t\t<\/div>\n\t\t\t\t\t\t<\/div>\n\t\t\t\t\t<\/div>\n\t\t<\/div>\n\t\t\t\t\t\t\t\t<\/div>\n\t\t\t\t\t<\/div>\n\t\t<\/section>\n\t\t\t\t\t\t<\/div>\n\t\t\t\t\t\t<\/div>\n\t\t\t\t\t<\/div>\n\t\t","protected":false},"excerpt":{"rendered":"","protected":false},"author":2,"featured_media":0,"parent":0,"menu_order":0,"comment_status":"closed","ping_status":"closed","template":"","meta":{"episode_type":"","audio_file":"","duration":"","filesize":"","date_recorded":"","explicit":"","block":"","filesize_raw":""},"_links":{"self":[{"href":"https:\/\/www.camaraestrelavelha.rs.gov.br\/portal\/wp-json\/wp\/v2\/pages\/7582"}],"collection":[{"href":"https:\/\/www.camaraestrelavelha.rs.gov.br\/portal\/wp-json\/wp\/v2\/pages"}],"about":[{"href":"https:\/\/www.camaraestrelavelha.rs.gov.br\/portal\/wp-json\/wp\/v2\/types\/page"}],"author":[{"embeddable":true,"href":"https:\/\/www.camaraestrelavelha.rs.gov.br\/portal\/wp-json\/wp\/v2\/users\/2"}],"replies":[{"embeddable":true,"href":"https:\/\/www.camaraestrelavelha.rs.gov.br\/portal\/wp-json\/wp\/v2\/comments?post=7582"}],"version-history":[{"count":4,"href":"https:\/\/www.camaraestrelavelha.rs.gov.br\/portal\/wp-json\/wp\/v2\/pages\/7582\/revisions"}],"predecessor-version":[{"id":7586,"href":"https:\/\/www.camaraestrelavelha.rs.gov.br\/portal\/wp-json\/wp\/v2\/pages\/7582\/revisions\/7586"}],"wp:attachment":[{"href":"https:\/\/www.camaraestrelavelha.rs.gov.br\/portal\/wp-json\/wp\/v2\/media?parent=7582"}],"curies":[{"name":"wp","href":"https:\/\/api.w.org\/{rel}","templated":true}]}}