{"id":8008,"date":"2024-05-27T14:14:20","date_gmt":"2024-05-27T17:14:20","guid":{"rendered":"http:\/\/camaraestrelavelha.rs.gov.br\/portal\/?page_id=8008"},"modified":"2024-05-27T14:15:16","modified_gmt":"2024-05-27T17:15:16","slug":"projetos-de-resolucoes","status":"publish","type":"page","link":"https:\/\/www.camaraestrelavelha.rs.gov.br\/portal\/projetos-de-resolucoes\/","title":{"rendered":"Projetos de Resolu\u00e7\u00f5es"},"content":{"rendered":"\t\t<div data-elementor-type=\"wp-page\" data-elementor-id=\"8008\" class=\"elementor elementor-8008\" data-elementor-settings=\"[]\">\n\t\t\t\t\t\t<div class=\"elementor-inner\">\n\t\t\t\t\t\t\t<div class=\"elementor-section-wrap\">\n\t\t\t\t\t\t\t<section class=\"elementor-section elementor-top-section elementor-element elementor-element-3a5c47a elementor-section-boxed elementor-section-height-default elementor-section-height-default\" data-id=\"3a5c47a\" data-element_type=\"section\">\n\t\t\t\t\t\t<div class=\"elementor-container elementor-column-gap-default\">\n\t\t\t\t\t\t\t<div class=\"elementor-row\">\n\t\t\t\t\t<div class=\"elementor-column elementor-col-100 elementor-top-column elementor-element elementor-element-8293557\" data-id=\"8293557\" data-element_type=\"column\">\n\t\t\t<div class=\"elementor-column-wrap elementor-element-populated\">\n\t\t\t\t\t\t\t<div class=\"elementor-widget-wrap\">\n\t\t\t\t\t\t<div class=\"elementor-element elementor-element-8097f40 elementor-widget elementor-widget-shortcode\" data-id=\"8097f40\" data-element_type=\"widget\" data-widget_type=\"shortcode.default\">\n\t\t\t\t<div class=\"elementor-widget-container\">\n\t\t\t\t\t<div class=\"elementor-shortcode\"><div class=\"sdm_download_item \"><div class=\"sdm_download_item_top\"><div class=\"sdm_download_thumbnail\"><\/div><div class=\"sdm_download_title\">RESOLU\u00c7\u00c3O N\u00ba 02, de 02 de fevereiro de 2026.<\/div><\/div><div style=\"clear:both;\"><\/div><div class=\"sdm_download_description\"><\/div><div class=\"sdm_download_link\"><span class=\"sdm_download_button\"><a href=\"https:\/\/www.camaraestrelavelha.rs.gov.br\/portal\/?smd_process_download=1&download_id=10722\" class=\"sdm_download grey\" title=\"RESOLU\u00c7\u00c3O N\u00ba 02, de 02 de fevereiro de 2026.\" target=\"_self\">Baixar agora!<\/a><\/span><span class=\"sdm_download_item_count\"><span class=\"sdm_item_count_number\">29<\/span><span class=\"sdm_item_count_string\"> Downloads<\/span><\/span><\/div><\/div><div class=\"sdm_download_item \"><div class=\"sdm_download_item_top\"><div class=\"sdm_download_thumbnail\"><\/div><div class=\"sdm_download_title\">RESOLU\u00c7\u00c3O N\u00ba 10, de 23 de outubro de 2025<\/div><\/div><div style=\"clear:both;\"><\/div><div class=\"sdm_download_description\"><\/div><div class=\"sdm_download_link\"><span class=\"sdm_download_button\"><a href=\"https:\/\/www.camaraestrelavelha.rs.gov.br\/portal\/?smd_process_download=1&download_id=10462\" class=\"sdm_download grey\" title=\"RESOLU\u00c7\u00c3O N\u00ba 10, de 23 de outubro de 2025\" target=\"_self\">Baixar agora!<\/a><\/span><span class=\"sdm_download_item_count\"><span class=\"sdm_item_count_number\">50<\/span><span class=\"sdm_item_count_string\"> Downloads<\/span><\/span><\/div><\/div><div class=\"sdm_download_item \"><div class=\"sdm_download_item_top\"><div class=\"sdm_download_thumbnail\"><\/div><div class=\"sdm_download_title\">RESOLU\u00c7\u00c3O N\u00ba 04, de 01 de abril de 2025.<\/div><\/div><div style=\"clear:both;\"><\/div><div class=\"sdm_download_description\"><\/div><div class=\"sdm_download_link\"><span class=\"sdm_download_button\"><a href=\"https:\/\/www.camaraestrelavelha.rs.gov.br\/portal\/?smd_process_download=1&download_id=10113\" class=\"sdm_download grey\" title=\"RESOLU\u00c7\u00c3O N\u00ba 04, de 01 de abril de 2025.\" target=\"_self\">Baixar agora!<\/a><\/span><span class=\"sdm_download_item_count\"><span class=\"sdm_item_count_number\">160<\/span><span class=\"sdm_item_count_string\"> Downloads<\/span><\/span><\/div><\/div><div class=\"sdm_download_item \"><div class=\"sdm_download_item_top\"><div class=\"sdm_download_thumbnail\"><\/div><div class=\"sdm_download_title\">RESOLU\u00c7\u00c3O N\u00ba 03, de 17 de mar\u00e7o de 2025.<\/div><\/div><div style=\"clear:both;\"><\/div><div class=\"sdm_download_description\"><\/div><div class=\"sdm_download_link\"><span class=\"sdm_download_button\"><a href=\"https:\/\/www.camaraestrelavelha.rs.gov.br\/portal\/?smd_process_download=1&download_id=10111\" class=\"sdm_download grey\" title=\"RESOLU\u00c7\u00c3O N\u00ba 03, de 17 de mar\u00e7o de 2025.\" target=\"_self\">Baixar agora!<\/a><\/span><span class=\"sdm_download_item_count\"><span class=\"sdm_item_count_number\">99<\/span><span class=\"sdm_item_count_string\"> Downloads<\/span><\/span><\/div><\/div><div class=\"sdm_download_item \"><div class=\"sdm_download_item_top\"><div class=\"sdm_download_thumbnail\"><\/div><div class=\"sdm_download_title\">RESOLU\u00c7\u00c3O N\u00ba 02, de 10 de fevereiro de 2025.<\/div><\/div><div style=\"clear:both;\"><\/div><div class=\"sdm_download_description\"><\/div><div class=\"sdm_download_link\"><span class=\"sdm_download_button\"><a href=\"https:\/\/www.camaraestrelavelha.rs.gov.br\/portal\/?smd_process_download=1&download_id=10109\" class=\"sdm_download grey\" title=\"RESOLU\u00c7\u00c3O N\u00ba 02, de 10 de fevereiro de 2025.\" target=\"_self\">Baixar agora!<\/a><\/span><span class=\"sdm_download_item_count\"><span class=\"sdm_item_count_number\">99<\/span><span class=\"sdm_item_count_string\"> Downloads<\/span><\/span><\/div><\/div><div class=\"sdm_download_item \"><div class=\"sdm_download_item_top\"><div class=\"sdm_download_thumbnail\"><\/div><div class=\"sdm_download_title\">RESOLU\u00c7\u00c3O N\u00ba 05, de 16 de abril de 2025.<\/div><\/div><div style=\"clear:both;\"><\/div><div class=\"sdm_download_description\"><\/div><div class=\"sdm_download_link\"><span class=\"sdm_download_button\"><a href=\"https:\/\/www.camaraestrelavelha.rs.gov.br\/portal\/?smd_process_download=1&download_id=10096\" class=\"sdm_download grey\" title=\"RESOLU\u00c7\u00c3O N\u00ba 05, de 16 de abril de 2025.\" target=\"_self\">Baixar agora!<\/a><\/span><span class=\"sdm_download_item_count\"><span class=\"sdm_item_count_number\">98<\/span><span class=\"sdm_item_count_string\"> Downloads<\/span><\/span><\/div><\/div><div class=\"sdm_download_item \"><div class=\"sdm_download_item_top\"><div class=\"sdm_download_thumbnail\"><\/div><div class=\"sdm_download_title\">Resolu\u00e7\u00e3o n\u00ba 07, de 24 de setembro de 2024.<\/div><\/div><div style=\"clear:both;\"><\/div><div class=\"sdm_download_description\"><p>Estabelece o Regimento Interno da C\u00e2mara de Vereadores do Munic\u00edpio de Estrela Velha.<\/p>\n<\/div><div class=\"sdm_download_link\"><span class=\"sdm_download_button\"><a href=\"https:\/\/www.camaraestrelavelha.rs.gov.br\/portal\/?smd_process_download=1&download_id=8734\" class=\"sdm_download grey\" title=\"Resolu\u00e7\u00e3o n\u00ba 07, de 24 de setembro de 2024.\" target=\"_self\">Baixar agora!<\/a><\/span><span class=\"sdm_download_item_count\"><span class=\"sdm_item_count_number\">170<\/span><span class=\"sdm_item_count_string\"> Downloads<\/span><\/span><\/div><\/div><div class=\"sdm_download_item \"><div class=\"sdm_download_item_top\"><div class=\"sdm_download_thumbnail\"><\/div><div class=\"sdm_download_title\">Projeto de Resolu\u00e7\u00e3o n\u00ba 02, de 02 de setembro de 2024.<\/div><\/div><div style=\"clear:both;\"><\/div><div class=\"sdm_download_description\"><p>Estabelece o Regimento Interno da C\u00e2mara de Vereadores do Munic\u00edpio de Estrela Velha.<\/p>\n<\/div><div class=\"sdm_download_link\"><span class=\"sdm_download_button\"><a href=\"https:\/\/www.camaraestrelavelha.rs.gov.br\/portal\/?smd_process_download=1&download_id=8669\" class=\"sdm_download grey\" title=\"Projeto de Resolu\u00e7\u00e3o n\u00ba 02, de 02 de setembro de 2024.\" target=\"_self\">Baixar agora!<\/a><\/span><span class=\"sdm_download_item_count\"><span class=\"sdm_item_count_number\">185<\/span><span class=\"sdm_item_count_string\"> Downloads<\/span><\/span><\/div><\/div><div class=\"sdm_download_item \"><div class=\"sdm_download_item_top\"><div class=\"sdm_download_thumbnail\"><\/div><div class=\"sdm_download_title\">Projeto de Resolu\u00e7\u00e3o n\u00b0 01, de 27 de maio de 2024<\/div><\/div><div style=\"clear:both;\"><\/div><div class=\"sdm_download_description\"><p>Disp\u00f5e sobre a Estrutura Administrativa da C\u00e2mara Municipal de Estrela Velha, RS, e d\u00e1 outras provid\u00eancias.<\/p>\n<\/div><div class=\"sdm_download_link\"><span class=\"sdm_download_button\"><a href=\"https:\/\/www.camaraestrelavelha.rs.gov.br\/portal\/?smd_process_download=1&download_id=7950\" class=\"sdm_download grey\" title=\"Projeto de Resolu\u00e7\u00e3o n\u00b0 01, de 27 de maio de 2024\" target=\"_self\">Baixar agora!<\/a><\/span><span class=\"sdm_download_item_count\"><span class=\"sdm_item_count_number\">215<\/span><span class=\"sdm_item_count_string\"> Downloads<\/span><\/span><\/div><\/div><div class=\"sdm_clear_float\"><\/div><div class=\"sdm_pagination\"><\/div><\/div>\n\t\t\t\t<\/div>\n\t\t\t\t<\/div>\n\t\t\t\t\t\t<\/div>\n\t\t\t\t\t<\/div>\n\t\t<\/div>\n\t\t\t\t\t\t\t\t<\/div>\n\t\t\t\t\t<\/div>\n\t\t<\/section>\n\t\t\t\t\t\t<\/div>\n\t\t\t\t\t\t<\/div>\n\t\t\t\t\t<\/div>\n\t\t","protected":false},"excerpt":{"rendered":"","protected":false},"author":2,"featured_media":0,"parent":0,"menu_order":0,"comment_status":"closed","ping_status":"closed","template":"","meta":{"episode_type":"","audio_file":"","duration":"","filesize":"","date_recorded":"","explicit":"","block":"","filesize_raw":""},"_links":{"self":[{"href":"https:\/\/www.camaraestrelavelha.rs.gov.br\/portal\/wp-json\/wp\/v2\/pages\/8008"}],"collection":[{"href":"https:\/\/www.camaraestrelavelha.rs.gov.br\/portal\/wp-json\/wp\/v2\/pages"}],"about":[{"href":"https:\/\/www.camaraestrelavelha.rs.gov.br\/portal\/wp-json\/wp\/v2\/types\/page"}],"author":[{"embeddable":true,"href":"https:\/\/www.camaraestrelavelha.rs.gov.br\/portal\/wp-json\/wp\/v2\/users\/2"}],"replies":[{"embeddable":true,"href":"https:\/\/www.camaraestrelavelha.rs.gov.br\/portal\/wp-json\/wp\/v2\/comments?post=8008"}],"version-history":[{"count":4,"href":"https:\/\/www.camaraestrelavelha.rs.gov.br\/portal\/wp-json\/wp\/v2\/pages\/8008\/revisions"}],"predecessor-version":[{"id":8012,"href":"https:\/\/www.camaraestrelavelha.rs.gov.br\/portal\/wp-json\/wp\/v2\/pages\/8008\/revisions\/8012"}],"wp:attachment":[{"href":"https:\/\/www.camaraestrelavelha.rs.gov.br\/portal\/wp-json\/wp\/v2\/media?parent=8008"}],"curies":[{"name":"wp","href":"https:\/\/api.w.org\/{rel}","templated":true}]}}