{"id":8303,"date":"2024-07-03T15:19:46","date_gmt":"2024-07-03T18:19:46","guid":{"rendered":"http:\/\/camaraestrelavelha.rs.gov.br\/portal\/?page_id=8303"},"modified":"2025-06-05T08:37:43","modified_gmt":"2025-06-05T11:37:43","slug":"recursos-humanos","status":"publish","type":"page","link":"https:\/\/www.camaraestrelavelha.rs.gov.br\/portal\/recursos-humanos\/","title":{"rendered":"Recursos Humanos"},"content":{"rendered":"\t\t<div data-elementor-type=\"wp-page\" data-elementor-id=\"8303\" class=\"elementor elementor-8303\" data-elementor-settings=\"[]\">\n\t\t\t\t\t\t<div class=\"elementor-inner\">\n\t\t\t\t\t\t\t<div class=\"elementor-section-wrap\">\n\t\t\t\t\t\t\t<section class=\"elementor-section elementor-top-section elementor-element elementor-element-868ab20 elementor-section-boxed elementor-section-height-default elementor-section-height-default\" data-id=\"868ab20\" data-element_type=\"section\">\n\t\t\t\t\t\t<div class=\"elementor-container elementor-column-gap-default\">\n\t\t\t\t\t\t\t<div class=\"elementor-row\">\n\t\t\t\t\t<div class=\"elementor-column elementor-col-100 elementor-top-column elementor-element elementor-element-99e75df\" data-id=\"99e75df\" data-element_type=\"column\">\n\t\t\t<div class=\"elementor-column-wrap elementor-element-populated\">\n\t\t\t\t\t\t\t<div class=\"elementor-widget-wrap\">\n\t\t\t\t\t\t<div class=\"elementor-element elementor-element-d07e795 elementor-widget elementor-widget-text-editor\" data-id=\"d07e795\" data-element_type=\"widget\" data-widget_type=\"text-editor.default\">\n\t\t\t\t<div class=\"elementor-widget-container\">\n\t\t\t\t\t<div class=\"elementor-text-editor elementor-clearfix\"><p>Clique para obter as informa\u00e7\u00f5es sobre os Recursos Humanos da C\u00e2mara Municipal de Vereadores de Estrela Velha<\/p><p><a href=\"http:\/\/camaraestrelavelha.rs.gov.br\/portal\/quadro-de-pessoal\/\">Quadro de Servidores<\/a><\/p><p><a href=\"https:\/\/transparencia.betha.cloud\/#\/kGYYr3HdduahUyk6lpweyQ==\/consulta\/187072\">Sal\u00e1rio dos Servidores<\/a><\/p><p><a href=\"https:\/\/transparencia.betha.cloud\/#\/kGYYr3HdduahUyk6lpweyQ==\/consultas\/68834\">Demais informa\u00e7\u00f5es de Recursos Humanos<\/a><\/p><p>A C\u00e2mara de Vereadores de Estrela Velha n\u00e3o possui Estagi\u00e1rios.<\/p><\/div>\n\t\t\t\t<\/div>\n\t\t\t\t<\/div>\n\t\t\t\t\t\t<\/div>\n\t\t\t\t\t<\/div>\n\t\t<\/div>\n\t\t\t\t\t\t\t\t<\/div>\n\t\t\t\t\t<\/div>\n\t\t<\/section>\n\t\t\t\t\t\t<\/div>\n\t\t\t\t\t\t<\/div>\n\t\t\t\t\t<\/div>\n\t\t","protected":false},"excerpt":{"rendered":"<p>Clique para obter as informa\u00e7\u00f5es sobre os Recursos Humanos da C\u00e2mara Municipal de Vereadores de Estrela Velha Quadro de Servidores Sal\u00e1rio dos Servidores Demais informa\u00e7\u00f5es de Recursos Humanos A C\u00e2mara de Vereadores de Estrela Velha n\u00e3o possui Estagi\u00e1rios.<\/p>\n","protected":false},"author":2,"featured_media":0,"parent":0,"menu_order":0,"comment_status":"closed","ping_status":"closed","template":"","meta":{"episode_type":"","audio_file":"","duration":"","filesize":"","date_recorded":"","explicit":"","block":"","filesize_raw":""},"_links":{"self":[{"href":"https:\/\/www.camaraestrelavelha.rs.gov.br\/portal\/wp-json\/wp\/v2\/pages\/8303"}],"collection":[{"href":"https:\/\/www.camaraestrelavelha.rs.gov.br\/portal\/wp-json\/wp\/v2\/pages"}],"about":[{"href":"https:\/\/www.camaraestrelavelha.rs.gov.br\/portal\/wp-json\/wp\/v2\/types\/page"}],"author":[{"embeddable":true,"href":"https:\/\/www.camaraestrelavelha.rs.gov.br\/portal\/wp-json\/wp\/v2\/users\/2"}],"replies":[{"embeddable":true,"href":"https:\/\/www.camaraestrelavelha.rs.gov.br\/portal\/wp-json\/wp\/v2\/comments?post=8303"}],"version-history":[{"count":14,"href":"https:\/\/www.camaraestrelavelha.rs.gov.br\/portal\/wp-json\/wp\/v2\/pages\/8303\/revisions"}],"predecessor-version":[{"id":10203,"href":"https:\/\/www.camaraestrelavelha.rs.gov.br\/portal\/wp-json\/wp\/v2\/pages\/8303\/revisions\/10203"}],"wp:attachment":[{"href":"https:\/\/www.camaraestrelavelha.rs.gov.br\/portal\/wp-json\/wp\/v2\/media?parent=8303"}],"curies":[{"name":"wp","href":"https:\/\/api.w.org\/{rel}","templated":true}]}}