{"id":8405,"date":"2024-07-04T15:17:43","date_gmt":"2024-07-04T18:17:43","guid":{"rendered":"http:\/\/camaraestrelavelha.rs.gov.br\/portal\/?page_id=8405"},"modified":"2024-07-12T16:15:29","modified_gmt":"2024-07-12T19:15:29","slug":"lei-geral-de-protecao-de-dados","status":"publish","type":"page","link":"https:\/\/www.camaraestrelavelha.rs.gov.br\/portal\/lei-geral-de-protecao-de-dados\/","title":{"rendered":"Lei geral de Prote\u00e7\u00e3o de Dados"},"content":{"rendered":"\t\t<div data-elementor-type=\"wp-page\" data-elementor-id=\"8405\" class=\"elementor elementor-8405\" data-elementor-settings=\"[]\">\n\t\t\t\t\t\t<div class=\"elementor-inner\">\n\t\t\t\t\t\t\t<div class=\"elementor-section-wrap\">\n\t\t\t\t\t\t\t<section class=\"elementor-section elementor-top-section elementor-element elementor-element-cf19018 elementor-section-boxed elementor-section-height-default elementor-section-height-default\" data-id=\"cf19018\" data-element_type=\"section\">\n\t\t\t\t\t\t<div class=\"elementor-container elementor-column-gap-default\">\n\t\t\t\t\t\t\t<div class=\"elementor-row\">\n\t\t\t\t\t<div class=\"elementor-column elementor-col-100 elementor-top-column elementor-element elementor-element-ad6daf0\" data-id=\"ad6daf0\" data-element_type=\"column\">\n\t\t\t<div class=\"elementor-column-wrap elementor-element-populated\">\n\t\t\t\t\t\t\t<div class=\"elementor-widget-wrap\">\n\t\t\t\t\t\t<div class=\"elementor-element elementor-element-5b1a062 elementor-widget elementor-widget-text-editor\" data-id=\"5b1a062\" data-element_type=\"widget\" data-widget_type=\"text-editor.default\">\n\t\t\t\t<div class=\"elementor-widget-container\">\n\t\t\t\t\t<div class=\"elementor-text-editor elementor-clearfix\"><h2>O que \u00e9 a LGPD?<\/h2><p>A Lei n. 13.709, de 14 de agosto de 2018, denominada Lei Geral de Prote\u00e7\u00e3o de Dados Pessoais &#8211; LGPD, disp\u00f5e sobre o tratamento de dados pessoais, inclusive nos meios digitais, por pessoa natural ou por pessoa jur\u00eddica de direito p\u00fablico ou privado, com o objetivo de proteger os direitos fundamentais de liberdade e de privacidade e o livre desenvolvimento da personalidade da pessoa natural.<\/p><p><strong><a title=\"\" href=\"http:\/\/www.planalto.gov.br\/ccivil_03\/_ato2015-2018\/2018\/lei\/l13709.htm\" target=\"_blank\" rel=\"noopener\">Clique aqui para ver o Texto integral da Lei Geral de Prote\u00e7\u00e3o de Dados Pessoais (n\u00ba 13.709\/2018)<\/a><\/strong><\/p><h3><strong>\u00a0<\/strong><\/h3><h3><strong>Encarregado de Dados Pessoais<\/strong><\/h3><p>A Encarregada na C\u00e2mara Municipal de Vereadores de Estrela Velha \u00e9 a servidora: Mari\u00e2ngela Ravanello, cargo:T\u00e9cnico em Contabilidade<\/p><p><strong>Previs\u00e3o Legal:<\/strong>\u00a0Artigo 41, \u00a71\u00ba, da LGPD<\/p><p><b>Regulamenta\u00e7\u00e3o na C\u00e2mara:\u00a0<\/b><\/p><p style=\"margin-bottom: 1em; line-height: 1.4em; color: #333333; font-family: 'Open Sans', sans-serif; font-size: 12.8px; font-style: normal; font-variant-ligatures: normal; font-variant-caps: normal; font-weight: 400; background-color: #f1f1f1;\"><a href=\"http:\/\/Regulamenta\u00e7\u00e3o na C\u00e2mara: Clique aqui para ver o Texto Integral da Resolu\u00e7\u00e3o da Mesa Diretora n\u00ba 8, de 15 de Maio de 2023\" data-wplink-url-error=\"true\"><b>Regulamenta\u00e7\u00e3o na C\u00e2mara:\u00a0<\/b><strong><strong>Clique aqui para ver o Texto Integral da Resolu\u00e7\u00e3o\u00a0 n\u00ba 5, de 08 de julho de 2024.<\/strong><\/strong><\/a><\/p><div><strong>\u00a0<\/strong><\/div><p><strong>Encarregado:\u00a0<\/strong><span style=\"font-family: Roboto, sans-serif; font-size: 14px; font-style: normal; font-variant-ligatures: normal; font-variant-caps: normal; font-weight: 400; color: var( --e-global-color-text );\">Mari\u00e2ngela Ravanello<\/span><\/p><p><strong>E-mail:<\/strong>\u00a0contabilidade@camaraestrelavelha.rs.gov.br<\/p><p><b>Telefone:\u00a051 99286-6916<\/b><\/p><p><strong>Atendimento Presencial:\u00a0<\/strong>Avenida Lauro Billig de Castilhos, N\u00ba 410, Centro CEP: 96990-000 Estrela Velha \u2013 RS.<\/p><\/div>\n\t\t\t\t<\/div>\n\t\t\t\t<\/div>\n\t\t\t\t\t\t<\/div>\n\t\t\t\t\t<\/div>\n\t\t<\/div>\n\t\t\t\t\t\t\t\t<\/div>\n\t\t\t\t\t<\/div>\n\t\t<\/section>\n\t\t\t\t\t\t<\/div>\n\t\t\t\t\t\t<\/div>\n\t\t\t\t\t<\/div>\n\t\t","protected":false},"excerpt":{"rendered":"<p>O que \u00e9 a LGPD? A Lei n. 13.709, de 14 de agosto de 2018, denominada Lei Geral de Prote\u00e7\u00e3o de Dados Pessoais &#8211; LGPD, disp\u00f5e sobre o tratamento de dados pessoais, inclusive nos meios digitais, por pessoa natural ou por pessoa jur\u00eddica de direito p\u00fablico ou privado, com o objetivo de proteger os direitos [&hellip;]<\/p>\n","protected":false},"author":2,"featured_media":0,"parent":0,"menu_order":0,"comment_status":"closed","ping_status":"closed","template":"","meta":{"episode_type":"","audio_file":"","duration":"","filesize":"","date_recorded":"","explicit":"","block":"","filesize_raw":""},"_links":{"self":[{"href":"https:\/\/www.camaraestrelavelha.rs.gov.br\/portal\/wp-json\/wp\/v2\/pages\/8405"}],"collection":[{"href":"https:\/\/www.camaraestrelavelha.rs.gov.br\/portal\/wp-json\/wp\/v2\/pages"}],"about":[{"href":"https:\/\/www.camaraestrelavelha.rs.gov.br\/portal\/wp-json\/wp\/v2\/types\/page"}],"author":[{"embeddable":true,"href":"https:\/\/www.camaraestrelavelha.rs.gov.br\/portal\/wp-json\/wp\/v2\/users\/2"}],"replies":[{"embeddable":true,"href":"https:\/\/www.camaraestrelavelha.rs.gov.br\/portal\/wp-json\/wp\/v2\/comments?post=8405"}],"version-history":[{"count":13,"href":"https:\/\/www.camaraestrelavelha.rs.gov.br\/portal\/wp-json\/wp\/v2\/pages\/8405\/revisions"}],"predecessor-version":[{"id":8431,"href":"https:\/\/www.camaraestrelavelha.rs.gov.br\/portal\/wp-json\/wp\/v2\/pages\/8405\/revisions\/8431"}],"wp:attachment":[{"href":"https:\/\/www.camaraestrelavelha.rs.gov.br\/portal\/wp-json\/wp\/v2\/media?parent=8405"}],"curies":[{"name":"wp","href":"https:\/\/api.w.org\/{rel}","templated":true}]}}