{"id":9344,"date":"2025-01-03T15:10:23","date_gmt":"2025-01-03T18:10:23","guid":{"rendered":"https:\/\/www.camaraestrelavelha.rs.gov.br\/portal\/?page_id=9344"},"modified":"2026-04-28T10:51:21","modified_gmt":"2026-04-28T13:51:21","slug":"ezequiel-somavilla-2025-2028","status":"publish","type":"page","link":"https:\/\/www.camaraestrelavelha.rs.gov.br\/portal\/ezequiel-somavilla-2025-2028\/","title":{"rendered":"Ezequiel Somavilla 2025\/2028"},"content":{"rendered":"\t\t<div data-elementor-type=\"wp-page\" data-elementor-id=\"9344\" class=\"elementor elementor-9344\" data-elementor-settings=\"[]\">\n\t\t\t\t\t\t<div class=\"elementor-inner\">\n\t\t\t\t\t\t\t<div class=\"elementor-section-wrap\">\n\t\t\t\t\t\t\t<section class=\"elementor-section elementor-top-section elementor-element elementor-element-325bcc6 elementor-section-boxed elementor-section-height-default elementor-section-height-default\" data-id=\"325bcc6\" data-element_type=\"section\">\n\t\t\t\t\t\t<div class=\"elementor-container elementor-column-gap-default\">\n\t\t\t\t\t\t\t<div class=\"elementor-row\">\n\t\t\t\t\t<div class=\"elementor-column elementor-col-100 elementor-top-column elementor-element elementor-element-28c0e69\" data-id=\"28c0e69\" data-element_type=\"column\">\n\t\t\t<div class=\"elementor-column-wrap elementor-element-populated\">\n\t\t\t\t\t\t\t<div class=\"elementor-widget-wrap\">\n\t\t\t\t\t\t<div class=\"elementor-element elementor-element-0da7f6e elementor-widget elementor-widget-text-editor\" data-id=\"0da7f6e\" data-element_type=\"widget\" data-widget_type=\"text-editor.default\">\n\t\t\t\t<div class=\"elementor-widget-container\">\n\t\t\t\t\t<div class=\"elementor-text-editor elementor-clearfix\"><h1>Ezequiel Somavilla<\/h1>\n<p><img loading=\"lazy\" src=\"http:\/\/camaraestrelavelha.rs.gov.br\/portal\/wp-content\/uploads\/2021\/01\/Ezequiel-certo-217x300.jpg\" alt=\"\" width=\"217\" height=\"300\"><\/p>\n<div>&nbsp;<\/div>\n<p>PARTIDO: MDB<\/p>\n<p>EMAIL:&nbsp;<\/p>\n<p>TELEFONE: 51 999582745<br>DESCRI\u00c7\u00c3O:<\/p><p>Nascido em 10 de setembro de 1993, \u00e9 filho de Juarez e Leoni Somavilla. Com 31 anos, dedica sua vida ao trabalho como agricultor, com comprometimento e determina\u00e7\u00e3o.<\/p><p>Natural e residente da Vila Ita\u00faba, sempre manteve uma forte liga\u00e7\u00e3o com sua comunidade. \u00c9 membro ativo da Juventude Gl\u00f3ria de Ita\u00faba, que contribui para o fortalecimento de valores e a\u00e7\u00f5es que promovam o bem-estar coletivo.<\/p><p>Com ensino fundamental completo, ingressou na vida p\u00fablica pelo MDB, sendo eleito pela primeira vez com 170 votos. Em reconhecimento ao seu trabalho e dedica\u00e7\u00e3o, foi reeleito em 2024, obtendo 208 votos, assumindo novamente sua cadeira no Legislativo em 01\/01\/2025.<\/p><p>Apaixonado pelo esporte, \u00e9 um defensor incans\u00e1vel das pr\u00e1ticas esportivas na regi\u00e3o.<\/p><p>Sempre presente em eventos de bocha, futebol e outros esportes, acredita que o esporte \u00e9 uma ferramenta poderosa para unir pessoas e fortalecer la\u00e7os comunit\u00e1rios. Al\u00e9m disso, valoriza a conviv\u00eancia com amigos, compartilhando momentos de integra\u00e7\u00e3o e alegria.<\/p>\n<p><\/p><\/div>\n\t\t\t\t<\/div>\n\t\t\t\t<\/div>\n\t\t\t\t\t\t<\/div>\n\t\t\t\t\t<\/div>\n\t\t<\/div>\n\t\t\t\t\t\t\t\t<\/div>\n\t\t\t\t\t<\/div>\n\t\t<\/section>\n\t\t\t\t<section class=\"elementor-section elementor-top-section elementor-element elementor-element-a2e0f27 elementor-section-boxed elementor-section-height-default elementor-section-height-default\" data-id=\"a2e0f27\" data-element_type=\"section\">\n\t\t\t\t\t\t<div class=\"elementor-container elementor-column-gap-default\">\n\t\t\t\t\t\t\t<div class=\"elementor-row\">\n\t\t\t\t\t<div class=\"elementor-column elementor-col-100 elementor-top-column elementor-element elementor-element-4b9e774\" data-id=\"4b9e774\" data-element_type=\"column\">\n\t\t\t<div class=\"elementor-column-wrap\">\n\t\t\t\t\t\t\t<div class=\"elementor-widget-wrap\">\n\t\t\t\t\t\t\t\t<\/div>\n\t\t\t\t\t<\/div>\n\t\t<\/div>\n\t\t\t\t\t\t\t\t<\/div>\n\t\t\t\t\t<\/div>\n\t\t<\/section>\n\t\t\t\t<section class=\"elementor-section elementor-top-section elementor-element elementor-element-17b5d27 elementor-section-boxed elementor-section-height-default elementor-section-height-default\" data-id=\"17b5d27\" data-element_type=\"section\">\n\t\t\t\t\t\t<div class=\"elementor-container elementor-column-gap-default\">\n\t\t\t\t\t\t\t<div class=\"elementor-row\">\n\t\t\t\t\t<div class=\"elementor-column elementor-col-100 elementor-top-column elementor-element elementor-element-c8e2397\" data-id=\"c8e2397\" data-element_type=\"column\">\n\t\t\t<div class=\"elementor-column-wrap elementor-element-populated\">\n\t\t\t\t\t\t\t<div class=\"elementor-widget-wrap\">\n\t\t\t\t\t\t<div class=\"elementor-element elementor-element-ff0c044 elementor-widget elementor-widget-text-editor\" data-id=\"ff0c044\" data-element_type=\"widget\" data-widget_type=\"text-editor.default\">\n\t\t\t\t<div class=\"elementor-widget-container\">\n\t\t\t\t\t<div class=\"elementor-text-editor elementor-clearfix\"><h1>\u00a0ATIVIDADES DO ANO DE 2026<\/h1><div>\u00a0<\/div><div>\u00a0<\/div><h2>\u00a0Emendas<\/h2><\/div>\n\t\t\t\t<\/div>\n\t\t\t\t<\/div>\n\t\t\t\t<div class=\"elementor-element elementor-element-b2c5b90 elementor-widget elementor-widget-text-editor\" data-id=\"b2c5b90\" data-element_type=\"widget\" data-widget_type=\"text-editor.default\">\n\t\t\t\t<div class=\"elementor-widget-container\">\n\t\t\t\t\t<div class=\"elementor-text-editor elementor-clearfix\"><p style=\"color: red\">There are no download items matching this category criteria.<\/p><\/div>\n\t\t\t\t<\/div>\n\t\t\t\t<\/div>\n\t\t\t\t<div class=\"elementor-element elementor-element-df83532 elementor-widget elementor-widget-text-editor\" data-id=\"df83532\" data-element_type=\"widget\" data-widget_type=\"text-editor.default\">\n\t\t\t\t<div class=\"elementor-widget-container\">\n\t\t\t\t\t<div class=\"elementor-text-editor elementor-clearfix\"><h2>Emendas Impositivas<\/h2><\/div>\n\t\t\t\t<\/div>\n\t\t\t\t<\/div>\n\t\t\t\t<div class=\"elementor-element elementor-element-e7408f1 elementor-widget elementor-widget-text-editor\" data-id=\"e7408f1\" data-element_type=\"widget\" data-widget_type=\"text-editor.default\">\n\t\t\t\t<div class=\"elementor-widget-container\">\n\t\t\t\t\t<div class=\"elementor-text-editor elementor-clearfix\"><p style=\"color: red\">There are no download items matching this category criteria.<\/p><\/div>\n\t\t\t\t<\/div>\n\t\t\t\t<\/div>\n\t\t\t\t<div class=\"elementor-element elementor-element-3c4ada5 elementor-widget elementor-widget-text-editor\" data-id=\"3c4ada5\" data-element_type=\"widget\" data-widget_type=\"text-editor.default\">\n\t\t\t\t<div class=\"elementor-widget-container\">\n\t\t\t\t\t<div class=\"elementor-text-editor elementor-clearfix\"><h2>Mo\u00e7\u00f5es<\/h2><\/div>\n\t\t\t\t<\/div>\n\t\t\t\t<\/div>\n\t\t\t\t<div class=\"elementor-element elementor-element-1a8b537 elementor-widget elementor-widget-text-editor\" data-id=\"1a8b537\" data-element_type=\"widget\" data-widget_type=\"text-editor.default\">\n\t\t\t\t<div class=\"elementor-widget-container\">\n\t\t\t\t\t<div class=\"elementor-text-editor elementor-clearfix\"><p style=\"color: red\">There are no download items matching this category criteria.<\/p><\/div>\n\t\t\t\t<\/div>\n\t\t\t\t<\/div>\n\t\t\t\t<div class=\"elementor-element elementor-element-6cd750a elementor-widget elementor-widget-text-editor\" data-id=\"6cd750a\" data-element_type=\"widget\" data-widget_type=\"text-editor.default\">\n\t\t\t\t<div class=\"elementor-widget-container\">\n\t\t\t\t\t<div class=\"elementor-text-editor elementor-clearfix\"><h2>Pedido de Informa\u00e7\u00f5es<\/h2><\/div>\n\t\t\t\t<\/div>\n\t\t\t\t<\/div>\n\t\t\t\t<div class=\"elementor-element elementor-element-9bb7682 elementor-widget elementor-widget-text-editor\" data-id=\"9bb7682\" data-element_type=\"widget\" data-widget_type=\"text-editor.default\">\n\t\t\t\t<div class=\"elementor-widget-container\">\n\t\t\t\t\t<div class=\"elementor-text-editor elementor-clearfix\"><p style=\"color: red\">There are no download items matching this category criteria.<\/p><\/div>\n\t\t\t\t<\/div>\n\t\t\t\t<\/div>\n\t\t\t\t<div class=\"elementor-element elementor-element-68aa4b3 elementor-widget elementor-widget-text-editor\" data-id=\"68aa4b3\" data-element_type=\"widget\" data-widget_type=\"text-editor.default\">\n\t\t\t\t<div class=\"elementor-widget-container\">\n\t\t\t\t\t<div class=\"elementor-text-editor elementor-clearfix\"><h2>Pedido de Provid\u00eancia<br><\/h2><\/div>\n\t\t\t\t<\/div>\n\t\t\t\t<\/div>\n\t\t\t\t<div class=\"elementor-element elementor-element-59df4b5 elementor-widget elementor-widget-text-editor\" data-id=\"59df4b5\" data-element_type=\"widget\" data-widget_type=\"text-editor.default\">\n\t\t\t\t<div class=\"elementor-widget-container\">\n\t\t\t\t\t<div class=\"elementor-text-editor elementor-clearfix\"><p style=\"color: red\">There are no download items matching this category criteria.<\/p><\/div>\n\t\t\t\t<\/div>\n\t\t\t\t<\/div>\n\t\t\t\t<div class=\"elementor-element elementor-element-c5db99e elementor-widget elementor-widget-text-editor\" data-id=\"c5db99e\" data-element_type=\"widget\" data-widget_type=\"text-editor.default\">\n\t\t\t\t<div class=\"elementor-widget-container\">\n\t\t\t\t\t<div class=\"elementor-text-editor elementor-clearfix\"><h2>Proposi\u00e7\u00f5es de Indica\u00e7\u00e3o<\/h2><\/div>\n\t\t\t\t<\/div>\n\t\t\t\t<\/div>\n\t\t\t\t<div class=\"elementor-element elementor-element-c1e1dcb elementor-widget elementor-widget-text-editor\" data-id=\"c1e1dcb\" data-element_type=\"widget\" data-widget_type=\"text-editor.default\">\n\t\t\t\t<div class=\"elementor-widget-container\">\n\t\t\t\t\t<div class=\"elementor-text-editor elementor-clearfix\"><p style=\"color: red\">There are no download items matching this category criteria.<\/p><\/div>\n\t\t\t\t<\/div>\n\t\t\t\t<\/div>\n\t\t\t\t<div class=\"elementor-element elementor-element-83a152e elementor-widget elementor-widget-text-editor\" data-id=\"83a152e\" data-element_type=\"widget\" data-widget_type=\"text-editor.default\">\n\t\t\t\t<div class=\"elementor-widget-container\">\n\t\t\t\t\t<div class=\"elementor-text-editor elementor-clearfix\"><h2>Requerimentos<\/h2><\/div>\n\t\t\t\t<\/div>\n\t\t\t\t<\/div>\n\t\t\t\t<div class=\"elementor-element elementor-element-92b03f0 elementor-widget elementor-widget-text-editor\" data-id=\"92b03f0\" data-element_type=\"widget\" data-widget_type=\"text-editor.default\">\n\t\t\t\t<div class=\"elementor-widget-container\">\n\t\t\t\t\t<div class=\"elementor-text-editor elementor-clearfix\"><p style=\"color: red\">There are no download items matching this category criteria.<\/p><\/div>\n\t\t\t\t<\/div>\n\t\t\t\t<\/div>\n\t\t\t\t\t\t<\/div>\n\t\t\t\t\t<\/div>\n\t\t<\/div>\n\t\t\t\t\t\t\t\t<\/div>\n\t\t\t\t\t<\/div>\n\t\t<\/section>\n\t\t\t\t<section class=\"elementor-section elementor-top-section elementor-element elementor-element-53183d0 elementor-section-boxed elementor-section-height-default elementor-section-height-default\" data-id=\"53183d0\" data-element_type=\"section\">\n\t\t\t\t\t\t<div class=\"elementor-container elementor-column-gap-default\">\n\t\t\t\t\t\t\t<div class=\"elementor-row\">\n\t\t\t\t\t<div class=\"elementor-column elementor-col-100 elementor-top-column elementor-element elementor-element-d0e67a9\" data-id=\"d0e67a9\" data-element_type=\"column\">\n\t\t\t<div class=\"elementor-column-wrap elementor-element-populated\">\n\t\t\t\t\t\t\t<div class=\"elementor-widget-wrap\">\n\t\t\t\t\t\t<div class=\"elementor-element elementor-element-90640c2 elementor-widget elementor-widget-text-editor\" data-id=\"90640c2\" data-element_type=\"widget\" data-widget_type=\"text-editor.default\">\n\t\t\t\t<div class=\"elementor-widget-container\">\n\t\t\t\t\t<div class=\"elementor-text-editor elementor-clearfix\"><h1>\u00a0ATIVIDADES DO ANO DE 2025<\/h1><div>\u00a0<\/div><div>\u00a0<\/div><h2>\u00a0Emendas<\/h2><\/div>\n\t\t\t\t<\/div>\n\t\t\t\t<\/div>\n\t\t\t\t<div class=\"elementor-element elementor-element-e68167a elementor-widget elementor-widget-text-editor\" data-id=\"e68167a\" data-element_type=\"widget\" data-widget_type=\"text-editor.default\">\n\t\t\t\t<div class=\"elementor-widget-container\">\n\t\t\t\t\t<div class=\"elementor-text-editor elementor-clearfix\"><p style=\"color: red\">There are no download items matching this category criteria.<\/p><\/div>\n\t\t\t\t<\/div>\n\t\t\t\t<\/div>\n\t\t\t\t<div class=\"elementor-element elementor-element-eca5572 elementor-widget elementor-widget-text-editor\" data-id=\"eca5572\" data-element_type=\"widget\" data-widget_type=\"text-editor.default\">\n\t\t\t\t<div class=\"elementor-widget-container\">\n\t\t\t\t\t<div class=\"elementor-text-editor elementor-clearfix\"><h2>Mo\u00e7\u00f5es<\/h2><\/div>\n\t\t\t\t<\/div>\n\t\t\t\t<\/div>\n\t\t\t\t<div class=\"elementor-element elementor-element-cd74966 elementor-widget elementor-widget-text-editor\" data-id=\"cd74966\" data-element_type=\"widget\" data-widget_type=\"text-editor.default\">\n\t\t\t\t<div class=\"elementor-widget-container\">\n\t\t\t\t\t<div class=\"elementor-text-editor elementor-clearfix\"><div class=\"sdm_download_item \"><div class=\"sdm_download_item_top\"><div class=\"sdm_download_thumbnail\"><\/div><div class=\"sdm_download_title\">MO\u00c7\u00c3O DE APOIO N\u00ba 02, de 17 de mar\u00e7o de 2025.<\/div><\/div><div style=\"clear:both\"><\/div><div class=\"sdm_download_description\"><\/div><div class=\"sdm_download_link\"><span class=\"sdm_download_button\"><a href=\"https:\/\/www.camaraestrelavelha.rs.gov.br\/portal\/?smd_process_download=1&amp;download_id=9956\" class=\"sdm_download grey\" title=\"MO\u00c7\u00c3O DE APOIO N\u00ba 02, de 17 de mar\u00e7o de 2025.\" target=\"_self\">Baixar agora!<\/a><\/span><span class=\"sdm_download_item_count\"><span class=\"sdm_item_count_number\">157<\/span><span class=\"sdm_item_count_string\"> Downloads<\/span><\/span><\/div><\/div><div class=\"sdm_download_item \"><div class=\"sdm_download_item_top\"><div class=\"sdm_download_thumbnail\"><\/div><div class=\"sdm_download_title\">MO\u00c7\u00c3O DE APOIO N\u00ba 01, de 24 de fevereiro de 2025.<\/div><\/div><div style=\"clear:both\"><\/div><div class=\"sdm_download_description\"><\/div><div class=\"sdm_download_link\"><span class=\"sdm_download_button\"><a href=\"https:\/\/www.camaraestrelavelha.rs.gov.br\/portal\/?smd_process_download=1&amp;download_id=9923\" class=\"sdm_download grey\" title=\"MO\u00c7\u00c3O DE APOIO N\u00ba 01, de 24 de fevereiro de 2025.\" target=\"_self\">Baixar agora!<\/a><\/span><span class=\"sdm_download_item_count\"><span class=\"sdm_item_count_number\">175<\/span><span class=\"sdm_item_count_string\"> Downloads<\/span><\/span><\/div><\/div><div class=\"sdm_clear_float\"><\/div><div class=\"sdm_pagination\"><\/div><\/div>\n\t\t\t\t<\/div>\n\t\t\t\t<\/div>\n\t\t\t\t<div class=\"elementor-element elementor-element-623584f elementor-widget elementor-widget-text-editor\" data-id=\"623584f\" data-element_type=\"widget\" data-widget_type=\"text-editor.default\">\n\t\t\t\t<div class=\"elementor-widget-container\">\n\t\t\t\t\t<div class=\"elementor-text-editor elementor-clearfix\"><h2>Pedido de Informa\u00e7\u00f5es<\/h2><\/div>\n\t\t\t\t<\/div>\n\t\t\t\t<\/div>\n\t\t\t\t<div class=\"elementor-element elementor-element-334e753 elementor-widget elementor-widget-text-editor\" data-id=\"334e753\" data-element_type=\"widget\" data-widget_type=\"text-editor.default\">\n\t\t\t\t<div class=\"elementor-widget-container\">\n\t\t\t\t\t<div class=\"elementor-text-editor elementor-clearfix\"><p style=\"color: red\">There are no download items matching this category criteria.<\/p><\/div>\n\t\t\t\t<\/div>\n\t\t\t\t<\/div>\n\t\t\t\t<div class=\"elementor-element elementor-element-3f1f2ad elementor-widget elementor-widget-text-editor\" data-id=\"3f1f2ad\" data-element_type=\"widget\" data-widget_type=\"text-editor.default\">\n\t\t\t\t<div class=\"elementor-widget-container\">\n\t\t\t\t\t<div class=\"elementor-text-editor elementor-clearfix\"><h2>Pedido de Provid\u00eancia<br><\/h2><\/div>\n\t\t\t\t<\/div>\n\t\t\t\t<\/div>\n\t\t\t\t<div class=\"elementor-element elementor-element-45ca6a8 elementor-widget elementor-widget-text-editor\" data-id=\"45ca6a8\" data-element_type=\"widget\" data-widget_type=\"text-editor.default\">\n\t\t\t\t<div class=\"elementor-widget-container\">\n\t\t\t\t\t<div class=\"elementor-text-editor elementor-clearfix\"><p style=\"color: red\">There are no download items matching this category criteria.<\/p><\/div>\n\t\t\t\t<\/div>\n\t\t\t\t<\/div>\n\t\t\t\t<div class=\"elementor-element elementor-element-2221943 elementor-widget elementor-widget-text-editor\" data-id=\"2221943\" data-element_type=\"widget\" data-widget_type=\"text-editor.default\">\n\t\t\t\t<div class=\"elementor-widget-container\">\n\t\t\t\t\t<div class=\"elementor-text-editor elementor-clearfix\"><h2>Proposi\u00e7\u00f5es de Indica\u00e7\u00e3o<\/h2><\/div>\n\t\t\t\t<\/div>\n\t\t\t\t<\/div>\n\t\t\t\t<div class=\"elementor-element elementor-element-11cbea9 elementor-widget elementor-widget-text-editor\" data-id=\"11cbea9\" data-element_type=\"widget\" data-widget_type=\"text-editor.default\">\n\t\t\t\t<div class=\"elementor-widget-container\">\n\t\t\t\t\t<div class=\"elementor-text-editor elementor-clearfix\"><div class=\"sdm_download_item \"><div class=\"sdm_download_item_top\"><div class=\"sdm_download_thumbnail\"><\/div><div class=\"sdm_download_title\">INDICA\u00c7\u00c3O N\u00ba 02, de 28 de mar\u00e7o de 2025.<\/div><\/div><div style=\"clear:both\"><\/div><div class=\"sdm_download_description\"><\/div><div class=\"sdm_download_link\"><span class=\"sdm_download_button\"><a href=\"https:\/\/www.camaraestrelavelha.rs.gov.br\/portal\/?smd_process_download=1&amp;download_id=10046\" class=\"sdm_download grey\" title=\"INDICA\u00c7\u00c3O N\u00ba 02, de 28 de mar\u00e7o de 2025.\" target=\"_self\">Baixar agora!<\/a><\/span><span class=\"sdm_download_item_count\"><span class=\"sdm_item_count_number\">126<\/span><span class=\"sdm_item_count_string\"> Downloads<\/span><\/span><\/div><\/div><div class=\"sdm_download_item \"><div class=\"sdm_download_item_top\"><div class=\"sdm_download_thumbnail\"><\/div><div class=\"sdm_download_title\">INDICA\u00c7\u00c3O N\u00ba 01, de 24 de fevereiro de 2025.<\/div><\/div><div style=\"clear:both\"><\/div><div class=\"sdm_download_description\"><p>Prop\u00f5e, ao Poder Executivo Municipal, a concess\u00e3o de aux\u00edlio-alimenta\u00e7\u00e3o aos servidores ocupantes de cargos comissionados, contratos tempor\u00e1rios e conselheiros tutelares, em efetivo exerc\u00edcio, vinculado a Administra\u00e7\u00e3o Municipal.<\/p>\n<\/div><div class=\"sdm_download_link\"><span class=\"sdm_download_button\"><a href=\"https:\/\/www.camaraestrelavelha.rs.gov.br\/portal\/?smd_process_download=1&amp;download_id=9817\" class=\"sdm_download grey\" title=\"INDICA\u00c7\u00c3O N\u00ba 01, de 24 de fevereiro de 2025.\" target=\"_self\">Baixar agora!<\/a><\/span><span class=\"sdm_download_item_count\"><span class=\"sdm_item_count_number\">113<\/span><span class=\"sdm_item_count_string\"> Downloads<\/span><\/span><\/div><\/div><div class=\"sdm_clear_float\"><\/div><div class=\"sdm_pagination\"><\/div><\/div>\n\t\t\t\t<\/div>\n\t\t\t\t<\/div>\n\t\t\t\t<div class=\"elementor-element elementor-element-37f54b2 elementor-widget elementor-widget-text-editor\" data-id=\"37f54b2\" data-element_type=\"widget\" data-widget_type=\"text-editor.default\">\n\t\t\t\t<div class=\"elementor-widget-container\">\n\t\t\t\t\t<div class=\"elementor-text-editor elementor-clearfix\"><h2>Requerimentos<\/h2><\/div>\n\t\t\t\t<\/div>\n\t\t\t\t<\/div>\n\t\t\t\t<div class=\"elementor-element elementor-element-f38c338 elementor-widget elementor-widget-text-editor\" data-id=\"f38c338\" data-element_type=\"widget\" data-widget_type=\"text-editor.default\">\n\t\t\t\t<div class=\"elementor-widget-container\">\n\t\t\t\t\t<div class=\"elementor-text-editor elementor-clearfix\"><p style=\"color: red\">There are no download items matching this category criteria.<\/p><\/div>\n\t\t\t\t<\/div>\n\t\t\t\t<\/div>\n\t\t\t\t\t\t<\/div>\n\t\t\t\t\t<\/div>\n\t\t<\/div>\n\t\t\t\t\t\t\t\t<\/div>\n\t\t\t\t\t<\/div>\n\t\t<\/section>\n\t\t\t\t\t\t<\/div>\n\t\t\t\t\t\t<\/div>\n\t\t\t\t\t<\/div>\n\t\t","protected":false},"excerpt":{"rendered":"<p>Ezequiel Somavilla &nbsp; PARTIDO: MDB EMAIL:&nbsp; TELEFONE: 51 999582745DESCRI\u00c7\u00c3O: Nascido em 10 de setembro de 1993, \u00e9 filho de Juarez e Leoni Somavilla. Com 31 anos, dedica sua vida ao trabalho como agricultor, com comprometimento e determina\u00e7\u00e3o. Natural e residente da Vila Ita\u00faba, sempre manteve uma forte liga\u00e7\u00e3o com sua comunidade. \u00c9 membro ativo da [&hellip;]<\/p>\n","protected":false},"author":2,"featured_media":0,"parent":0,"menu_order":0,"comment_status":"closed","ping_status":"closed","template":"","meta":{"episode_type":"","audio_file":"","duration":"","filesize":"","date_recorded":"","explicit":"","block":"","filesize_raw":""},"_links":{"self":[{"href":"https:\/\/www.camaraestrelavelha.rs.gov.br\/portal\/wp-json\/wp\/v2\/pages\/9344"}],"collection":[{"href":"https:\/\/www.camaraestrelavelha.rs.gov.br\/portal\/wp-json\/wp\/v2\/pages"}],"about":[{"href":"https:\/\/www.camaraestrelavelha.rs.gov.br\/portal\/wp-json\/wp\/v2\/types\/page"}],"author":[{"embeddable":true,"href":"https:\/\/www.camaraestrelavelha.rs.gov.br\/portal\/wp-json\/wp\/v2\/users\/2"}],"replies":[{"embeddable":true,"href":"https:\/\/www.camaraestrelavelha.rs.gov.br\/portal\/wp-json\/wp\/v2\/comments?post=9344"}],"version-history":[{"count":37,"href":"https:\/\/www.camaraestrelavelha.rs.gov.br\/portal\/wp-json\/wp\/v2\/pages\/9344\/revisions"}],"predecessor-version":[{"id":11143,"href":"https:\/\/www.camaraestrelavelha.rs.gov.br\/portal\/wp-json\/wp\/v2\/pages\/9344\/revisions\/11143"}],"wp:attachment":[{"href":"https:\/\/www.camaraestrelavelha.rs.gov.br\/portal\/wp-json\/wp\/v2\/media?parent=9344"}],"curies":[{"name":"wp","href":"https:\/\/api.w.org\/{rel}","templated":true}]}}