{"id":9381,"date":"2025-01-03T16:15:54","date_gmt":"2025-01-03T19:15:54","guid":{"rendered":"https:\/\/www.camaraestrelavelha.rs.gov.br\/portal\/?page_id=9381"},"modified":"2026-05-05T08:08:51","modified_gmt":"2026-05-05T11:08:51","slug":"jose-aldair-da-silva","status":"publish","type":"page","link":"https:\/\/www.camaraestrelavelha.rs.gov.br\/portal\/jose-aldair-da-silva\/","title":{"rendered":"Jos\u00e9 Aldair da Silva"},"content":{"rendered":"\t\t<div data-elementor-type=\"wp-page\" data-elementor-id=\"9381\" class=\"elementor elementor-9381\" data-elementor-settings=\"[]\">\n\t\t\t\t\t\t<div class=\"elementor-inner\">\n\t\t\t\t\t\t\t<div class=\"elementor-section-wrap\">\n\t\t\t\t\t\t\t<section class=\"elementor-section elementor-top-section elementor-element elementor-element-5f07b25 elementor-section-boxed elementor-section-height-default elementor-section-height-default\" data-id=\"5f07b25\" data-element_type=\"section\">\n\t\t\t\t\t\t<div class=\"elementor-container elementor-column-gap-default\">\n\t\t\t\t\t\t\t<div class=\"elementor-row\">\n\t\t\t\t\t<div class=\"elementor-column elementor-col-100 elementor-top-column elementor-element elementor-element-52798c9\" data-id=\"52798c9\" data-element_type=\"column\">\n\t\t\t<div class=\"elementor-column-wrap elementor-element-populated\">\n\t\t\t\t\t\t\t<div class=\"elementor-widget-wrap\">\n\t\t\t\t\t\t<div class=\"elementor-element elementor-element-120b0c0 elementor-widget elementor-widget-text-editor\" data-id=\"120b0c0\" data-element_type=\"widget\" data-widget_type=\"text-editor.default\">\n\t\t\t\t<div class=\"elementor-widget-container\">\n\t\t\t\t\t<div class=\"elementor-text-editor elementor-clearfix\"><h1>Jos\u00e9 Aldair da Silva<\/h1>\n<p><img loading=\"lazy\" src=\"https:\/\/www.camaraestrelavelha.rs.gov.br\/portal\/wp-content\/uploads\/2025\/01\/Jose-Aldair-da-Silva-MDB-217x300.jpg\" alt=\"\" width=\"217\" height=\"300\"><\/p>\n<div>&nbsp;<\/div>\n<p>PARTIDO: MDB<\/p>\n<p>EMAIL:&nbsp;<\/p>\n<p>TELEFONE:&nbsp;<\/p>\n<p>DESCRI\u00c7\u00c3O:<\/p><p>Nascido em 10 de agosto de 1968, \u00e9 uma pessoa dedicada e trabalhadora. Aos 56 anos, construiu uma vida marcada por esfor\u00e7o, valores familiares e compromisso com sua&nbsp;<span style=\"font-size: 14px; color: var( --e-global-color-text );\">comunidade.<\/span><\/p><p>Iniciou sua trajet\u00f3ria profissional como caminhoneiro, profiss\u00e3o que exerceu com determina\u00e7\u00e3o dos 19 aos 27 anos. Posteriormente, dedicou-se \u00e0 agricultura, trabalhando na&nbsp;<span style=\"font-size: 14px; color: var( --e-global-color-text );\">produ\u00e7\u00e3o de tabaco, soja, milho, batata, mandioca e feij\u00e3o, al\u00e9m da cria\u00e7\u00e3o de animais. Foi nessa viv\u00eancia no campo que fortaleceu sua conex\u00e3o com o trabalho coletivo e a terra. Ao longo de 22 anos, tamb\u00e9m trabalhou na casa da fam\u00edlia do senhor Ac\u00e1cio Pereira da Silva, com quem fez la\u00e7os profundos, considerando-os parte de sua pr\u00f3pria fam\u00edlia.<\/span><\/p><p>Em 18 de mar\u00e7o de 2002, iniciou sua trajet\u00f3ria como servidor p\u00fablico na Prefeitura, onde vem se dedicando a atender e ajudar a popula\u00e7\u00e3o com envolvimento e generosidade.<\/p><p>Pai orgulhoso de oito filhos &#8211; Carine, Celso, Elton, Ang\u00e9lica, Carla, Anderson, Eduardo e Elena &#8211; tamb\u00e9m se alegra com seus netos chamados: Henzo, Allan, Heitor, Luiz Henrique, Davi Luiz, Mariana, Henrique, Ana Bely, Yasmim, Estefani, Valentina e Isadora, que representam seu&nbsp;<span style=\"font-size: 14px; color: var( --e-global-color-text );\">maior legado de amor e uni\u00e3o.<\/span><\/p><p>Em 2024, seu comprometimento e esp\u00edrito de servir foram reconhecidos pela comunidade, que o elegeu vereador com 156 votos. Assume sua cadeira no Legislativo em 1\u00ba&nbsp;<span style=\"font-size: 14px; color: var( --e-global-color-text );\">de janeiro de 2025, com o compromisso de continuar trabalhando pelo bem-estar e pelo desenvolvimento de sua terra e sua gente.<\/span><\/p>\n<p><\/p><\/div>\n\t\t\t\t<\/div>\n\t\t\t\t<\/div>\n\t\t\t\t\t\t<\/div>\n\t\t\t\t\t<\/div>\n\t\t<\/div>\n\t\t\t\t\t\t\t\t<\/div>\n\t\t\t\t\t<\/div>\n\t\t<\/section>\n\t\t\t\t<section class=\"elementor-section elementor-top-section elementor-element elementor-element-5e16503 elementor-section-boxed elementor-section-height-default elementor-section-height-default\" data-id=\"5e16503\" data-element_type=\"section\">\n\t\t\t\t\t\t<div class=\"elementor-container elementor-column-gap-default\">\n\t\t\t\t\t\t\t<div class=\"elementor-row\">\n\t\t\t\t\t<div class=\"elementor-column elementor-col-100 elementor-top-column elementor-element elementor-element-49489bc\" data-id=\"49489bc\" data-element_type=\"column\">\n\t\t\t<div class=\"elementor-column-wrap\">\n\t\t\t\t\t\t\t<div class=\"elementor-widget-wrap\">\n\t\t\t\t\t\t\t\t<\/div>\n\t\t\t\t\t<\/div>\n\t\t<\/div>\n\t\t\t\t\t\t\t\t<\/div>\n\t\t\t\t\t<\/div>\n\t\t<\/section>\n\t\t\t\t<section class=\"elementor-section elementor-top-section elementor-element elementor-element-4c15150 elementor-section-boxed elementor-section-height-default elementor-section-height-default\" data-id=\"4c15150\" data-element_type=\"section\">\n\t\t\t\t\t\t<div class=\"elementor-container elementor-column-gap-default\">\n\t\t\t\t\t\t\t<div class=\"elementor-row\">\n\t\t\t\t\t<div class=\"elementor-column elementor-col-100 elementor-top-column elementor-element elementor-element-f0ffbc7\" data-id=\"f0ffbc7\" data-element_type=\"column\">\n\t\t\t<div class=\"elementor-column-wrap elementor-element-populated\">\n\t\t\t\t\t\t\t<div class=\"elementor-widget-wrap\">\n\t\t\t\t\t\t<div class=\"elementor-element elementor-element-3322ab1 elementor-widget elementor-widget-text-editor\" data-id=\"3322ab1\" data-element_type=\"widget\" data-widget_type=\"text-editor.default\">\n\t\t\t\t<div class=\"elementor-widget-container\">\n\t\t\t\t\t<div class=\"elementor-text-editor elementor-clearfix\"><h1>\u00a0ATIVIDADES DO ANO DE 2026<\/h1><div>\u00a0<\/div><div>\u00a0<\/div><h2>\u00a0Emendas<\/h2><\/div>\n\t\t\t\t<\/div>\n\t\t\t\t<\/div>\n\t\t\t\t<div class=\"elementor-element elementor-element-2a54f1d elementor-widget elementor-widget-text-editor\" data-id=\"2a54f1d\" data-element_type=\"widget\" data-widget_type=\"text-editor.default\">\n\t\t\t\t<div class=\"elementor-widget-container\">\n\t\t\t\t\t<div class=\"elementor-text-editor elementor-clearfix\"><p style=\"color: red\">There are no download items matching this category criteria.<\/p><\/div>\n\t\t\t\t<\/div>\n\t\t\t\t<\/div>\n\t\t\t\t<div class=\"elementor-element elementor-element-409b077 elementor-widget elementor-widget-text-editor\" data-id=\"409b077\" data-element_type=\"widget\" data-widget_type=\"text-editor.default\">\n\t\t\t\t<div class=\"elementor-widget-container\">\n\t\t\t\t\t<div class=\"elementor-text-editor elementor-clearfix\"><h2>Emendas Impositivas<\/h2><\/div>\n\t\t\t\t<\/div>\n\t\t\t\t<\/div>\n\t\t\t\t<div class=\"elementor-element elementor-element-8965eb0 elementor-widget elementor-widget-text-editor\" data-id=\"8965eb0\" data-element_type=\"widget\" data-widget_type=\"text-editor.default\">\n\t\t\t\t<div class=\"elementor-widget-container\">\n\t\t\t\t\t<div class=\"elementor-text-editor elementor-clearfix\"><div class=\"sdm_download_item \"><div class=\"sdm_download_item_top\"><div class=\"sdm_download_thumbnail\"><\/div><div class=\"sdm_download_title\">EMENDA IMPOSITIVA INDIVIDUAL N\u00ba 24\/2025, VEREADOR JOS\u00c9 ALDAIR DA SILVA.<\/div><\/div><div style=\"clear:both\"><\/div><div class=\"sdm_download_description\"><\/div><div class=\"sdm_download_link\"><span class=\"sdm_download_button\"><a href=\"https:\/\/www.camaraestrelavelha.rs.gov.br\/portal\/?smd_process_download=1&amp;download_id=11132\" class=\"sdm_download grey\" title=\"EMENDA IMPOSITIVA INDIVIDUAL N\u00ba 24\/2025, VEREADOR JOS\u00c9 ALDAIR DA SILVA.\" target=\"_self\">Baixar agora!<\/a><\/span><span class=\"sdm_download_item_count\"><span class=\"sdm_item_count_number\">7<\/span><span class=\"sdm_item_count_string\"> Downloads<\/span><\/span><\/div><\/div><div class=\"sdm_download_item \"><div class=\"sdm_download_item_top\"><div class=\"sdm_download_thumbnail\"><\/div><div class=\"sdm_download_title\">EMENDA IMPOSITIVA INDIVIDUAL N\u00ba 23\/2025, VEREADOR JOS\u00c9 ALDAIR DA SILVA.<\/div><\/div><div style=\"clear:both\"><\/div><div class=\"sdm_download_description\"><\/div><div class=\"sdm_download_link\"><span class=\"sdm_download_button\"><a href=\"https:\/\/www.camaraestrelavelha.rs.gov.br\/portal\/?smd_process_download=1&amp;download_id=11130\" class=\"sdm_download grey\" title=\"EMENDA IMPOSITIVA INDIVIDUAL N\u00ba 23\/2025, VEREADOR JOS\u00c9 ALDAIR DA SILVA.\" target=\"_self\">Baixar agora!<\/a><\/span><span class=\"sdm_download_item_count\"><span class=\"sdm_item_count_number\">8<\/span><span class=\"sdm_item_count_string\"> Downloads<\/span><\/span><\/div><\/div><div class=\"sdm_download_item \"><div class=\"sdm_download_item_top\"><div class=\"sdm_download_thumbnail\"><\/div><div class=\"sdm_download_title\">EMENDA IMPOSITIVA INDIVIDUAL N\u00ba 22\/2025, VEREADOR JOS\u00c9 ALDAIR DA SILVA.<\/div><\/div><div style=\"clear:both\"><\/div><div class=\"sdm_download_description\"><\/div><div class=\"sdm_download_link\"><span class=\"sdm_download_button\"><a href=\"https:\/\/www.camaraestrelavelha.rs.gov.br\/portal\/?smd_process_download=1&amp;download_id=11128\" class=\"sdm_download grey\" title=\"EMENDA IMPOSITIVA INDIVIDUAL N\u00ba 22\/2025, VEREADOR JOS\u00c9 ALDAIR DA SILVA.\" target=\"_self\">Baixar agora!<\/a><\/span><span class=\"sdm_download_item_count\"><span class=\"sdm_item_count_number\">8<\/span><span class=\"sdm_item_count_string\"> Downloads<\/span><\/span><\/div><\/div><div class=\"sdm_clear_float\"><\/div><div class=\"sdm_pagination\"><\/div><\/div>\n\t\t\t\t<\/div>\n\t\t\t\t<\/div>\n\t\t\t\t<div class=\"elementor-element elementor-element-921e5b8 elementor-widget elementor-widget-text-editor\" data-id=\"921e5b8\" data-element_type=\"widget\" data-widget_type=\"text-editor.default\">\n\t\t\t\t<div class=\"elementor-widget-container\">\n\t\t\t\t\t<div class=\"elementor-text-editor elementor-clearfix\"><h2>Mo\u00e7\u00f5es<\/h2><\/div>\n\t\t\t\t<\/div>\n\t\t\t\t<\/div>\n\t\t\t\t<div class=\"elementor-element elementor-element-dd97af5 elementor-widget elementor-widget-text-editor\" data-id=\"dd97af5\" data-element_type=\"widget\" data-widget_type=\"text-editor.default\">\n\t\t\t\t<div class=\"elementor-widget-container\">\n\t\t\t\t\t<div class=\"elementor-text-editor elementor-clearfix\"><div class=\"sdm_download_item \"><div class=\"sdm_download_item_top\"><div class=\"sdm_download_thumbnail\"><\/div><div class=\"sdm_download_title\">MO\u00c7\u00c3O DE APLAUSOS N\u00ba 02, de 02 de abril de 2026.<\/div><\/div><div style=\"clear:both\"><\/div><div class=\"sdm_download_description\"><\/div><div class=\"sdm_download_link\"><span class=\"sdm_download_button\"><a href=\"https:\/\/www.camaraestrelavelha.rs.gov.br\/portal\/?smd_process_download=1&amp;download_id=11004\" class=\"sdm_download grey\" title=\"MO\u00c7\u00c3O DE APLAUSOS N\u00ba 02, de 02 de abril de 2026.\" target=\"_self\">Baixar agora!<\/a><\/span><span class=\"sdm_download_item_count\"><span class=\"sdm_item_count_number\">10<\/span><span class=\"sdm_item_count_string\"> Downloads<\/span><\/span><\/div><\/div><div class=\"sdm_clear_float\"><\/div><div class=\"sdm_pagination\"><\/div><\/div>\n\t\t\t\t<\/div>\n\t\t\t\t<\/div>\n\t\t\t\t<div class=\"elementor-element elementor-element-6bc6198 elementor-widget elementor-widget-text-editor\" data-id=\"6bc6198\" data-element_type=\"widget\" data-widget_type=\"text-editor.default\">\n\t\t\t\t<div class=\"elementor-widget-container\">\n\t\t\t\t\t<div class=\"elementor-text-editor elementor-clearfix\"><h2>Pedido de Informa\u00e7\u00f5es<\/h2><\/div>\n\t\t\t\t<\/div>\n\t\t\t\t<\/div>\n\t\t\t\t<div class=\"elementor-element elementor-element-6d374b1 elementor-widget elementor-widget-text-editor\" data-id=\"6d374b1\" data-element_type=\"widget\" data-widget_type=\"text-editor.default\">\n\t\t\t\t<div class=\"elementor-widget-container\">\n\t\t\t\t\t<div class=\"elementor-text-editor elementor-clearfix\"><p style=\"color: red\">There are no download items matching this category criteria.<\/p><\/div>\n\t\t\t\t<\/div>\n\t\t\t\t<\/div>\n\t\t\t\t<div class=\"elementor-element elementor-element-2181e44 elementor-widget elementor-widget-text-editor\" data-id=\"2181e44\" data-element_type=\"widget\" data-widget_type=\"text-editor.default\">\n\t\t\t\t<div class=\"elementor-widget-container\">\n\t\t\t\t\t<div class=\"elementor-text-editor elementor-clearfix\"><h2>Pedido de Provid\u00eancia<br><\/h2><\/div>\n\t\t\t\t<\/div>\n\t\t\t\t<\/div>\n\t\t\t\t<div class=\"elementor-element elementor-element-67b9885 elementor-widget elementor-widget-text-editor\" data-id=\"67b9885\" data-element_type=\"widget\" data-widget_type=\"text-editor.default\">\n\t\t\t\t<div class=\"elementor-widget-container\">\n\t\t\t\t\t<div class=\"elementor-text-editor elementor-clearfix\"><p style=\"color: red\">There are no download items matching this category criteria.<\/p><\/div>\n\t\t\t\t<\/div>\n\t\t\t\t<\/div>\n\t\t\t\t<div class=\"elementor-element elementor-element-99e24db elementor-widget elementor-widget-text-editor\" data-id=\"99e24db\" data-element_type=\"widget\" data-widget_type=\"text-editor.default\">\n\t\t\t\t<div class=\"elementor-widget-container\">\n\t\t\t\t\t<div class=\"elementor-text-editor elementor-clearfix\"><h2>Proposi\u00e7\u00f5es de Indica\u00e7\u00e3o<\/h2><\/div>\n\t\t\t\t<\/div>\n\t\t\t\t<\/div>\n\t\t\t\t<div class=\"elementor-element elementor-element-ee63c82 elementor-widget elementor-widget-text-editor\" data-id=\"ee63c82\" data-element_type=\"widget\" data-widget_type=\"text-editor.default\">\n\t\t\t\t<div class=\"elementor-widget-container\">\n\t\t\t\t\t<div class=\"elementor-text-editor elementor-clearfix\"><div class=\"sdm_download_item \"><div class=\"sdm_download_item_top\"><div class=\"sdm_download_thumbnail\"><\/div><div class=\"sdm_download_title\">INDICA\u00c7\u00c3O N\u00ba 04, de 22 abril de 2026.<\/div><\/div><div style=\"clear:both\"><\/div><div class=\"sdm_download_description\"><\/div><div class=\"sdm_download_link\"><span class=\"sdm_download_button\"><a href=\"https:\/\/www.camaraestrelavelha.rs.gov.br\/portal\/?smd_process_download=1&amp;download_id=11084\" class=\"sdm_download grey\" title=\"INDICA\u00c7\u00c3O N\u00ba 04, de 22 abril de 2026.\" target=\"_self\">Baixar agora!<\/a><\/span><span class=\"sdm_download_item_count\"><span class=\"sdm_item_count_number\">11<\/span><span class=\"sdm_item_count_string\"> Downloads<\/span><\/span><\/div><\/div><div class=\"sdm_clear_float\"><\/div><div class=\"sdm_pagination\"><\/div><\/div>\n\t\t\t\t<\/div>\n\t\t\t\t<\/div>\n\t\t\t\t<div class=\"elementor-element elementor-element-67ddee2 elementor-widget elementor-widget-text-editor\" data-id=\"67ddee2\" data-element_type=\"widget\" data-widget_type=\"text-editor.default\">\n\t\t\t\t<div class=\"elementor-widget-container\">\n\t\t\t\t\t<div class=\"elementor-text-editor elementor-clearfix\"><h2>Requerimentos<\/h2><\/div>\n\t\t\t\t<\/div>\n\t\t\t\t<\/div>\n\t\t\t\t<div class=\"elementor-element elementor-element-8a5b0c0 elementor-widget elementor-widget-text-editor\" data-id=\"8a5b0c0\" data-element_type=\"widget\" data-widget_type=\"text-editor.default\">\n\t\t\t\t<div class=\"elementor-widget-container\">\n\t\t\t\t\t<div class=\"elementor-text-editor elementor-clearfix\"><p style=\"color: red\">There are no download items matching this category criteria.<\/p><\/div>\n\t\t\t\t<\/div>\n\t\t\t\t<\/div>\n\t\t\t\t\t\t<\/div>\n\t\t\t\t\t<\/div>\n\t\t<\/div>\n\t\t\t\t\t\t\t\t<\/div>\n\t\t\t\t\t<\/div>\n\t\t<\/section>\n\t\t\t\t<section class=\"elementor-section elementor-top-section elementor-element elementor-element-49b2820 elementor-section-boxed elementor-section-height-default elementor-section-height-default\" data-id=\"49b2820\" data-element_type=\"section\">\n\t\t\t\t\t\t<div class=\"elementor-container elementor-column-gap-default\">\n\t\t\t\t\t\t\t<div class=\"elementor-row\">\n\t\t\t\t\t<div class=\"elementor-column elementor-col-100 elementor-top-column elementor-element elementor-element-6106f21\" data-id=\"6106f21\" data-element_type=\"column\">\n\t\t\t<div class=\"elementor-column-wrap elementor-element-populated\">\n\t\t\t\t\t\t\t<div class=\"elementor-widget-wrap\">\n\t\t\t\t\t\t<div class=\"elementor-element elementor-element-d066671 elementor-widget elementor-widget-text-editor\" data-id=\"d066671\" data-element_type=\"widget\" data-widget_type=\"text-editor.default\">\n\t\t\t\t<div class=\"elementor-widget-container\">\n\t\t\t\t\t<div class=\"elementor-text-editor elementor-clearfix\"><h1>\u00a0ATIVIDADES DO ANO DE 2025<\/h1><div>\u00a0<\/div><div>\u00a0<\/div><h2>\u00a0Emendas<\/h2><\/div>\n\t\t\t\t<\/div>\n\t\t\t\t<\/div>\n\t\t\t\t<div class=\"elementor-element elementor-element-755f79f elementor-widget elementor-widget-text-editor\" data-id=\"755f79f\" data-element_type=\"widget\" data-widget_type=\"text-editor.default\">\n\t\t\t\t<div class=\"elementor-widget-container\">\n\t\t\t\t\t<div class=\"elementor-text-editor elementor-clearfix\"><p style=\"color: red\">There are no download items matching this category criteria.<\/p><\/div>\n\t\t\t\t<\/div>\n\t\t\t\t<\/div>\n\t\t\t\t<div class=\"elementor-element elementor-element-478c3d4 elementor-widget elementor-widget-text-editor\" data-id=\"478c3d4\" data-element_type=\"widget\" data-widget_type=\"text-editor.default\">\n\t\t\t\t<div class=\"elementor-widget-container\">\n\t\t\t\t\t<div class=\"elementor-text-editor elementor-clearfix\"><h2>Mo\u00e7\u00f5es<\/h2><\/div>\n\t\t\t\t<\/div>\n\t\t\t\t<\/div>\n\t\t\t\t<div class=\"elementor-element elementor-element-267dac7 elementor-widget elementor-widget-text-editor\" data-id=\"267dac7\" data-element_type=\"widget\" data-widget_type=\"text-editor.default\">\n\t\t\t\t<div class=\"elementor-widget-container\">\n\t\t\t\t\t<div class=\"elementor-text-editor elementor-clearfix\"><div class=\"sdm_download_item \"><div class=\"sdm_download_item_top\"><div class=\"sdm_download_thumbnail\"><\/div><div class=\"sdm_download_title\">MO\u00c7\u00c3O DE APOIO N\u00ba 02, de 17 de mar\u00e7o de 2025.<\/div><\/div><div style=\"clear:both\"><\/div><div class=\"sdm_download_description\"><\/div><div class=\"sdm_download_link\"><span class=\"sdm_download_button\"><a href=\"https:\/\/www.camaraestrelavelha.rs.gov.br\/portal\/?smd_process_download=1&amp;download_id=9956\" class=\"sdm_download grey\" title=\"MO\u00c7\u00c3O DE APOIO N\u00ba 02, de 17 de mar\u00e7o de 2025.\" target=\"_self\">Baixar agora!<\/a><\/span><span class=\"sdm_download_item_count\"><span class=\"sdm_item_count_number\">162<\/span><span class=\"sdm_item_count_string\"> Downloads<\/span><\/span><\/div><\/div><div class=\"sdm_download_item \"><div class=\"sdm_download_item_top\"><div class=\"sdm_download_thumbnail\"><\/div><div class=\"sdm_download_title\">MO\u00c7\u00c3O DE APOIO N\u00ba 01, de 24 de fevereiro de 2025.<\/div><\/div><div style=\"clear:both\"><\/div><div class=\"sdm_download_description\"><\/div><div class=\"sdm_download_link\"><span class=\"sdm_download_button\"><a href=\"https:\/\/www.camaraestrelavelha.rs.gov.br\/portal\/?smd_process_download=1&amp;download_id=9923\" class=\"sdm_download grey\" title=\"MO\u00c7\u00c3O DE APOIO N\u00ba 01, de 24 de fevereiro de 2025.\" target=\"_self\">Baixar agora!<\/a><\/span><span class=\"sdm_download_item_count\"><span class=\"sdm_item_count_number\">179<\/span><span class=\"sdm_item_count_string\"> Downloads<\/span><\/span><\/div><\/div><div class=\"sdm_clear_float\"><\/div><div class=\"sdm_pagination\"><\/div><\/div>\n\t\t\t\t<\/div>\n\t\t\t\t<\/div>\n\t\t\t\t<div class=\"elementor-element elementor-element-9c93d48 elementor-widget elementor-widget-text-editor\" data-id=\"9c93d48\" data-element_type=\"widget\" data-widget_type=\"text-editor.default\">\n\t\t\t\t<div class=\"elementor-widget-container\">\n\t\t\t\t\t<div class=\"elementor-text-editor elementor-clearfix\"><h2>Pedido de Informa\u00e7\u00f5es<\/h2><\/div>\n\t\t\t\t<\/div>\n\t\t\t\t<\/div>\n\t\t\t\t<div class=\"elementor-element elementor-element-0a017b6 elementor-widget elementor-widget-text-editor\" data-id=\"0a017b6\" data-element_type=\"widget\" data-widget_type=\"text-editor.default\">\n\t\t\t\t<div class=\"elementor-widget-container\">\n\t\t\t\t\t<div class=\"elementor-text-editor elementor-clearfix\"><p style=\"color: red\">There are no download items matching this category criteria.<\/p><\/div>\n\t\t\t\t<\/div>\n\t\t\t\t<\/div>\n\t\t\t\t<div class=\"elementor-element elementor-element-94822c5 elementor-widget elementor-widget-text-editor\" data-id=\"94822c5\" data-element_type=\"widget\" data-widget_type=\"text-editor.default\">\n\t\t\t\t<div class=\"elementor-widget-container\">\n\t\t\t\t\t<div class=\"elementor-text-editor elementor-clearfix\"><h2>Pedido de Provid\u00eancia<br><\/h2><\/div>\n\t\t\t\t<\/div>\n\t\t\t\t<\/div>\n\t\t\t\t<div class=\"elementor-element elementor-element-7f2d880 elementor-widget elementor-widget-text-editor\" data-id=\"7f2d880\" data-element_type=\"widget\" data-widget_type=\"text-editor.default\">\n\t\t\t\t<div class=\"elementor-widget-container\">\n\t\t\t\t\t<div class=\"elementor-text-editor elementor-clearfix\"><p style=\"color: red\">There are no download items matching this category criteria.<\/p><\/div>\n\t\t\t\t<\/div>\n\t\t\t\t<\/div>\n\t\t\t\t<div class=\"elementor-element elementor-element-a4e2268 elementor-widget elementor-widget-text-editor\" data-id=\"a4e2268\" data-element_type=\"widget\" data-widget_type=\"text-editor.default\">\n\t\t\t\t<div class=\"elementor-widget-container\">\n\t\t\t\t\t<div class=\"elementor-text-editor elementor-clearfix\"><h2>Proposi\u00e7\u00f5es de Indica\u00e7\u00e3o<\/h2><\/div>\n\t\t\t\t<\/div>\n\t\t\t\t<\/div>\n\t\t\t\t<div class=\"elementor-element elementor-element-98329ce elementor-widget elementor-widget-text-editor\" data-id=\"98329ce\" data-element_type=\"widget\" data-widget_type=\"text-editor.default\">\n\t\t\t\t<div class=\"elementor-widget-container\">\n\t\t\t\t\t<div class=\"elementor-text-editor elementor-clearfix\"><div class=\"sdm_download_item \"><div class=\"sdm_download_item_top\"><div class=\"sdm_download_thumbnail\"><\/div><div class=\"sdm_download_title\">INDICA\u00c7\u00c3O N\u00ba 03, de 07 de abril de 2025<\/div><\/div><div style=\"clear:both\"><\/div><div class=\"sdm_download_description\"><\/div><div class=\"sdm_download_link\"><span class=\"sdm_download_button\"><a href=\"https:\/\/www.camaraestrelavelha.rs.gov.br\/portal\/?smd_process_download=1&amp;download_id=10074\" class=\"sdm_download grey\" title=\"INDICA\u00c7\u00c3O N\u00ba 03, de 07 de abril de 2025\" target=\"_self\">Baixar agora!<\/a><\/span><span class=\"sdm_download_item_count\"><span class=\"sdm_item_count_number\">124<\/span><span class=\"sdm_item_count_string\"> Downloads<\/span><\/span><\/div><\/div><div class=\"sdm_download_item \"><div class=\"sdm_download_item_top\"><div class=\"sdm_download_thumbnail\"><\/div><div class=\"sdm_download_title\">INDICA\u00c7\u00c3O N\u00ba 02, de 28 de mar\u00e7o de 2025.<\/div><\/div><div style=\"clear:both\"><\/div><div class=\"sdm_download_description\"><\/div><div class=\"sdm_download_link\"><span class=\"sdm_download_button\"><a href=\"https:\/\/www.camaraestrelavelha.rs.gov.br\/portal\/?smd_process_download=1&amp;download_id=10046\" class=\"sdm_download grey\" title=\"INDICA\u00c7\u00c3O N\u00ba 02, de 28 de mar\u00e7o de 2025.\" target=\"_self\">Baixar agora!<\/a><\/span><span class=\"sdm_download_item_count\"><span class=\"sdm_item_count_number\">130<\/span><span class=\"sdm_item_count_string\"> Downloads<\/span><\/span><\/div><\/div><div class=\"sdm_download_item \"><div class=\"sdm_download_item_top\"><div class=\"sdm_download_thumbnail\"><\/div><div class=\"sdm_download_title\">INDICA\u00c7\u00c3O N\u00ba 01, de 24 de fevereiro de 2025.<\/div><\/div><div style=\"clear:both\"><\/div><div class=\"sdm_download_description\"><p>Prop\u00f5e, ao Poder Executivo Municipal, a concess\u00e3o de aux\u00edlio-alimenta\u00e7\u00e3o aos servidores ocupantes de cargos comissionados, contratos tempor\u00e1rios e conselheiros tutelares, em efetivo exerc\u00edcio, vinculado a Administra\u00e7\u00e3o Municipal.<\/p>\n<\/div><div class=\"sdm_download_link\"><span class=\"sdm_download_button\"><a href=\"https:\/\/www.camaraestrelavelha.rs.gov.br\/portal\/?smd_process_download=1&amp;download_id=9817\" class=\"sdm_download grey\" title=\"INDICA\u00c7\u00c3O N\u00ba 01, de 24 de fevereiro de 2025.\" target=\"_self\">Baixar agora!<\/a><\/span><span class=\"sdm_download_item_count\"><span class=\"sdm_item_count_number\">118<\/span><span class=\"sdm_item_count_string\"> Downloads<\/span><\/span><\/div><\/div><div class=\"sdm_clear_float\"><\/div><div class=\"sdm_pagination\"><\/div><\/div>\n\t\t\t\t<\/div>\n\t\t\t\t<\/div>\n\t\t\t\t<div class=\"elementor-element elementor-element-6a3932f elementor-widget elementor-widget-text-editor\" data-id=\"6a3932f\" data-element_type=\"widget\" data-widget_type=\"text-editor.default\">\n\t\t\t\t<div class=\"elementor-widget-container\">\n\t\t\t\t\t<div class=\"elementor-text-editor elementor-clearfix\"><h2>Requerimentos<\/h2><\/div>\n\t\t\t\t<\/div>\n\t\t\t\t<\/div>\n\t\t\t\t<div class=\"elementor-element elementor-element-d8738a0 elementor-widget elementor-widget-text-editor\" data-id=\"d8738a0\" data-element_type=\"widget\" data-widget_type=\"text-editor.default\">\n\t\t\t\t<div class=\"elementor-widget-container\">\n\t\t\t\t\t<div class=\"elementor-text-editor elementor-clearfix\"><p style=\"color: red\">There are no download items matching this category criteria.<\/p><\/div>\n\t\t\t\t<\/div>\n\t\t\t\t<\/div>\n\t\t\t\t\t\t<\/div>\n\t\t\t\t\t<\/div>\n\t\t<\/div>\n\t\t\t\t\t\t\t\t<\/div>\n\t\t\t\t\t<\/div>\n\t\t<\/section>\n\t\t\t\t\t\t<\/div>\n\t\t\t\t\t\t<\/div>\n\t\t\t\t\t<\/div>\n\t\t","protected":false},"excerpt":{"rendered":"<p>Jos\u00e9 Aldair da Silva &nbsp; PARTIDO: MDB EMAIL:&nbsp; TELEFONE:&nbsp; DESCRI\u00c7\u00c3O: Nascido em 10 de agosto de 1968, \u00e9 uma pessoa dedicada e trabalhadora. Aos 56 anos, construiu uma vida marcada por esfor\u00e7o, valores familiares e compromisso com sua&nbsp;comunidade. Iniciou sua trajet\u00f3ria profissional como caminhoneiro, profiss\u00e3o que exerceu com determina\u00e7\u00e3o dos 19 aos 27 anos. Posteriormente, [&hellip;]<\/p>\n","protected":false},"author":2,"featured_media":0,"parent":0,"menu_order":0,"comment_status":"closed","ping_status":"closed","template":"","meta":{"episode_type":"","audio_file":"","duration":"","filesize":"","date_recorded":"","explicit":"","block":"","filesize_raw":""},"_links":{"self":[{"href":"https:\/\/www.camaraestrelavelha.rs.gov.br\/portal\/wp-json\/wp\/v2\/pages\/9381"}],"collection":[{"href":"https:\/\/www.camaraestrelavelha.rs.gov.br\/portal\/wp-json\/wp\/v2\/pages"}],"about":[{"href":"https:\/\/www.camaraestrelavelha.rs.gov.br\/portal\/wp-json\/wp\/v2\/types\/page"}],"author":[{"embeddable":true,"href":"https:\/\/www.camaraestrelavelha.rs.gov.br\/portal\/wp-json\/wp\/v2\/users\/2"}],"replies":[{"embeddable":true,"href":"https:\/\/www.camaraestrelavelha.rs.gov.br\/portal\/wp-json\/wp\/v2\/comments?post=9381"}],"version-history":[{"count":31,"href":"https:\/\/www.camaraestrelavelha.rs.gov.br\/portal\/wp-json\/wp\/v2\/pages\/9381\/revisions"}],"predecessor-version":[{"id":11188,"href":"https:\/\/www.camaraestrelavelha.rs.gov.br\/portal\/wp-json\/wp\/v2\/pages\/9381\/revisions\/11188"}],"wp:attachment":[{"href":"https:\/\/www.camaraestrelavelha.rs.gov.br\/portal\/wp-json\/wp\/v2\/media?parent=9381"}],"curies":[{"name":"wp","href":"https:\/\/api.w.org\/{rel}","templated":true}]}}