{"id":9440,"date":"2025-01-03T16:41:02","date_gmt":"2025-01-03T19:41:02","guid":{"rendered":"https:\/\/www.camaraestrelavelha.rs.gov.br\/portal\/?page_id=9440"},"modified":"2026-01-27T16:49:45","modified_gmt":"2026-01-27T19:49:45","slug":"vanusa-da-silva-ceolin","status":"publish","type":"page","link":"https:\/\/www.camaraestrelavelha.rs.gov.br\/portal\/vanusa-da-silva-ceolin\/","title":{"rendered":"Vanusa da Silva Ceolin"},"content":{"rendered":"\t\t<div data-elementor-type=\"wp-page\" data-elementor-id=\"9440\" class=\"elementor elementor-9440\" data-elementor-settings=\"[]\">\n\t\t\t\t\t\t<div class=\"elementor-inner\">\n\t\t\t\t\t\t\t<div class=\"elementor-section-wrap\">\n\t\t\t\t\t\t\t<section class=\"elementor-section elementor-top-section elementor-element elementor-element-d3cc017 elementor-section-boxed elementor-section-height-default elementor-section-height-default\" data-id=\"d3cc017\" data-element_type=\"section\">\n\t\t\t\t\t\t<div class=\"elementor-container elementor-column-gap-default\">\n\t\t\t\t\t\t\t<div class=\"elementor-row\">\n\t\t\t\t\t<div class=\"elementor-column elementor-col-100 elementor-top-column elementor-element elementor-element-680d215\" data-id=\"680d215\" data-element_type=\"column\">\n\t\t\t<div class=\"elementor-column-wrap elementor-element-populated\">\n\t\t\t\t\t\t\t<div class=\"elementor-widget-wrap\">\n\t\t\t\t\t\t<div class=\"elementor-element elementor-element-a5bbbdb elementor-widget elementor-widget-text-editor\" data-id=\"a5bbbdb\" data-element_type=\"widget\" data-widget_type=\"text-editor.default\">\n\t\t\t\t<div class=\"elementor-widget-container\">\n\t\t\t\t\t<div class=\"elementor-text-editor elementor-clearfix\"><h1>Vanusa da Silva Ceolin<\/h1>\n<p><img loading=\"lazy\" class=\"alignnone size-medium wp-image-9287\" src=\"https:\/\/www.camaraestrelavelha.rs.gov.br\/portal\/wp-content\/uploads\/2025\/01\/Vanusa-da-Silva-Ceolin-Progressista-217x300.jpg\" alt=\"\" width=\"217\" height=\"300\" srcset=\"https:\/\/www.camaraestrelavelha.rs.gov.br\/portal\/wp-content\/uploads\/2025\/01\/Vanusa-da-Silva-Ceolin-Progressista-217x300.jpg 217w, https:\/\/www.camaraestrelavelha.rs.gov.br\/portal\/wp-content\/uploads\/2025\/01\/Vanusa-da-Silva-Ceolin-Progressista-741x1024.jpg 741w, https:\/\/www.camaraestrelavelha.rs.gov.br\/portal\/wp-content\/uploads\/2025\/01\/Vanusa-da-Silva-Ceolin-Progressista-768x1061.jpg 768w, https:\/\/www.camaraestrelavelha.rs.gov.br\/portal\/wp-content\/uploads\/2025\/01\/Vanusa-da-Silva-Ceolin-Progressista-1112x1536.jpg 1112w, https:\/\/www.camaraestrelavelha.rs.gov.br\/portal\/wp-content\/uploads\/2025\/01\/Vanusa-da-Silva-Ceolin-Progressista.jpg 1158w\" sizes=\"(max-width: 217px) 100vw, 217px\" \/><\/p>\n<div>&nbsp;<\/div>\n<p>PARTIDO: PP<\/p>\n<p>EMAIL:<\/p>\n<p>TELEFONE:<br>DESCRI\u00c7\u00c3O:<\/p><p>Nascida em 25 de Julho de 1986, filha de Juv\u00eancio Gon\u00e7alves da Silva e Maria de Lourdes Santos da Silva. Natural da localidade de Linha S\u00e3o Marcos, interior de Estrela Velha. \u00c9 casada com Luis Fernando Ceolin e possuem dois filhos, Murilo da Silva Ceolin e Mariano da Silva Ceolin.<\/p><p>&nbsp;Concluiu o Ensino Fundamental na Escola Estadual de Ensino Fundamental de Ita\u00faba, depois de anos retornou na Universidade Polo Arroio do Tigre Uninter, concluindo o Ensino M\u00e9dio e logo em seguida cursou a gradua\u00e7\u00e3o em Servi\u00e7o Social.&nbsp;<\/p><p>Sempre participou da pol\u00edtica no munic\u00edpio de Estrela Velha, apoiando os membros da fam\u00edlia que possuem envolvimento tanto da vida pol\u00edtica como viv\u00eancia comunit\u00e1ria. E assim ingressou diretamente como candidata no ano de 2024, onde foi eleita com 211 votos.&nbsp;<\/p><p>Tem como objetivo trabalhar pelas nossas comunidades, por cada mun\u00edcipe de Estrela Velha, contribuindo para o bem-estar de todos e para o desenvolvimento de nossa cidade.<\/p><\/div>\n\t\t\t\t<\/div>\n\t\t\t\t<\/div>\n\t\t\t\t\t\t<\/div>\n\t\t\t\t\t<\/div>\n\t\t<\/div>\n\t\t\t\t\t\t\t\t<\/div>\n\t\t\t\t\t<\/div>\n\t\t<\/section>\n\t\t\t\t<section class=\"elementor-section elementor-top-section elementor-element elementor-element-9d18d73 elementor-section-boxed elementor-section-height-default elementor-section-height-default\" data-id=\"9d18d73\" data-element_type=\"section\">\n\t\t\t\t\t\t<div class=\"elementor-container elementor-column-gap-default\">\n\t\t\t\t\t\t\t<div class=\"elementor-row\">\n\t\t\t\t\t<div class=\"elementor-column elementor-col-100 elementor-top-column elementor-element elementor-element-0794c19\" data-id=\"0794c19\" data-element_type=\"column\">\n\t\t\t<div class=\"elementor-column-wrap elementor-element-populated\">\n\t\t\t\t\t\t\t<div class=\"elementor-widget-wrap\">\n\t\t\t\t\t\t<div class=\"elementor-element elementor-element-cac4a7f elementor-widget elementor-widget-text-editor\" data-id=\"cac4a7f\" data-element_type=\"widget\" data-widget_type=\"text-editor.default\">\n\t\t\t\t<div class=\"elementor-widget-container\">\n\t\t\t\t\t<div class=\"elementor-text-editor elementor-clearfix\"><h1><span style=\"font-size: 23px; font-weight: 600;\">ATIVIDADES DO ANO DE 2026<\/span><\/h1><div>\u00a0<\/div><div>\u00a0<\/div><h2>\u00a0Emendas<\/h2><\/div>\n\t\t\t\t<\/div>\n\t\t\t\t<\/div>\n\t\t\t\t<div class=\"elementor-element elementor-element-6c68f7c elementor-widget elementor-widget-text-editor\" data-id=\"6c68f7c\" data-element_type=\"widget\" data-widget_type=\"text-editor.default\">\n\t\t\t\t<div class=\"elementor-widget-container\">\n\t\t\t\t\t<div class=\"elementor-text-editor elementor-clearfix\"><p style=\"color: red\">There are no download items matching this category criteria.<\/p><\/div>\n\t\t\t\t<\/div>\n\t\t\t\t<\/div>\n\t\t\t\t<div class=\"elementor-element elementor-element-a97cc3d elementor-widget elementor-widget-text-editor\" data-id=\"a97cc3d\" data-element_type=\"widget\" data-widget_type=\"text-editor.default\">\n\t\t\t\t<div class=\"elementor-widget-container\">\n\t\t\t\t\t<div class=\"elementor-text-editor elementor-clearfix\"><h2>Mo\u00e7\u00f5es<\/h2><\/div>\n\t\t\t\t<\/div>\n\t\t\t\t<\/div>\n\t\t\t\t<div class=\"elementor-element elementor-element-1fe4f1e elementor-widget elementor-widget-text-editor\" data-id=\"1fe4f1e\" data-element_type=\"widget\" data-widget_type=\"text-editor.default\">\n\t\t\t\t<div class=\"elementor-widget-container\">\n\t\t\t\t\t<div class=\"elementor-text-editor elementor-clearfix\"><p style=\"color: red\">There are no download items matching this category criteria.<\/p><\/div>\n\t\t\t\t<\/div>\n\t\t\t\t<\/div>\n\t\t\t\t<div class=\"elementor-element elementor-element-490c31f elementor-widget elementor-widget-text-editor\" data-id=\"490c31f\" data-element_type=\"widget\" data-widget_type=\"text-editor.default\">\n\t\t\t\t<div class=\"elementor-widget-container\">\n\t\t\t\t\t<div class=\"elementor-text-editor elementor-clearfix\"><h2>Pedido de Informa\u00e7\u00f5es<\/h2><\/div>\n\t\t\t\t<\/div>\n\t\t\t\t<\/div>\n\t\t\t\t<div class=\"elementor-element elementor-element-1798f20 elementor-widget elementor-widget-text-editor\" data-id=\"1798f20\" data-element_type=\"widget\" data-widget_type=\"text-editor.default\">\n\t\t\t\t<div class=\"elementor-widget-container\">\n\t\t\t\t\t<div class=\"elementor-text-editor elementor-clearfix\"><p style=\"color: red\">There are no download items matching this category criteria.<\/p><\/div>\n\t\t\t\t<\/div>\n\t\t\t\t<\/div>\n\t\t\t\t<div class=\"elementor-element elementor-element-d50f364 elementor-widget elementor-widget-text-editor\" data-id=\"d50f364\" data-element_type=\"widget\" data-widget_type=\"text-editor.default\">\n\t\t\t\t<div class=\"elementor-widget-container\">\n\t\t\t\t\t<div class=\"elementor-text-editor elementor-clearfix\"><h2>Pedido de Provid\u00eancia<br><\/h2><\/div>\n\t\t\t\t<\/div>\n\t\t\t\t<\/div>\n\t\t\t\t<div class=\"elementor-element elementor-element-b3c5b4a elementor-widget elementor-widget-text-editor\" data-id=\"b3c5b4a\" data-element_type=\"widget\" data-widget_type=\"text-editor.default\">\n\t\t\t\t<div class=\"elementor-widget-container\">\n\t\t\t\t\t<div class=\"elementor-text-editor elementor-clearfix\"><p style=\"color: red\">There are no download items matching this category criteria.<\/p><\/div>\n\t\t\t\t<\/div>\n\t\t\t\t<\/div>\n\t\t\t\t<div class=\"elementor-element elementor-element-77d7331 elementor-widget elementor-widget-text-editor\" data-id=\"77d7331\" data-element_type=\"widget\" data-widget_type=\"text-editor.default\">\n\t\t\t\t<div class=\"elementor-widget-container\">\n\t\t\t\t\t<div class=\"elementor-text-editor elementor-clearfix\"><h2>Proposi\u00e7\u00f5es de Indica\u00e7\u00e3o<\/h2><\/div>\n\t\t\t\t<\/div>\n\t\t\t\t<\/div>\n\t\t\t\t<div class=\"elementor-element elementor-element-8268efa elementor-widget elementor-widget-text-editor\" data-id=\"8268efa\" data-element_type=\"widget\" data-widget_type=\"text-editor.default\">\n\t\t\t\t<div class=\"elementor-widget-container\">\n\t\t\t\t\t<div class=\"elementor-text-editor elementor-clearfix\"><div class=\"sdm_download_item \"><div class=\"sdm_download_item_top\"><div class=\"sdm_download_thumbnail\"><\/div><div class=\"sdm_download_title\">Indica\u00e7\u00e3o n\u00ba 01, de 03 de fevereiro de 2026<\/div><\/div><div style=\"clear:both\"><\/div><div class=\"sdm_download_description\"><\/div><div class=\"sdm_download_link\"><span class=\"sdm_download_button\"><a href=\"https:\/\/www.camaraestrelavelha.rs.gov.br\/portal\/?smd_process_download=1&amp;download_id=10866\" class=\"sdm_download grey\" title=\"Indica\u00e7\u00e3o n\u00ba 01, de 03 de fevereiro de 2026\" target=\"_self\">Baixar agora!<\/a><\/span><span class=\"sdm_download_item_count\"><span class=\"sdm_item_count_number\">12<\/span><span class=\"sdm_item_count_string\"> Downloads<\/span><\/span><\/div><\/div><div class=\"sdm_clear_float\"><\/div><div class=\"sdm_pagination\"><\/div><\/div>\n\t\t\t\t<\/div>\n\t\t\t\t<\/div>\n\t\t\t\t<div class=\"elementor-element elementor-element-7c03a04 elementor-widget elementor-widget-text-editor\" data-id=\"7c03a04\" data-element_type=\"widget\" data-widget_type=\"text-editor.default\">\n\t\t\t\t<div class=\"elementor-widget-container\">\n\t\t\t\t\t<div class=\"elementor-text-editor elementor-clearfix\"><h2>Requerimentos<\/h2><\/div>\n\t\t\t\t<\/div>\n\t\t\t\t<\/div>\n\t\t\t\t<div class=\"elementor-element elementor-element-ce095da elementor-widget elementor-widget-text-editor\" data-id=\"ce095da\" data-element_type=\"widget\" data-widget_type=\"text-editor.default\">\n\t\t\t\t<div class=\"elementor-widget-container\">\n\t\t\t\t\t<div class=\"elementor-text-editor elementor-clearfix\"><p style=\"color: red\">There are no download items matching this category criteria.<\/p><\/div>\n\t\t\t\t<\/div>\n\t\t\t\t<\/div>\n\t\t\t\t\t\t<\/div>\n\t\t\t\t\t<\/div>\n\t\t<\/div>\n\t\t\t\t\t\t\t\t<\/div>\n\t\t\t\t\t<\/div>\n\t\t<\/section>\n\t\t\t\t<section class=\"elementor-section elementor-top-section elementor-element elementor-element-8de67dd elementor-section-boxed elementor-section-height-default elementor-section-height-default\" data-id=\"8de67dd\" data-element_type=\"section\">\n\t\t\t\t\t\t<div class=\"elementor-container elementor-column-gap-default\">\n\t\t\t\t\t\t\t<div class=\"elementor-row\">\n\t\t\t\t\t<div class=\"elementor-column elementor-col-100 elementor-top-column elementor-element elementor-element-38153d5\" data-id=\"38153d5\" data-element_type=\"column\">\n\t\t\t<div class=\"elementor-column-wrap elementor-element-populated\">\n\t\t\t\t\t\t\t<div class=\"elementor-widget-wrap\">\n\t\t\t\t\t\t<div class=\"elementor-element elementor-element-991687e elementor-widget elementor-widget-text-editor\" data-id=\"991687e\" data-element_type=\"widget\" data-widget_type=\"text-editor.default\">\n\t\t\t\t<div class=\"elementor-widget-container\">\n\t\t\t\t\t<div class=\"elementor-text-editor elementor-clearfix\"><h1><span style=\"font-size: 23px; font-weight: 600;\">ATIVIDADES DO ANO DE 2025<\/span><\/h1><div>\u00a0<\/div><div>\u00a0<\/div><h2>\u00a0Emendas<\/h2><\/div>\n\t\t\t\t<\/div>\n\t\t\t\t<\/div>\n\t\t\t\t<div class=\"elementor-element elementor-element-84e0575 elementor-widget elementor-widget-text-editor\" data-id=\"84e0575\" data-element_type=\"widget\" data-widget_type=\"text-editor.default\">\n\t\t\t\t<div class=\"elementor-widget-container\">\n\t\t\t\t\t<div class=\"elementor-text-editor elementor-clearfix\"><p style=\"color: red\">There are no download items matching this category criteria.<\/p><\/div>\n\t\t\t\t<\/div>\n\t\t\t\t<\/div>\n\t\t\t\t<div class=\"elementor-element elementor-element-8271bee elementor-widget elementor-widget-text-editor\" data-id=\"8271bee\" data-element_type=\"widget\" data-widget_type=\"text-editor.default\">\n\t\t\t\t<div class=\"elementor-widget-container\">\n\t\t\t\t\t<div class=\"elementor-text-editor elementor-clearfix\"><h2>Mo\u00e7\u00f5es<\/h2><\/div>\n\t\t\t\t<\/div>\n\t\t\t\t<\/div>\n\t\t\t\t<div class=\"elementor-element elementor-element-3746c19 elementor-widget elementor-widget-text-editor\" data-id=\"3746c19\" data-element_type=\"widget\" data-widget_type=\"text-editor.default\">\n\t\t\t\t<div class=\"elementor-widget-container\">\n\t\t\t\t\t<div class=\"elementor-text-editor elementor-clearfix\"><div class=\"sdm_download_item \"><div class=\"sdm_download_item_top\"><div class=\"sdm_download_thumbnail\"><\/div><div class=\"sdm_download_title\">MO\u00c7\u00c3O DE APOIO N\u00ba 02, de 17 de mar\u00e7o de 2025.<\/div><\/div><div style=\"clear:both\"><\/div><div class=\"sdm_download_description\"><\/div><div class=\"sdm_download_link\"><span class=\"sdm_download_button\"><a href=\"https:\/\/www.camaraestrelavelha.rs.gov.br\/portal\/?smd_process_download=1&amp;download_id=9956\" class=\"sdm_download grey\" title=\"MO\u00c7\u00c3O DE APOIO N\u00ba 02, de 17 de mar\u00e7o de 2025.\" target=\"_self\">Baixar agora!<\/a><\/span><span class=\"sdm_download_item_count\"><span class=\"sdm_item_count_number\">153<\/span><span class=\"sdm_item_count_string\"> Downloads<\/span><\/span><\/div><\/div><div class=\"sdm_download_item \"><div class=\"sdm_download_item_top\"><div class=\"sdm_download_thumbnail\"><\/div><div class=\"sdm_download_title\">MO\u00c7\u00c3O DE APOIO N\u00ba 01, de 24 de fevereiro de 2025.<\/div><\/div><div style=\"clear:both\"><\/div><div class=\"sdm_download_description\"><\/div><div class=\"sdm_download_link\"><span class=\"sdm_download_button\"><a href=\"https:\/\/www.camaraestrelavelha.rs.gov.br\/portal\/?smd_process_download=1&amp;download_id=9923\" class=\"sdm_download grey\" title=\"MO\u00c7\u00c3O DE APOIO N\u00ba 01, de 24 de fevereiro de 2025.\" target=\"_self\">Baixar agora!<\/a><\/span><span class=\"sdm_download_item_count\"><span class=\"sdm_item_count_number\">169<\/span><span class=\"sdm_item_count_string\"> Downloads<\/span><\/span><\/div><\/div><div class=\"sdm_clear_float\"><\/div><div class=\"sdm_pagination\"><\/div><\/div>\n\t\t\t\t<\/div>\n\t\t\t\t<\/div>\n\t\t\t\t<div class=\"elementor-element elementor-element-bf48b5f elementor-widget elementor-widget-text-editor\" data-id=\"bf48b5f\" data-element_type=\"widget\" data-widget_type=\"text-editor.default\">\n\t\t\t\t<div class=\"elementor-widget-container\">\n\t\t\t\t\t<div class=\"elementor-text-editor elementor-clearfix\"><h2>Pedido de Informa\u00e7\u00f5es<\/h2><\/div>\n\t\t\t\t<\/div>\n\t\t\t\t<\/div>\n\t\t\t\t<div class=\"elementor-element elementor-element-220cd4b elementor-widget elementor-widget-text-editor\" data-id=\"220cd4b\" data-element_type=\"widget\" data-widget_type=\"text-editor.default\">\n\t\t\t\t<div class=\"elementor-widget-container\">\n\t\t\t\t\t<div class=\"elementor-text-editor elementor-clearfix\"><p style=\"color: red\">There are no download items matching this category criteria.<\/p><\/div>\n\t\t\t\t<\/div>\n\t\t\t\t<\/div>\n\t\t\t\t<div class=\"elementor-element elementor-element-8b03972 elementor-widget elementor-widget-text-editor\" data-id=\"8b03972\" data-element_type=\"widget\" data-widget_type=\"text-editor.default\">\n\t\t\t\t<div class=\"elementor-widget-container\">\n\t\t\t\t\t<div class=\"elementor-text-editor elementor-clearfix\"><h2>Pedido de Provid\u00eancia<br><\/h2><\/div>\n\t\t\t\t<\/div>\n\t\t\t\t<\/div>\n\t\t\t\t<div class=\"elementor-element elementor-element-1378a0a elementor-widget elementor-widget-text-editor\" data-id=\"1378a0a\" data-element_type=\"widget\" data-widget_type=\"text-editor.default\">\n\t\t\t\t<div class=\"elementor-widget-container\">\n\t\t\t\t\t<div class=\"elementor-text-editor elementor-clearfix\"><p style=\"color: red\">There are no download items matching this category criteria.<\/p><\/div>\n\t\t\t\t<\/div>\n\t\t\t\t<\/div>\n\t\t\t\t<div class=\"elementor-element elementor-element-d0db338 elementor-widget elementor-widget-text-editor\" data-id=\"d0db338\" data-element_type=\"widget\" data-widget_type=\"text-editor.default\">\n\t\t\t\t<div class=\"elementor-widget-container\">\n\t\t\t\t\t<div class=\"elementor-text-editor elementor-clearfix\"><h2>Proposi\u00e7\u00f5es de Indica\u00e7\u00e3o<\/h2><\/div>\n\t\t\t\t<\/div>\n\t\t\t\t<\/div>\n\t\t\t\t<div class=\"elementor-element elementor-element-ec63bed elementor-widget elementor-widget-text-editor\" data-id=\"ec63bed\" data-element_type=\"widget\" data-widget_type=\"text-editor.default\">\n\t\t\t\t<div class=\"elementor-widget-container\">\n\t\t\t\t\t<div class=\"elementor-text-editor elementor-clearfix\"><p style=\"color: red\">There are no download items matching this category criteria.<\/p><\/div>\n\t\t\t\t<\/div>\n\t\t\t\t<\/div>\n\t\t\t\t<div class=\"elementor-element elementor-element-f3fe48b elementor-widget elementor-widget-text-editor\" data-id=\"f3fe48b\" data-element_type=\"widget\" data-widget_type=\"text-editor.default\">\n\t\t\t\t<div class=\"elementor-widget-container\">\n\t\t\t\t\t<div class=\"elementor-text-editor elementor-clearfix\"><h2>Requerimentos<\/h2><\/div>\n\t\t\t\t<\/div>\n\t\t\t\t<\/div>\n\t\t\t\t<div class=\"elementor-element elementor-element-a8c06a3 elementor-widget elementor-widget-text-editor\" data-id=\"a8c06a3\" data-element_type=\"widget\" data-widget_type=\"text-editor.default\">\n\t\t\t\t<div class=\"elementor-widget-container\">\n\t\t\t\t\t<div class=\"elementor-text-editor elementor-clearfix\"><p style=\"color: red\">There are no download items matching this category criteria.<\/p><\/div>\n\t\t\t\t<\/div>\n\t\t\t\t<\/div>\n\t\t\t\t\t\t<\/div>\n\t\t\t\t\t<\/div>\n\t\t<\/div>\n\t\t\t\t\t\t\t\t<\/div>\n\t\t\t\t\t<\/div>\n\t\t<\/section>\n\t\t\t\t\t\t<\/div>\n\t\t\t\t\t\t<\/div>\n\t\t\t\t\t<\/div>\n\t\t","protected":false},"excerpt":{"rendered":"<p>Vanusa da Silva Ceolin &nbsp; PARTIDO: PP EMAIL: TELEFONE:DESCRI\u00c7\u00c3O: Nascida em 25 de Julho de 1986, filha de Juv\u00eancio Gon\u00e7alves da Silva e Maria de Lourdes Santos da Silva. Natural da localidade de Linha S\u00e3o Marcos, interior de Estrela Velha. \u00c9 casada com Luis Fernando Ceolin e possuem dois filhos, Murilo da Silva Ceolin e [&hellip;]<\/p>\n","protected":false},"author":2,"featured_media":0,"parent":0,"menu_order":0,"comment_status":"closed","ping_status":"closed","template":"","meta":{"episode_type":"","audio_file":"","duration":"","filesize":"","date_recorded":"","explicit":"","block":"","filesize_raw":""},"_links":{"self":[{"href":"https:\/\/www.camaraestrelavelha.rs.gov.br\/portal\/wp-json\/wp\/v2\/pages\/9440"}],"collection":[{"href":"https:\/\/www.camaraestrelavelha.rs.gov.br\/portal\/wp-json\/wp\/v2\/pages"}],"about":[{"href":"https:\/\/www.camaraestrelavelha.rs.gov.br\/portal\/wp-json\/wp\/v2\/types\/page"}],"author":[{"embeddable":true,"href":"https:\/\/www.camaraestrelavelha.rs.gov.br\/portal\/wp-json\/wp\/v2\/users\/2"}],"replies":[{"embeddable":true,"href":"https:\/\/www.camaraestrelavelha.rs.gov.br\/portal\/wp-json\/wp\/v2\/comments?post=9440"}],"version-history":[{"count":13,"href":"https:\/\/www.camaraestrelavelha.rs.gov.br\/portal\/wp-json\/wp\/v2\/pages\/9440\/revisions"}],"predecessor-version":[{"id":10675,"href":"https:\/\/www.camaraestrelavelha.rs.gov.br\/portal\/wp-json\/wp\/v2\/pages\/9440\/revisions\/10675"}],"wp:attachment":[{"href":"https:\/\/www.camaraestrelavelha.rs.gov.br\/portal\/wp-json\/wp\/v2\/media?parent=9440"}],"curies":[{"name":"wp","href":"https:\/\/api.w.org\/{rel}","templated":true}]}}